{"id":1003,"date":"2018-11-19T12:02:50","date_gmt":"2018-11-19T11:02:50","guid":{"rendered":"https:\/\/dekanatfakultaet3.wiwi.uni-siegen.de\/faq\/?page_id=1003"},"modified":"2026-04-02T11:58:56","modified_gmt":"2026-04-02T09:58:56","slug":"bewerbungsverfahren","status":"publish","type":"page","link":"https:\/\/pafak3.wiwi.uni-siegen.de\/info\/studieninteressierte\/masterstudium\/bewerbungsverfahren\/","title":{"rendered":"Bewerbungsverfahren"},"content":{"rendered":"<h1 class=\"title\">Bewerbungsverfahren f\u00fcr Masterstudieng\u00e4nge f\u00fcr das Wintersemester 2026\/2027<\/h1>\n<h3>Gilt ausschlie\u00dflich f\u00fcr folgende Masterstudieng\u00e4nge:<\/h3>\n<ul>\n<li>Accounting, Auditing and Taxation (AAT)<\/li>\n<li>Business Analytics (BuA)<\/li>\n<li>Controlling und Risikomanagement (CRM)<\/li>\n<li>Entrepreneurship and SME Management (SME)<\/li>\n<li>Management und M\u00e4rkte (MM)<\/li>\n<li>Wirtschaftsinformatik (WInf)<\/li>\n<\/ul>\n<p><span style=\"color: #ab0a0a;\"><strong>Bitte beachten Sie, dass die Lehrsprache in den oben genannten Studieng\u00e4ngen zum gro\u00dfen Teil <em>Deutsch <\/em>ist.\u00a0 Daher sind f\u00fcr diese Studieng\u00e4nge entsprechende Kenntnisse der deutschen Sprache erforderlich, die durch eine Schulbildung an einer deutschsprachigen Schule oder durch eine spezielle Sprachpr\u00fcfung (DSH-2 oder eine vergleichbare Pr\u00fcfung) nachgewiesen werden m\u00fcssen.<\/strong><\/span><\/p>\n<p><strong><span style=\"color: #ab0a0a;\">The teaching language in the degree programmes mentioned above is largely German. Therefore, appropriate knowledge of the German language is required for these degree programmes. This must be proven by a school education at a German-speaking school or a special language examination (DSH-2 or a comparable examination). This does not apply to the <em>Economic Policy<\/em> and <em>Human Computer Interaction<\/em> degree programmes.<\/span>\u00a0<\/strong><\/p>\n<p>(<a href=\"https:\/\/pafak3.wiwi.uni-siegen.de\/info\/studieninteressierte\/masterstudium\/\" target=\"_blank\" rel=\"noopener noreferrer\">Links zur Bewerbung f\u00fcr die Masterstudieng\u00e4nge <em>Deutsches und Europ\u00e4isches Wirtschaftsrecht<\/em>, <em>Economic Policy<\/em> und <em>Human Computer Interaction<\/em>)<\/a><\/p>\n<hr \/>\n<h3>Allgemeine Beschreibung<\/h3>\n<p>Die Bewerbung f\u00fcr die oben genannte Studieng\u00e4nge erfolgt papierlos \u00fcber das Portal <em>unisono<\/em>. Bitte schicken Sie keine Bewerbungsunterlagen in Papierform, die Bewerbungsunterlagen werden im Bewerbungsportal an den dort angegebenen Stellen hochgeladen. (Ggf. m\u00fcssen Sie dann sp\u00e4ter zur Einschreibung Dokumente in Papierform vorlegen.) Der Bewerbungsprozess sollte selbsterkl\u00e4rend sein, wenn Sie die nachfolgenden Hinweise beachten. Sollten sich dennoch Probleme ergeben, dann schicken Sie Fragen, die das Bewerbungsportal (unisono) betreffen, an <a href=\"mailto:unisono-Support@zv.uni-siegen.de\">unisono-Support@zv.uni-siegen.de<\/a>; bei anderen Fragen wenden Sie sich bitte an <a href=\"mailto:pruefungsamt@wiwi.uni-siegen.de\">pruefungsamt@wiwi.uni-siegen.de<\/a>.<\/p>\n<p><strong>Bitte beachten Sie die jeweiligen <a href=\"https:\/\/pafak3.wiwi.uni-siegen.de\/info\/studieninteressierte\/masterstudium\/zugangsvoraussetzungen\/\" target=\"_blank\" rel=\"noopener noreferrer\">Zugangsvoraussetzungen<\/a>.<\/strong><\/p>\n<p>Die Bewerbung f\u00fcr das Wintersemester 2026\/2027 ist ab 01. April 2026 bis zum 30. September 2026 m\u00f6glich. Auch wenn die Einschreibung selbst noch nicht sofort erfolgen kann, empfehlen wir eine fr\u00fchzeitige Bewerbung: Je fr\u00fcher die Bewerbung erfolgt, desto fr\u00fcher kann auch eine Entscheidung erfolgen und mitgeteilt werden. Zur Bewerbung klicken Sie bitte <span style=\"color: #990b0b;\"><strong><a style=\"color: #990b0b;\" href=\"https:\/\/unisono.uni-siegen.de\/qisserver\/pages\/cs\/sys\/portal\/subMenu.faces?navigationPosition=hisinoneapp_studi_no_login\" target=\"_blank\" rel=\"noopener noreferrer\">hier<\/a><\/strong><\/span> oder w\u00e4hlen auf der <a href=\"https:\/\/unisono.uni-siegen.de\" target=\"_blank\" rel=\"noopener noreferrer\"><span style=\"color: #990b0b;\"><strong>unisono-Seite<\/strong><\/span><\/a> den Reiter &#8222;Bewerbung&#8220;. (Falls eine Fehlermeldung &#8222;Es k\u00f6nnen keine Inhalte dargestellt werden&#8220; erscheint oder der Reiter &#8222;Bewerbung&#8220; nicht angezeigt wird, dann sind Sie m\u00f6glicherweise unter einen falschen Rolle in unisono angemeldet und m\u00fcssen sich zun\u00e4chst aus unisono ausloggen.)<\/p>\n<p>Zun\u00e4chst (&#8222;Registrierung&#8220;) legen Sie einen pers\u00f6nlichen Bewerber-Account in <em>unisono<\/em> an. (Falls Sie sich bereits in einem fr\u00fcher Semester beworben hatten, dann k\u00f6nnen Sie ggf. diesen Account wieder verwenden, sofern der Account noch aktiv ist; im Falle, dass Sie bereits als Studierender an der Universit\u00e4t Siegen eingeschrieben sind, m\u00fcssen Sie den Studierenden-Account benutzen.) Das Passwort f\u00fcr den <em>unisono<\/em>-Zugang legen Sie selbst fest, die Benutzerkennung wird Ihnen nach Abschluss der Registrierung per E-Mail mitgeteilt; bitte beachten Sie, dass Sie den Erhalt dieser E-Mail best\u00e4tigen m\u00fcssen. Bitte notieren Sie die Zugangsdaten und verwahren diese sicher auf; mit diesen Daten loggen Sie sich sp\u00e4ter in <em>unisono<\/em> ein, um die Bewerbung zu starten, den Status der Bewerbung zu \u00fcberpr\u00fcfen, etc.<\/p>\n<p>Nach dem Login in <em>unisono<\/em> mit den Zugangsdaten aus der Registrierung\u00a0 erfolgt dann\u00a0 die eigentliche Bewerbung f\u00fcr den gew\u00fcnschten Studiengang. Klicken Sie hierzu auf &#8222;Bewerbung starten&#8220;, w\u00e4hlen das &#8222;Wintersemester 2026&#8220; aus, klicken wiederum auf &#8222;Bewerbung starten&#8220; und auf &#8222;Antrag abgeben\/hinzuf\u00fcgen&#8220;. (Sp\u00e4ter k\u00f6nnen Sie an dieser Stelle einen vorhandenen Antrag korrigieren, zus\u00e4tzliche Dokumente hochladen, etc.) W\u00e4hlen Sie zun\u00e4chst den Abschluss &#8222;Master&#8220; und dann das gew\u00fcnschte Studienfach aus. In den Feldern, die daraufhin angezeigt werden, brauchen bzw. k\u00f6nnen Sie keine weiteren Eintr\u00e4ge vornehmen; klicken Sie stattdessen auf &#8222;Weiter&#8220;. Im nachfolgenden Fenster machen Sie bitte ein paar Angaben zu Ihrem vorherigen Studium (Studienfach, Art des Abschlusses, Hochschule, (vorl\u00e4ufige) Note). In den nachfolgenden Fenstern m\u00fcssen Sie Nachweise \u00fcber Ihre Englisch-Kenntnisse und \u00fcber Ihr vorheriges Studium hochladen (vgl. unten). Wie \u00fcblich, sind die Pflichtfelder mit einem &#8222;*&#8220; gekennzeichnet. (Hinweis: Die Bewerbung muss nicht notwendigerweise in einem Schritt erfolgen; Sie k\u00f6nnen sich sp\u00e4ter erneut einloggen und Angaben erg\u00e4nzen, zus\u00e4tzliche Dokumente hochladen etc.)<\/p>\n<p><strong>Unterlagen, die hochgeladen werden m\u00fcssen<br \/>\n<\/strong><\/p>\n<ul>\n<li>Abschlusszeugnis (bei abgeschlossenen Studium) bzw. aktuelle Leistungs\u00fcbersicht (bei noch nicht abgeschlossenem Studium)<br \/>\nImmer erforderlich.<br \/>\nDie Unterlagen m\u00fcssen eine (ggf. vorl\u00e4ufige) Gesamtnote sowie Noten und Leistungspunkte der einzelnen Module bzw. F\u00e4cher enthalten. Ist in der Leistungs\u00fcbersicht oder im Zeugnis keine Gesamtnote angegeben, dann ist eine separate Bescheinigung mit der Gesamtnote beizulegen. Enth\u00e4lt das Abschlusszeugnis keine Informationen \u00fcber die einzelnen Module (F\u00e4cher) des Studienganges, dann ist eine separate Leistungs\u00fcbersicht mit den einzelnen Modulen (F\u00e4chern) beizuf\u00fcgen.<\/li>\n<\/ul>\n<ul>\n<li>Nachweis \u00fcber Kenntnisse der englischen Sprache (Details s. <a href=\"https:\/\/pafak3.wiwi.uni-siegen.de\/info\/studieninteressierte\/masterstudium\/zugangsvoraussetzungen\/\" target=\"_blank\" rel=\"noopener noreferrer\">Zugangsvoraussetzungen<\/a>).<\/li>\n<li>Motivationsschreiben<br \/>\nNicht erforderlich im Falle einer\u00a0 Bewerbung f\u00fcr <em>Entrepreneurship and SME Management<\/em>.<br \/>\nDas Motivationsschreiben soll einen Umfang von 2 Seiten (3.000 Zeichen) nicht \u00fcberschreiten. Darin sind strukturiert insbesondere darzustellen:<br \/>\n&#8211; Erwartungen an das Studium,<br \/>\n&#8211; Erwartungen an die eigene berufliche Entwicklung,<br \/>\n&#8211; im Falle einer Bewerbung f\u00fcr den Masterstudiengang <em>Plurale \u00d6konomik<\/em> ist der gew\u00fcnschte Schwerpunkt anzugeben.<\/li>\n<li>Nachweis \u00fcber Kenntnisse der deutsche Sprache<br \/>\nNur erforderlich, wenn die erste <em>Hochschulzugangsberechtigung<\/em> (vergleichbar mit\u00a0 Abitur oder Fachhochschulreife) nicht an einer deutschen Schule erworben wurde.<br \/>\nBen\u00f6tigt wird die DSH-Pr\u00fcfung Stufe 2 oder eine vergleichbare Pr\u00fcfung.<\/li>\n<li>anabin-Ausdruck \u00fcber die Hochschule, an welcher der Bachelorabschluss (oder vergleichbarer Abschluss) erreicht wurde<br \/>\nNur erforderlich, falls der Abschluss an einer Hochschule im Ausland erzielt wurde.<br \/>\n(Bitte w\u00e4hlen Sie in der <a class=\" cd_extlink\" href=\"http:\/\/anabin.kmk.org\/no_cache\/filter\/institutionen.html\" target=\"_blank\" rel=\"noopener noreferrer\">anabin-Datenbank<\/a>\u00a0 zun\u00e4chst &#8222;Institutionen&#8220; und &#8222;Suchen&#8220; dann Ihre Hochschule; drucken Sie bitte die Informationen aus und legen diese Ihrer Bewerbung bei.<\/li>\n<li>Best\u00e4tigung der Heimathochschule, dass das Studium voraussichtlich im laufenden Semester abgeschlossen wird<br \/>\nNur erfordelich, wenn das Bachelorstudium o.\u00e4. noch nicht abgeschlossen ist und noch mehr als 40 Leistungspunkte zum Abschluss fehlen.<\/li>\n<\/ul>\n<h3>Bewerbung bei noch nicht abgeschlossenem Bachelorstudium<\/h3>\n<ul>\n<li>Wenn die Bewerbung um einen Studienplatz auf der Grundlage eines noch nicht erfolgreich abgeschlossenen Bachelorstudiums erfolgt, dann muss statt des Abschlusszeugnisses eine aktuelle Leistungs\u00fcbersicht hochgeladen werden; entweder muss diese Leistungs\u00fcbersicht eine vorl\u00e4ufige Gesamtnote enthalten, oder die Leistungs\u00fcbersicht muss um eine separate Bescheinigung \u00fcber die vorl\u00e4ufige Gesamtnote erg\u00e4nzt werden.<\/li>\n<li>Fehlen zum Zeitpunkt der Bewerbung mehr als 40 Leistungs- bzw. Kreditpunkte (gem\u00e4\u00df ECTS) zum Abschluss des Studiums, dann ist der Bewerbung eine Prognose der Heimathochschule beizuf\u00fcgen, dass der Abschluss im Sommsemester 2026 erzielt werden kann; andernfalls wird davon ausgegangen, dass ein Abschluss im Sommersemester 2026 nicht mehr m\u00f6glich ist, und die Bewerbung wird nicht weiter ber\u00fccksichtigt.<\/li>\n<li>Ist das Studium noch nicht abgeschlossen, dann erfolgt gegebenenfalls eine vorl\u00e4ufige und bedingte Zulassung zum Masterstudium an der Universit\u00e4t Siegen; eine sp\u00e4tere endg\u00fcltige Zulassung f\u00fcr das Wintersemester 2026\/2027 kann aber nur dann erfolgen, wenn das Studium im Laufe des Sommersemester 2026 abgeschlossen wird. (In der Regel gilt der Tag, an dem die letzte Pr\u00fcfung des Studiums abgelegt wird; ist die Bachelorarbeit die letzte Leistung, dann gilt in der Regel der Tag der Abgabe der Bachelorarbeit.)<\/li>\n<\/ul>\n","protected":false},"excerpt":{"rendered":"<p>Bewerbungsverfahren f\u00fcr Masterstudieng\u00e4nge f\u00fcr das Wintersemester 2026\/2027 Gilt ausschlie\u00dflich f\u00fcr folgende Masterstudieng\u00e4nge: Accounting, Auditing and Taxation (AAT) Business Analytics (BuA) Controlling und Risikomanagement (CRM) Entrepreneurship and SME Management (SME) Management und M\u00e4rkte (MM) Wirtschaftsinformatik (WInf) Bitte beachten Sie, dass die Lehrsprache in den oben genannten Studieng\u00e4ngen zum gro\u00dfen Teil Deutsch ist.\u00a0 Daher sind f\u00fcr diese [&hellip;]<\/p>\n","protected":false},"author":2,"featured_media":0,"parent":218,"menu_order":2,"comment_status":"closed","ping_status":"closed","template":"","meta":{"footnotes":""},"class_list":["post-1003","page","type-page","status-publish","hentry"],"_links":{"self":[{"href":"https:\/\/pafak3.wiwi.uni-siegen.de\/info\/wp-json\/wp\/v2\/pages\/1003","targetHints":{"allow":["GET"]}}],"collection":[{"href":"https:\/\/pafak3.wiwi.uni-siegen.de\/info\/wp-json\/wp\/v2\/pages"}],"about":[{"href":"https:\/\/pafak3.wiwi.uni-siegen.de\/info\/wp-json\/wp\/v2\/types\/page"}],"author":[{"embeddable":true,"href":"https:\/\/pafak3.wiwi.uni-siegen.de\/info\/wp-json\/wp\/v2\/users\/2"}],"replies":[{"embeddable":true,"href":"https:\/\/pafak3.wiwi.uni-siegen.de\/info\/wp-json\/wp\/v2\/comments?post=1003"}],"version-history":[{"count":106,"href":"https:\/\/pafak3.wiwi.uni-siegen.de\/info\/wp-json\/wp\/v2\/pages\/1003\/revisions"}],"predecessor-version":[{"id":6108,"href":"https:\/\/pafak3.wiwi.uni-siegen.de\/info\/wp-json\/wp\/v2\/pages\/1003\/revisions\/6108"}],"up":[{"embeddable":true,"href":"https:\/\/pafak3.wiwi.uni-siegen.de\/info\/wp-json\/wp\/v2\/pages\/218"}],"wp:attachment":[{"href":"https:\/\/pafak3.wiwi.uni-siegen.de\/info\/wp-json\/wp\/v2\/media?parent=1003"}],"curies":[{"name":"wp","href":"https:\/\/api.w.org\/{rel}","templated":true}]}}