{"id":119,"date":"2018-10-30T09:18:38","date_gmt":"2018-10-30T08:18:38","guid":{"rendered":"https:\/\/dekanatfakultaet3.wiwi.uni-siegen.de\/faq\/?page_id=119"},"modified":"2025-09-29T17:42:50","modified_gmt":"2025-09-29T15:42:50","slug":"studiengaenge","status":"publish","type":"page","link":"https:\/\/pafak3.wiwi.uni-siegen.de\/info\/studiengaenge\/","title":{"rendered":"Studieng\u00e4nge"},"content":{"rendered":"<h1 class=\"title\">Studieng\u00e4nge des Pr\u00fcfungsamtes der Fakult\u00e4t III<\/h1>\n<p>Die Regularien f\u00fcr das Studium werden durch eine hochschulweit geltende Rahmenpr\u00fcfungordnung &#8211; Rahmenpr\u00fcfungsordnung\u00a0 f\u00fcr Bachelorstudieng\u00e4nge (RPO-B) oder Rahmenpr\u00fcfungsordnung\u00a0 f\u00fcr Masterstudieng\u00e4nge (RPO-M) &#8211; in Verbindung mit einer spezifischen Fachpr\u00fcfungsordnung (FPO) f\u00fcr den jeweiligen Studiengang festgelegt; die Fachpr\u00fcfungsordnungen enthalten als Anlage auch die jeweiligen Modulbeschreibungen. (Sofern ein Modul aus einem anderen Studiengang importiert wird, dann wird auf die Modulbeschreibung in der Fachpr\u00fcfungsordnung desjenigen Studienganges verwiesen, aus dem das Modul urspr\u00fcnglich stammt.)<\/p>\n<p>W\u00e4hlen Sie Ihren Studiengang aus, um Informationen zu Pr\u00fcfungsordnungen, Modulhandb\u00fccher, Formularen etc. zu erhalten.<\/p>\n<h2>Bachelor Studieng\u00e4nge<\/h2>\n<hr \/>\n<p><a href=\"https:\/\/pafak3.wiwi.uni-siegen.de\/info\/wp-content\/uploads\/Studiengang\/MH_und_PO\/rpo-b_lesefassung.pdf\" class=\"mtli_attachment mtli_pdf\" target=\"_blank\" rel=\"noopener\">(nichtamtliche) Lesefassung der Rahmenpr\u00fcfungsordnung\u00a0 f\u00fcr das Bachelorstudium (RPO-B)<\/a> (bis einschlie\u00dflich 4. \u00c4nderungsordnung)<\/p>\n<ul>\n<li><a href=\"https:\/\/pafak3.wiwi.uni-siegen.de\/info\/studiengaenge\/bachelor\/bwl\/\">Betriebswirtschaftslehre (BWL)<\/a><\/li>\n<li><a href=\"https:\/\/pafak3.wiwi.uni-siegen.de\/info\/bachelor\/wr\/\">Deutsches und Europ\u00e4isches Wirtschaftsrecht (DEWR)<\/a><\/li>\n<li><a href=\"https:\/\/pafak3.wiwi.uni-siegen.de\/info\/studiengaenge\/bachelor\/vwl\/\">Volkswirtschaftslehre (VWL)<\/a><\/li>\n<li><a href=\"https:\/\/pafak3.wiwi.uni-siegen.de\/info\/bachelor\/winf\/\">Wirtschaftsinformatik (WInf)<\/a><\/li>\n<\/ul>\n<p>&nbsp;<\/p>\n<h2>Master Studieng\u00e4nge<\/h2>\n<hr \/>\n<p><a href=\"https:\/\/pafak3.wiwi.uni-siegen.de\/info\/wp-content\/uploads\/Studiengang\/MH_und_PO\/rpo-m_lesefassung.pdf\" class=\"mtli_attachment mtli_pdf\" target=\"_blank\" rel=\"noopener\">(nichtamtliche) Lesefassung der Rahmenpr\u00fcfungsordnung\u00a0 f\u00fcr das Masterstudium (RPO-M)<\/a> (bis einschlie\u00dflich 4. \u00c4nderungsordnung)<\/p>\n<ul>\n<li class=\"title\"><a href=\"https:\/\/pafak3.wiwi.uni-siegen.de\/info\/studiengaenge\/master\/aat\/\">Accounting, Auditing and Taxation (AAT)<\/a><\/li>\n<li><a href=\"https:\/\/pafak3.wiwi.uni-siegen.de\/info\/studiengaenge\/master\/bua\/\" target=\"_blank\" rel=\"noopener noreferrer\">Business Analytics (BuA)<\/a><\/li>\n<li class=\"title\"><a href=\"https:\/\/pafak3.wiwi.uni-siegen.de\/info\/studiengaenge\/master\/crm\/\">Controlling und Risikomanagement (CRM)<\/a><\/li>\n<li><a href=\"https:\/\/pafak3.wiwi.uni-siegen.de\/info\/studiengaenge\/master\/mawr\/\">Deutsches und Europ\u00e4isches Wirtschaftsrecht (DEWR)<\/a><\/li>\n<li><a href=\"https:\/\/pafak3.wiwi.uni-siegen.de\/info\/studiengaenge\/master\/ep\/\">Economic Policy (EP)<\/a><\/li>\n<li><a href=\"https:\/\/pafak3.wiwi.uni-siegen.de\/info\/studiengaenge\/master\/sme\/\">Entrepreneurship and SME Management (SME)<\/a><\/li>\n<li class=\"title\"><a href=\"https:\/\/pafak3.wiwi.uni-siegen.de\/info\/studiengaenge\/master\/hci\/\/\">Human Computer Interaction (HCI)<\/a><\/li>\n<li class=\"title\"><a href=\"https:\/\/pafak3.wiwi.uni-siegen.de\/info\/studiengaenge\/master\/mm\/\">Management und M\u00e4rkte (MM)<\/a><\/li>\n<li class=\"title\"><a href=\"https:\/\/pafak3.wiwi.uni-siegen.de\/info\/studiengaenge\/master\/ploek\/\">Plurale \u00d6konomik (Pl\u00d6k)<\/a><\/li>\n<li class=\"title\"><a href=\"https:\/\/pafak3.wiwi.uni-siegen.de\/info\/studiengaenge\/master\/mawinf\/\">Wirtschaftsinformatik (WInf)<\/a><\/li>\n<\/ul>\n","protected":false},"excerpt":{"rendered":"<p>Studieng\u00e4nge des Pr\u00fcfungsamtes der Fakult\u00e4t III Die Regularien f\u00fcr das Studium werden durch eine hochschulweit geltende Rahmenpr\u00fcfungordnung &#8211; Rahmenpr\u00fcfungsordnung\u00a0 f\u00fcr Bachelorstudieng\u00e4nge (RPO-B) oder Rahmenpr\u00fcfungsordnung\u00a0 f\u00fcr Masterstudieng\u00e4nge (RPO-M) &#8211; in Verbindung mit einer spezifischen Fachpr\u00fcfungsordnung (FPO) f\u00fcr den jeweiligen Studiengang festgelegt; die Fachpr\u00fcfungsordnungen enthalten als Anlage auch die jeweiligen Modulbeschreibungen. (Sofern ein Modul aus einem anderen [&hellip;]<\/p>\n","protected":false},"author":2,"featured_media":0,"parent":0,"menu_order":9,"comment_status":"closed","ping_status":"closed","template":"","meta":{"footnotes":""},"class_list":["post-119","page","type-page","status-publish","hentry"],"_links":{"self":[{"href":"https:\/\/pafak3.wiwi.uni-siegen.de\/info\/wp-json\/wp\/v2\/pages\/119","targetHints":{"allow":["GET"]}}],"collection":[{"href":"https:\/\/pafak3.wiwi.uni-siegen.de\/info\/wp-json\/wp\/v2\/pages"}],"about":[{"href":"https:\/\/pafak3.wiwi.uni-siegen.de\/info\/wp-json\/wp\/v2\/types\/page"}],"author":[{"embeddable":true,"href":"https:\/\/pafak3.wiwi.uni-siegen.de\/info\/wp-json\/wp\/v2\/users\/2"}],"replies":[{"embeddable":true,"href":"https:\/\/pafak3.wiwi.uni-siegen.de\/info\/wp-json\/wp\/v2\/comments?post=119"}],"version-history":[{"count":42,"href":"https:\/\/pafak3.wiwi.uni-siegen.de\/info\/wp-json\/wp\/v2\/pages\/119\/revisions"}],"predecessor-version":[{"id":5845,"href":"https:\/\/pafak3.wiwi.uni-siegen.de\/info\/wp-json\/wp\/v2\/pages\/119\/revisions\/5845"}],"wp:attachment":[{"href":"https:\/\/pafak3.wiwi.uni-siegen.de\/info\/wp-json\/wp\/v2\/media?parent=119"}],"curies":[{"name":"wp","href":"https:\/\/api.w.org\/{rel}","templated":true}]}}