{"id":122,"date":"2018-10-30T09:21:18","date_gmt":"2018-10-30T08:21:18","guid":{"rendered":"https:\/\/dekanatfakultaet3.wiwi.uni-siegen.de\/faq\/?page_id=122"},"modified":"2023-10-27T16:48:54","modified_gmt":"2023-10-27T14:48:54","slug":"bachelor","status":"publish","type":"page","link":"https:\/\/pafak3.wiwi.uni-siegen.de\/info\/studiengaenge\/bachelor\/","title":{"rendered":"Bachelor"},"content":{"rendered":"<h1 class=\"title\">Bachelor Studieng\u00e4nge<\/h1>\n<h3>Informationen f\u00fcr Studienanf\u00e4nger<\/h3>\n<p>Die nachfolgenden Information betreffen die Bachelorstudieng\u00e4nge<\/p>\n<ul>\n<li>Betriebswirtschaftslehre<\/li>\n<li>Volkswirtschaftslehre<\/li>\n<li>Wirtschaftsinformatik<\/li>\n<li>Wirtschaftsrecht<\/li>\n<\/ul>\n<p>Nach der Einschreibung, die beim Studierendensekretariat bzw. International Student Affairs erfolgt, ist beim Pr\u00fcfungsamt der\u00a0Antrag auf Zulassung zur Bachelorpr\u00fcfung\u00a0 <a href=\"https:\/\/pafak3.wiwi.uni-siegen.de\/info\/wp-content\/uploads\/Studienanfaenger\/Zulassungsantrag_Bachelor.pdf\" class=\"mtli_attachment mtli_pdf\">Zulassungsantrag_Bachelor<\/a> zu stellen. Das Antragsformular ist auch im Pr\u00fcfungsamt erh\u00e4ltlich. Im Bachelorstudiengang ist nur der Antrag auf Zulassung abzugeben. Erst nach Abgabe dieses Antrages ist eine Anmeldung f\u00fcr die einzelnen Pr\u00fcfungen zul\u00e4ssig bzw. m\u00f6glich.<\/p>\n<p>Die Anmeldungen zu den einzelnen Pr\u00fcfungen erfolgt grunds\u00e4tzlich online \u00fcber Unisono, das Campusmanagement-System der Universit\u00e4t Siegen, Erl\u00e4uterungen hierzu finden sich unter Online An-\/Abmeldung unter Unisono. Einen Rahmenterminplan f\u00fcr die Pr\u00fcfungen wird zu Beginn des Semesters unter <a class=\" cd_intlink\" href=\"https:\/\/pafak3.wiwi.uni-siegen.de\/info\/pruefungen\/termine\/\">Allgemeine Terminplanung<\/a>, die Termine f\u00fcr die einzelnen Pr\u00fcfungen werden im Laufe des Semesters unter <a class=\" cd_intlink\" href=\"https:\/\/pafak3.wiwi.uni-siegen.de\/info\/pruefungen\/pruefungstermine\/\">Pr\u00fcfungstermine<\/a> bekanntgegeben. Bitte beachten Sie, dass die Anmeldung f\u00fcr den zweiten Pr\u00fcfungstermin in Abh\u00e4ngigkeit vom Pr\u00fcfungstag der Klausur des ersten Pr\u00fcfungstermins erfolgt.<\/p>\n<p>Unter Ihrem Studiengang finden Sie weitere Informationen, Modulhandb\u00fccher und wichtige Formulare, die f\u00fcr Ihren efolgreichen Studienweg wichtig sind.<\/p>\n","protected":false},"excerpt":{"rendered":"<p>Bachelor Studieng\u00e4nge Informationen f\u00fcr Studienanf\u00e4nger Die nachfolgenden Information betreffen die Bachelorstudieng\u00e4nge Betriebswirtschaftslehre Volkswirtschaftslehre Wirtschaftsinformatik Wirtschaftsrecht Nach der Einschreibung, die beim Studierendensekretariat bzw. International Student Affairs erfolgt, ist beim Pr\u00fcfungsamt der\u00a0Antrag auf Zulassung zur Bachelorpr\u00fcfung\u00a0 Zulassungsantrag_Bachelor zu stellen. Das Antragsformular ist auch im Pr\u00fcfungsamt erh\u00e4ltlich. Im Bachelorstudiengang ist nur der Antrag auf Zulassung abzugeben. Erst nach [&hellip;]<\/p>\n","protected":false},"author":2,"featured_media":0,"parent":119,"menu_order":1,"comment_status":"closed","ping_status":"closed","template":"","meta":{"footnotes":""},"class_list":["post-122","page","type-page","status-publish","hentry"],"_links":{"self":[{"href":"https:\/\/pafak3.wiwi.uni-siegen.de\/info\/wp-json\/wp\/v2\/pages\/122","targetHints":{"allow":["GET"]}}],"collection":[{"href":"https:\/\/pafak3.wiwi.uni-siegen.de\/info\/wp-json\/wp\/v2\/pages"}],"about":[{"href":"https:\/\/pafak3.wiwi.uni-siegen.de\/info\/wp-json\/wp\/v2\/types\/page"}],"author":[{"embeddable":true,"href":"https:\/\/pafak3.wiwi.uni-siegen.de\/info\/wp-json\/wp\/v2\/users\/2"}],"replies":[{"embeddable":true,"href":"https:\/\/pafak3.wiwi.uni-siegen.de\/info\/wp-json\/wp\/v2\/comments?post=122"}],"version-history":[{"count":13,"href":"https:\/\/pafak3.wiwi.uni-siegen.de\/info\/wp-json\/wp\/v2\/pages\/122\/revisions"}],"predecessor-version":[{"id":4920,"href":"https:\/\/pafak3.wiwi.uni-siegen.de\/info\/wp-json\/wp\/v2\/pages\/122\/revisions\/4920"}],"up":[{"embeddable":true,"href":"https:\/\/pafak3.wiwi.uni-siegen.de\/info\/wp-json\/wp\/v2\/pages\/119"}],"wp:attachment":[{"href":"https:\/\/pafak3.wiwi.uni-siegen.de\/info\/wp-json\/wp\/v2\/media?parent=122"}],"curies":[{"name":"wp","href":"https:\/\/api.w.org\/{rel}","templated":true}]}}