{"id":127,"date":"2018-10-30T09:31:16","date_gmt":"2018-10-30T08:31:16","guid":{"rendered":"https:\/\/dekanatfakultaet3.wiwi.uni-siegen.de\/faq\/?page_id=127"},"modified":"2026-03-09T16:35:50","modified_gmt":"2026-03-09T15:35:50","slug":"bwl","status":"publish","type":"page","link":"https:\/\/pafak3.wiwi.uni-siegen.de\/info\/studiengaenge\/bachelor\/bwl\/","title":{"rendered":"BWL"},"content":{"rendered":"<h1 class=\"title\">Bachelor-Studiengang Betriebswirtschaftslehre<\/h1>\n<p>In diesem Bereich stehen Informationen zum Studienaufbau und zur Studienplanung des Bachelorstudiengangs Betriebswirtschaftslehre. Sie finden<\/p>\n<ul>\n<li>Modulhandb\u00fccher und Pr\u00fcfungsordnungen zum Studiengang.<\/li>\n<li>Studiengangs\u00fcbersichten und weitere Informationen.<\/li>\n<li>Wichtige Formulare f\u00fcr Anmeldung zur Abschlussarbeit, Anmeldungen und Abmeldungen von Pr\u00fcfungen, etc.<\/li>\n<li>Formulare speziell f\u00fcr den Studiengang Betriebswirtschaftslehre.<\/li>\n<li>Antrag auf Anrechnung von Pr\u00fcfungsleistungen.<\/li>\n<li>Spezielle Regularien und Informationen zu einzelnen Modulen.<\/li>\n<\/ul>\n<p style=\"text-align: left;\">Weitere inhaltliche Informationen \u00fcber die Studieng\u00e4nge finden Sie auf den Seiten der Fakult\u00e4t (<a href=\"https:\/\/www.wiwi.uni-siegen.de\/dekanat\/studium\">hier<\/a>).<\/p>\n<p><strong><span style=\"color: #bd0909;\">Die Version 2019 des Bachelorstudienganges Betriebswirtschaftslehre l\u00e4uft im Sommersemester 2029 aus.<\/span><\/strong><\/p>\n<div class=\"su-spoiler su-spoiler-style-fancy su-spoiler-icon-folder-1 su-spoiler-closed\" data-scroll-offset=\"0\" data-anchor-in-url=\"no\"><div class=\"su-spoiler-title\" tabindex=\"0\" role=\"button\"><span class=\"su-spoiler-icon\"><\/span>Pr\u00fcfungsordnungen\/Studiengang\u00fcbersichten<\/div><div class=\"su-spoiler-content su-u-clearfix su-u-trim\">\n<h2>Version 2026-1<\/h2>\n<p>Gilt f\u00fcr Neu-\/Wiedereinschreibungen ab dem Sommersemester 2026 (sowie f\u00fcr Wechsler von der Version 2019-1 in die Version 2026-1).<\/p>\n<table>\n<tbody>\n<tr>\n<th>Pr\u00fcfungsordnungen<\/th>\n<th>Studiengang\u00fcbersicht<\/th>\n<\/tr>\n<tr>\n<td><a href=\"https:\/\/pafak3.wiwi.uni-siegen.de\/info\/wp-content\/uploads\/Studiengang\/MH_und_PO\/bwl-bsc-2026_po.pdf\" class=\"mtli_attachment mtli_pdf\" target=\"_blank\" rel=\"noopener\">Pr\u00fcfungsordnung<\/a><\/td>\n<td style=\"text-align: center;\"><a href=\"https:\/\/pafak3.wiwi.uni-siegen.de\/info\/wp-content\/uploads\/Studiengang\/Studiengangsuebersichten\/bwl-bsc-2026.pdf\" class=\"mtli_attachment mtli_pdf\" target=\"_blank\" rel=\"noopener\">Studiengang\u00fcbersicht<\/a><\/td>\n<\/tr>\n<\/tbody>\n<\/table>\n<p>&nbsp;<\/p>\n<h2>Version 2019-1<\/h2>\n<p>Gilt f\u00fcr Studierende, die sich bis einschlie\u00dflich Wintersemester 2025\/26 eingeschrieben haben (und nicht in die Version 2026-1 gewechselt sind). Die nachfolgende Studiengang\u00fcbersicht &#8222;ab SoSe 26&#8220; gilt ab dem Sommersemester 2026 f\u00fcr ALLE Studierende, die in der Version 2019-1 eingeschrieben sind.<\/p>\n<table>\n<tbody>\n<tr>\n<th>Pr\u00fcfungsordnungen<\/th>\n<th>Studiengang\u00fcbersicht<\/th>\n<\/tr>\n<tr>\n<td><a href=\"https:\/\/pafak3.wiwi.uni-siegen.de\/info\/wp-content\/uploads\/Studiengang\/MH_und_PO\/bwl-bsc-2019_po.pdf\" class=\"mtli_attachment mtli_pdf\" target=\"_blank\" rel=\"noopener noreferrer\">Pr\u00fcfungsordnung<\/a><\/td>\n<td style=\"text-align: center;\"><a href=\"https:\/\/pafak3.wiwi.uni-siegen.de\/info\/wp-content\/uploads\/Studiengang\/Studiengangsuebersichten\/bwl-bsc-2019_ws25.pdf\" class=\"mtli_attachment mtli_pdf\" target=\"_blank\" rel=\"noopener\">Studiengang\u00fcbersicht<\/a> <span style=\"color: #ba0606;\"><strong>bis WiSe 2025\/26<\/strong><\/span><\/td>\n<\/tr>\n<tr>\n<td><a href=\"https:\/\/pafak3.wiwi.uni-siegen.de\/info\/wp-content\/uploads\/Studiengang\/MH_und_PO\/bwl-bsc-2019_aeo1.pdf\" class=\"mtli_attachment mtli_pdf\" target=\"_blank\" rel=\"noopener noreferrer\">1. \u00c4nderungsordnung<\/a><\/td>\n<td><a href=\"https:\/\/pafak3.wiwi.uni-siegen.de\/info\/wp-content\/uploads\/Studiengang\/Studiengangsuebersichten\/bwl-bsc-2019.pdf\" class=\"mtli_attachment mtli_pdf\" target=\"_blank\" rel=\"noopener noreferrer\">Studiengang\u00fcbersicht<\/a> <strong><span style=\"color: #ba0606;\">ab SoSe 2026<\/span><\/strong><\/td>\n<\/tr>\n<tr>\n<td><a href=\"https:\/\/pafak3.wiwi.uni-siegen.de\/info\/wp-content\/uploads\/Studiengang\/MH_und_PO\/bwl-bsc-2019_aeo2.pdf\" class=\"mtli_attachment mtli_pdf\" target=\"_blank\" rel=\"noopener noreferrer\">2. \u00c4nderungsordnung<\/a><\/td>\n<td><\/td>\n<\/tr>\n<tr>\n<td><a href=\"https:\/\/pafak3.wiwi.uni-siegen.de\/info\/wp-content\/uploads\/Studiengang\/MH_und_PO\/bwl-bsc-2019_aeo3.pdf\" class=\"mtli_attachment mtli_pdf\" target=\"_blank\" rel=\"noopener noreferrer\">3. \u00c4nderungsordnung<\/a><\/td>\n<td><\/td>\n<\/tr>\n<tr>\n<td><a href=\"https:\/\/pafak3.wiwi.uni-siegen.de\/info\/wp-content\/uploads\/Studiengang\/MH_und_PO\/bwl-bsc-2019_aeo4.pdf\" class=\"mtli_attachment mtli_pdf\" target=\"_blank\" rel=\"noopener noreferrer\">4. \u00c4nderungsordnung<\/a><\/td>\n<td><\/td>\n<\/tr>\n<tr>\n<td><a href=\"https:\/\/pafak3.wiwi.uni-siegen.de\/info\/wp-content\/uploads\/Studiengang\/MH_und_PO\/bwl-bsc-2019_aeo5.pdf\" class=\"mtli_attachment mtli_pdf\" target=\"_blank\" rel=\"noopener\">5. \u00c4nderungsordnung<\/a><br \/>\n(gilt ab 01.04.2026)<\/td>\n<td><\/td>\n<\/tr>\n<\/tbody>\n<\/table>\n<p><span style=\"color: #bf0634;\"><strong>Studierende k\u00f6nnen das Studium nach der Version 2019-1 noch bis zum 30.09.2029 abschlie\u00dfen.<\/strong><\/span> Es besteht, solange der Pr\u00fcfungsanspruch nicht verloren gegangen ist, auch die M\u00f6glichzeit zum Wechsel in die Version 2026-1 des Studienganges.<\/p>\n<p><a href=\"https:\/\/pafak3.wiwi.uni-siegen.de\/info\/wp-content\/uploads\/Studiengang\/Wechselformulare\/bwl-bsc-2019.pdf\" class=\"mtli_attachment mtli_pdf\" target=\"_blank\" rel=\"noopener\">Antragsformular zum Wechsel der Pr\u00fcfungsordnungsversion von 2019-1 nach 2026-1<\/a><\/p>\n<\/div><\/div>\n<div class=\"su-spoiler su-spoiler-style-fancy su-spoiler-icon-folder-1 su-spoiler-closed\" data-scroll-offset=\"0\" data-anchor-in-url=\"no\"><div class=\"su-spoiler-title\" tabindex=\"0\" role=\"button\"><span class=\"su-spoiler-icon\"><\/span>Seminare<\/div><div class=\"su-spoiler-content su-u-clearfix su-u-trim\">\n<p><a href=\"https:\/\/pafak3.wiwi.uni-siegen.de\/info\/pruefungen\/seminare\/\">Informationen zu Seminaren<\/a><\/p>\n<\/div><\/div>\n<div class=\"su-spoiler su-spoiler-style-fancy su-spoiler-icon-folder-1 su-spoiler-closed\" data-scroll-offset=\"0\" data-anchor-in-url=\"no\"><div class=\"su-spoiler-title\" tabindex=\"0\" role=\"button\"><span class=\"su-spoiler-icon\"><\/span>Allgemeine Formulare<\/div><div class=\"su-spoiler-content su-u-clearfix su-u-trim\">\n<ul>\n<li><div class='jtrt_table_MotherShipContainer'><div class='jtTableContainer jtrespo-scroll  ' ><div class='jtsettingcontainer' style='display:none;position:absolute;left:-9999px;'><textarea data-jtrt-table-id='1501' id='jtrt_table_settings_1501' cols='30' rows='10'>[[[\"Wichtige Formulare f\\u00fcr Ihr Studium:\"],[\"<a href=\\\"https:\\\/\\\/pafak3.wiwi.uni-siegen.de\\\/info\\\/wp-content\\\/uploads\\\/Studiengang\\\/Allgemein\\\/Antrag_auf_eine_Sonderpruefung.pdf\\\" target=\\\"_blank\\\" rel=\\\"noopener\\\">Antrag auf Zulassung zu einer Sonderpr\\u00fcfung<\\\/a>\"],[\"<a href=\\\"https:\\\/\\\/pafak3.wiwi.uni-siegen.de\\\/info\\\/wp-content\\\/uploads\\\/Studiengang\\\/Allgemein\\\/Anmeldung_zur_Sonderpruefung.pdf\\\" target=\\\"_blank\\\" rel=\\\"noopener\\\">Anmeldung zur Sonderpr\\u00fcfung<\\\/a>\"],[\"<a href=\\\"https:\\\/\\\/pafak3.wiwi.uni-siegen.de\\\/info\\\/wp-content\\\/uploads\\\/Studiengang\\\/Allgemein\\\/Zusatzleistung.pdf\\\" target=\\\"_blank\\\" rel=\\\"noopener\\\">Anmeldung zur Pr\\u00fcfung als Zusatzleistung<\\\/a>\"],[\"<a href=\\\"https:\\\/\\\/pafak3.wiwi.uni-siegen.de\\\/info\\\/wp-content\\\/uploads\\\/Studiengang\\\/Allgemein\\\/Antrag_MA_in_BA.pdf\\\" target=\\\"_blank\\\" rel=\\\"noopener\\\">Antrag auf Teilnahme an Masterklausuren im Bachelor-Studiengang<\\\/a>\"],[\"<a href=\\\"https:\\\/\\\/pafak3.wiwi.uni-siegen.de\\\/info\\\/wp-content\\\/uploads\\\/Studiengang\\\/Allgemein\\\/Gleichwertigkeitspruefung_VOR.pdf\\\" target=\\\"_blank\\\" rel=\\\"noopener\\\">Gleichwertigkeitspr\\u00fcfung VOR Erbringung der Pr\\u00fcfungsleistung<\\\/a>\"],[\"<a href=\\\"https:\\\/\\\/pafak3.wiwi.uni-siegen.de\\\/info\\\/wp-content\\\/uploads\\\/Studiengang\\\/Allgemein\\\/Protokoll_muendliche_Pruefung.pdf\\\" target=\\\"_blank\\\" rel=\\\"noopener\\\">Protokoll \\u00fcber die m\\u00fcndliche Pr\\u00fcfung<\\\/a>\"],[\"<a href=\\\"https:\\\/\\\/pafak3.wiwi.uni-siegen.de\\\/info\\\/wp-content\\\/uploads\\\/Studiengang\\\/Allgemein\\\/Anmeldung-zur-Abschlussarbeit_1.pdf\\\">Anmeldung zur Abschlussarbeit<\\\/a>\"],[\"<a href=\\\"https:\\\/\\\/pafak3.wiwi.uni-siegen.de\\\/info\\\/wp-content\\\/uploads\\\/Studiengang\\\/Allgemein\\\/Antrag_Verlaengerung-_BA-MA_Krankheit.pdf\\\" target=\\\"_blank\\\" rel=\\\"noopener\\\">Antrag auf Verl\\u00e4ngerung der Bearbeitungszeit der Bachelor-\\\/Masterarbeit wegen Krankheit<\\\/a>\"],[\"<a href=\\\"https:\\\/\\\/pafak3.wiwi.uni-siegen.de\\\/info\\\/wp-content\\\/uploads\\\/Studiengang\\\/Allgemein\\\/Anmeldung_letzter_-Pruefungsversuch.pdf\\\" target=\\\"_blank\\\" rel=\\\"noopener\\\">Anmeldung letzter Pruefungsversuch<\\\/a>\"],[\"<a href=\\\"https:\\\/\\\/pafak3.wiwi.uni-siegen.de\\\/info\\\/wp-content\\\/uploads\\\/Studiengang\\\/Allgemein\\\/Ruecktritt_wegen_Krankheit.pdf\\\" target=\\\"_blank\\\" rel=\\\"noopener\\\">R\\u00fccktritt wegen Krankheit<\\\/a>\"]],[{\"row\":0,\"col\":0,\"visualRow\":0,\"visualCol\":0,\"prop\":0,\"jtcellstyle\":{\"font-weight\":\"bold\"}},{\"row\":1,\"col\":0,\"visualRow\":1,\"visualCol\":0,\"prop\":0},{\"row\":2,\"col\":0,\"visualRow\":2,\"visualCol\":0,\"prop\":0},{\"row\":3,\"col\":0,\"visualRow\":3,\"visualCol\":0,\"prop\":0},{\"row\":4,\"col\":0,\"visualRow\":4,\"visualCol\":0,\"prop\":0},{\"row\":5,\"col\":0,\"visualRow\":5,\"visualCol\":0,\"prop\":0},{\"row\":6,\"col\":0,\"visualRow\":6,\"visualCol\":0,\"prop\":0},{\"row\":7,\"col\":0,\"visualRow\":7,\"visualCol\":0,\"prop\":0},{\"row\":8,\"col\":0,\"visualRow\":8,\"visualCol\":0,\"prop\":0},{\"row\":9,\"col\":0,\"visualRow\":9,\"visualCol\":0,\"prop\":0},{\"row\":10,\"col\":0,\"visualRow\":10,\"visualCol\":0,\"prop\":0}],[],[]]<\/textarea><textarea data-jtrt-table-id='1501' id='jtrt_table_bps_1501' cols='30' rows='10'>[]<\/textarea><\/div><table id='jtrt_table_1501' data-sorting='false' data-paging='false' data-paging-size='10' data-paging-menu='10,20,50,100' data-filtering='false' data-jtrt-table-id='1501' class='jtrt-table  ' ><thead><tr><th>Wichtige Formulare f\u00fcr Ihr Studium:<\/th><\/tr><\/thead><tbody><tr><td><a href=\"https:\/\/pafak3.wiwi.uni-siegen.de\/info\/wp-content\/uploads\/Studiengang\/Allgemein\/Antrag_auf_eine_Sonderpruefung.pdf\" class=\"mtli_attachment mtli_pdf\" target=\"_blank\" rel=\"noopener\">Antrag auf Zulassung zu einer Sonderpr\u00fcfung<\/a><\/td><\/tr><tr><td><a href=\"https:\/\/pafak3.wiwi.uni-siegen.de\/info\/wp-content\/uploads\/Studiengang\/Allgemein\/Anmeldung_zur_Sonderpruefung.pdf\" class=\"mtli_attachment mtli_pdf\" target=\"_blank\" rel=\"noopener\">Anmeldung zur Sonderpr\u00fcfung<\/a><\/td><\/tr><tr><td><a href=\"https:\/\/pafak3.wiwi.uni-siegen.de\/info\/wp-content\/uploads\/Studiengang\/Allgemein\/Zusatzleistung.pdf\" class=\"mtli_attachment mtli_pdf\" target=\"_blank\" rel=\"noopener\">Anmeldung zur Pr\u00fcfung als Zusatzleistung<\/a><\/td><\/tr><tr><td><a href=\"https:\/\/pafak3.wiwi.uni-siegen.de\/info\/wp-content\/uploads\/Studiengang\/Allgemein\/Antrag_MA_in_BA.pdf\" class=\"mtli_attachment mtli_pdf\" target=\"_blank\" rel=\"noopener\">Antrag auf Teilnahme an Masterklausuren im Bachelor-Studiengang<\/a><\/td><\/tr><tr><td><a href=\"https:\/\/pafak3.wiwi.uni-siegen.de\/info\/wp-content\/uploads\/Studiengang\/Allgemein\/Gleichwertigkeitspruefung_VOR.pdf\" class=\"mtli_attachment mtli_pdf\" target=\"_blank\" rel=\"noopener\">Gleichwertigkeitspr\u00fcfung VOR Erbringung der Pr\u00fcfungsleistung<\/a><\/td><\/tr><tr><td><a href=\"https:\/\/pafak3.wiwi.uni-siegen.de\/info\/wp-content\/uploads\/Studiengang\/Allgemein\/Protokoll_muendliche_Pruefung.pdf\" class=\"mtli_attachment mtli_pdf\" target=\"_blank\" rel=\"noopener\">Protokoll \u00fcber die m\u00fcndliche Pr\u00fcfung<\/a><\/td><\/tr><tr><td><a href=\"https:\/\/pafak3.wiwi.uni-siegen.de\/info\/wp-content\/uploads\/Studiengang\/Allgemein\/Anmeldung-zur-Abschlussarbeit_1.pdf\" class=\"mtli_attachment mtli_pdf\">Anmeldung zur Abschlussarbeit<\/a><\/td><\/tr><tr><td><a href=\"https:\/\/pafak3.wiwi.uni-siegen.de\/info\/wp-content\/uploads\/Studiengang\/Allgemein\/Antrag_Verlaengerung-_BA-MA_Krankheit.pdf\" class=\"mtli_attachment mtli_pdf\" target=\"_blank\" rel=\"noopener\">Antrag auf Verl\u00e4ngerung der Bearbeitungszeit der Bachelor-\/Masterarbeit wegen Krankheit<\/a><\/td><\/tr><tr><td><a href=\"https:\/\/pafak3.wiwi.uni-siegen.de\/info\/wp-content\/uploads\/Studiengang\/Allgemein\/Anmeldung_letzter_-Pruefungsversuch.pdf\" class=\"mtli_attachment mtli_pdf\" target=\"_blank\" rel=\"noopener\">Anmeldung letzter Pruefungsversuch<\/a><\/td><\/tr><tr><td><a href=\"https:\/\/pafak3.wiwi.uni-siegen.de\/info\/wp-content\/uploads\/Studiengang\/Allgemein\/Ruecktritt_wegen_Krankheit.pdf\" class=\"mtli_attachment mtli_pdf\" target=\"_blank\" rel=\"noopener\">R\u00fccktritt wegen Krankheit<\/a><\/td><\/tr><\/tbody><\/table><\/div><\/div><\/li>\n<\/ul>\n<\/div><\/div>\n<div class=\"su-spoiler su-spoiler-style-fancy su-spoiler-icon-folder-1 su-spoiler-closed\" data-scroll-offset=\"0\" data-anchor-in-url=\"no\"><div class=\"su-spoiler-title\" tabindex=\"0\" role=\"button\"><span class=\"su-spoiler-icon\"><\/span>Spezielle Formulare Bachelor BWL<\/div><div class=\"su-spoiler-content su-u-clearfix su-u-trim\">\n<ul>\n<li><a href=\"https:\/\/pafak3.wiwi.uni-siegen.de\/info\/wp-content\/uploads\/Studiengang\/BWL\/BWL_Unternehmenspraktikum_Ausbildung.pdf\" class=\"mtli_attachment mtli_pdf\" target=\"_blank\" rel=\"noopener noreferrer\">Anerkennung einer Ausbildung als Unternehmenspraktikums<\/a><br \/>\n(Eine erfolgreich abgeschlossene Berufsausbildung im dualen System wird als <em>Unternehmenspraktikum <\/em>anerkannt; &#8222;Duales System&#8220; bedeutet, dass die Ausbildung aus einem schulischen Teil und einem praktischen Teil in einem Unternehmen, in einer Beh\u00f6rde etc. besteht. Wird das Praktikum im Laufe des Studiums abgeleister; erstellt der zugeh\u00f6rige Fachvertreter eine entsprechende Bescheinigung.)<\/li>\n<\/ul>\n<\/div><\/div>\n<div class=\"su-spoiler su-spoiler-style-fancy su-spoiler-icon-folder-1 su-spoiler-closed\" data-scroll-offset=\"0\" data-anchor-in-url=\"no\"><div class=\"su-spoiler-title\" tabindex=\"0\" role=\"button\"><span class=\"su-spoiler-icon\"><\/span>Anrechnungen<\/div><div class=\"su-spoiler-content su-u-clearfix su-u-trim\">\n<ul>\n<li><a href=\"https:\/\/pafak3.wiwi.uni-siegen.de\/info\/anrechnungen\/\">Informationen zur Anrechnung von Pr\u00fcfungen.<\/a><\/li>\n<li><a href=\"https:\/\/pafak3.wiwi.uni-siegen.de\/info\/anrechnungen\/anerkennungsformulare\/\">Formulare zur Anrechnung von Pr\u00fcfungsleistung.<\/a><\/li>\n<\/ul>\n<\/div><\/div>\n<div class=\"su-spoiler su-spoiler-style-fancy su-spoiler-icon-folder-1 su-spoiler-closed\" data-scroll-offset=\"0\" data-anchor-in-url=\"no\"><div class=\"su-spoiler-title\" tabindex=\"0\" role=\"button\"><span class=\"su-spoiler-icon\"><\/span>Informationen zu ausgew\u00e4hlten Modulen<\/div><div class=\"su-spoiler-content su-u-clearfix su-u-trim\">\n<div class=\"su-box su-box-style-default\" id=\"\" style=\"border-color:#000000;border-radius:3px\"><div class=\"su-box-title\" style=\"background-color:#333333;color:#FFFFFF;border-top-left-radius:1px;border-top-right-radius:1px\">Internet-Unternehmensplanspiel (Dr. Rehm)<\/div><div class=\"su-box-content su-u-clearfix su-u-trim\" style=\"border-bottom-left-radius:1px;border-bottom-right-radius:1px\">\n<p>Die Anmeldung zur <strong>Pr\u00fcfung<\/strong> zum Internet-Unternehmensplanspiel kann zwischen dem (wird noch bekannt gegeben)\u00a0 erfolgen. Die Pr\u00fcfungsanmeldung ist unabh\u00e4ngig von der <strong>Belegung<\/strong> der entsprechenden Veranstaltung und ist zus\u00e4tzlich erforderlich, damit sp\u00e4ter nach Abschluss der Veranstaltung das Pr\u00fcfungsergebnis auch verbucht werden kann und die entsprechenden Leistungspunkte auch gutgeschrieben werden k\u00f6nnen.<\/p>\n<p>Die Pr\u00fcfungsanmeldung erfolgt im unisono-Portal unter <em>Mein Studium<\/em>-&gt; <em>Studienplaner mit Modulplan<\/em> -&gt; in der Suchmaske die Pr\u00fcfungsnummer eingeben und auf den Button<em> -&gt; In Pr\u00fcfungsordnung suchen <\/em>klicken (siehe Screenshot) -&gt; auf den Anmelde-Button klicken. Die Pr\u00fcfung findet sich unter demjenigen Modul, welchem das Planspiel laut Pr\u00fcfungsordnung bzw. Modulhandbuch zugeordnet ist. Die <em>Pr\u00fcfungsnummer<\/em> lautet\u00a0 je nach Studiengang 95991, 96009 (hier hei\u00dft die Pr\u00fcfung <em>Einf\u00fchrung in die BWL &#8211; Planspiel<\/em>) oder 195991.<\/p>\n<p><img loading=\"lazy\" decoding=\"async\" class=\"alignnone size-full wp-image-363\" src=\"https:\/\/pafak3.wiwi.uni-siegen.de\/info\/wp-content\/uploads\/Images\/Anmeldung_Unternehmensplanspiel.png\" alt=\"\" width=\"623\" height=\"390\" \/><\/p>\n<p>&nbsp;<\/p>\n<\/div><\/div>\n<div class=\"su-box su-box-style-default\" id=\"\" style=\"border-color:#000000;border-radius:3px\"><div class=\"su-box-title\" style=\"background-color:#333333;color:#FFFFFF;border-top-left-radius:1px;border-top-right-radius:1px\">Unternehmenspraktikum<\/div><div class=\"su-box-content su-u-clearfix su-u-trim\" style=\"border-bottom-left-radius:1px;border-bottom-right-radius:1px\">\n<p>Das Modul 18: Schl\u00fcsselkompetenzen kann u.a. durch ein vierw\u00f6chiges Unternehmenspraktikum (Workload: 160 Std. Arbeitszeit + 20 Std. f\u00fcr die Anfertigung des Projektberichts) abgedeckt werden. Dieses Praktikum wird von einer\/einem frei w\u00e4hlbaren Professorin\/Professor der Betriebswirtschaftslehre betreut, die\/der den erforderlichen Projektbericht begutachtet und nach erfolgreichem Praktikum einen Leistungsschein zur Vorlage beim Pr\u00fcfungsamt ausstellt.<\/p>\n<p>Das Unternehmenspraktikum darf (pr\u00fcfungstechnisch) zwar zu jedem Zeitpunkt w\u00e4hrend des Studiums absolviert werden, jedoch ist es sinnvoll, das Praktikum in einem h\u00f6heren Semester durchzuf\u00fchren, weil die Studierenden dann \u00fcber umfangreichere betriebswirtschaftliche Kenntnisse verf\u00fcgen und Unternehmen Studierende aus h\u00f6heren Semestern pr\u00e4ferieren.<\/p>\n<p>Bei der Auswahl des betreuenden Professors besteht grunds\u00e4tzlich eine Wahlfreiheit. Jedoch sollte die Auswahl so erfolgen, dass der inhaltliche Schwerpunkt des Praktikums zum Arbeitsgebiet des betreuenden Professors passt. Ist dies nicht der Fall, kann ein Professor die Betreuung ablehnen. F\u00fcr eine Betreuung ist kein formeller Antrag zu stellen, sie muss aber mit dem Betreuer abgesprochen werden.<\/p>\n<p>\u00dcber Inhalt und Form des Praktikumsberichts gibt es abgesehen vom Umfang (s. jeweilige Modulbeschreibung) keine Vorgaben. Die Einzelheiten legt der jeweilige betreuende Professor fest. Dieser stellt auch einen Leistungsschein zur Vorlage beim Pr\u00fcfungsamt aus.<\/p>\n<\/div><\/div>\n<\/div><\/div>\n<p>&nbsp;<\/p>\n","protected":false},"excerpt":{"rendered":"<p>Bachelor-Studiengang Betriebswirtschaftslehre In diesem Bereich stehen Informationen zum Studienaufbau und zur Studienplanung des Bachelorstudiengangs Betriebswirtschaftslehre. Sie finden Modulhandb\u00fccher und Pr\u00fcfungsordnungen zum Studiengang. Studiengangs\u00fcbersichten und weitere Informationen. Wichtige Formulare f\u00fcr Anmeldung zur Abschlussarbeit, Anmeldungen und Abmeldungen von Pr\u00fcfungen, etc. Formulare speziell f\u00fcr den Studiengang Betriebswirtschaftslehre. Antrag auf Anrechnung von Pr\u00fcfungsleistungen. Spezielle Regularien und Informationen zu einzelnen [&hellip;]<\/p>\n","protected":false},"author":2,"featured_media":0,"parent":122,"menu_order":1,"comment_status":"closed","ping_status":"closed","template":"","meta":{"footnotes":""},"class_list":["post-127","page","type-page","status-publish","hentry"],"_links":{"self":[{"href":"https:\/\/pafak3.wiwi.uni-siegen.de\/info\/wp-json\/wp\/v2\/pages\/127","targetHints":{"allow":["GET"]}}],"collection":[{"href":"https:\/\/pafak3.wiwi.uni-siegen.de\/info\/wp-json\/wp\/v2\/pages"}],"about":[{"href":"https:\/\/pafak3.wiwi.uni-siegen.de\/info\/wp-json\/wp\/v2\/types\/page"}],"author":[{"embeddable":true,"href":"https:\/\/pafak3.wiwi.uni-siegen.de\/info\/wp-json\/wp\/v2\/users\/2"}],"replies":[{"embeddable":true,"href":"https:\/\/pafak3.wiwi.uni-siegen.de\/info\/wp-json\/wp\/v2\/comments?post=127"}],"version-history":[{"count":146,"href":"https:\/\/pafak3.wiwi.uni-siegen.de\/info\/wp-json\/wp\/v2\/pages\/127\/revisions"}],"predecessor-version":[{"id":6058,"href":"https:\/\/pafak3.wiwi.uni-siegen.de\/info\/wp-json\/wp\/v2\/pages\/127\/revisions\/6058"}],"up":[{"embeddable":true,"href":"https:\/\/pafak3.wiwi.uni-siegen.de\/info\/wp-json\/wp\/v2\/pages\/122"}],"wp:attachment":[{"href":"https:\/\/pafak3.wiwi.uni-siegen.de\/info\/wp-json\/wp\/v2\/media?parent=127"}],"curies":[{"name":"wp","href":"https:\/\/api.w.org\/{rel}","templated":true}]}}