{"id":170,"date":"2018-10-30T11:21:59","date_gmt":"2018-10-30T10:21:59","guid":{"rendered":"https:\/\/dekanatfakultaet3.wiwi.uni-siegen.de\/faq\/?page_id=170"},"modified":"2018-11-26T14:19:02","modified_gmt":"2018-11-26T13:19:02","slug":"bachelorstudium","status":"publish","type":"page","link":"https:\/\/pafak3.wiwi.uni-siegen.de\/info\/studieninteressierte\/bachelorstudium\/","title":{"rendered":"Bachelorstudium"},"content":{"rendered":"<h1 class=\"title\">Bachelorstudium<\/h1>\n<p>Um sich f\u00fcr einen Bachlorstudiengang zu bewerben m\u00fcssen folgende Kriterien beachtet werden:<\/p>\n<ul>\n<li><a href=\"https:\/\/pafak3.wiwi.uni-siegen.de\/info\/studieninteressierte\/bachelorstudium\/studium-mit-abitur\/\">Studium mit Abitur<\/a><\/li>\n<li><a href=\"https:\/\/pafak3.wiwi.uni-siegen.de\/info\/studieninteressierte\/bachelorstudium\/ohne-allgemeine-oder-fachgebundene-hochschulreife\/\">Studium mit Fachhochschulreife<\/a><\/li>\n<li><a href=\"https:\/\/pafak3.wiwi.uni-siegen.de\/info\/studieninteressierte\/bachelorstudium\/ohne-abitur-fuer-beruflich-qualifizierte\/\">Hochschulzugang f\u00fcr in der beruflichen Bildung Qualifizierte<\/a><\/li>\n<\/ul>\n","protected":false},"excerpt":{"rendered":"<p>Bachelorstudium Um sich f\u00fcr einen Bachlorstudiengang zu bewerben m\u00fcssen folgende Kriterien beachtet werden: Studium mit Abitur Studium mit Fachhochschulreife Hochschulzugang f\u00fcr in der beruflichen Bildung Qualifizierte<\/p>\n","protected":false},"author":2,"featured_media":0,"parent":137,"menu_order":1,"comment_status":"closed","ping_status":"closed","template":"","meta":{"footnotes":""},"class_list":["post-170","page","type-page","status-publish","hentry"],"_links":{"self":[{"href":"https:\/\/pafak3.wiwi.uni-siegen.de\/info\/wp-json\/wp\/v2\/pages\/170","targetHints":{"allow":["GET"]}}],"collection":[{"href":"https:\/\/pafak3.wiwi.uni-siegen.de\/info\/wp-json\/wp\/v2\/pages"}],"about":[{"href":"https:\/\/pafak3.wiwi.uni-siegen.de\/info\/wp-json\/wp\/v2\/types\/page"}],"author":[{"embeddable":true,"href":"https:\/\/pafak3.wiwi.uni-siegen.de\/info\/wp-json\/wp\/v2\/users\/2"}],"replies":[{"embeddable":true,"href":"https:\/\/pafak3.wiwi.uni-siegen.de\/info\/wp-json\/wp\/v2\/comments?post=170"}],"version-history":[{"count":6,"href":"https:\/\/pafak3.wiwi.uni-siegen.de\/info\/wp-json\/wp\/v2\/pages\/170\/revisions"}],"predecessor-version":[{"id":1259,"href":"https:\/\/pafak3.wiwi.uni-siegen.de\/info\/wp-json\/wp\/v2\/pages\/170\/revisions\/1259"}],"up":[{"embeddable":true,"href":"https:\/\/pafak3.wiwi.uni-siegen.de\/info\/wp-json\/wp\/v2\/pages\/137"}],"wp:attachment":[{"href":"https:\/\/pafak3.wiwi.uni-siegen.de\/info\/wp-json\/wp\/v2\/media?parent=170"}],"curies":[{"name":"wp","href":"https:\/\/api.w.org\/{rel}","templated":true}]}}