{"id":172,"date":"2018-10-30T11:23:12","date_gmt":"2018-10-30T10:23:12","guid":{"rendered":"https:\/\/dekanatfakultaet3.wiwi.uni-siegen.de\/faq\/?page_id=172"},"modified":"2018-10-30T11:23:19","modified_gmt":"2018-10-30T10:23:19","slug":"studium-mit-abitur","status":"publish","type":"page","link":"https:\/\/pafak3.wiwi.uni-siegen.de\/info\/studieninteressierte\/bachelorstudium\/studium-mit-abitur\/","title":{"rendered":"Studium mit Abitur"},"content":{"rendered":"<h1 class=\"title\">Studium mit Abitur<\/h1>\n<p>Sie m\u00f6chten ein Bachelorstudium aufnehmen und haben Abitur. In diesem Fall ist das Pr\u00fcfungsamt im Zulassungsprozess nicht eingebunden. Weitere Informationen finden Sie auf der Seite der Universit\u00e4t Siegen in der Rubrik <a class=\" cd_intlink\" href=\"http:\/\/www.uni-siegen.de\/start\/studium\">Studium und Lehre<\/a>.<\/p>\n","protected":false},"excerpt":{"rendered":"<p>Studium mit Abitur Sie m\u00f6chten ein Bachelorstudium aufnehmen und haben Abitur. In diesem Fall ist das Pr\u00fcfungsamt im Zulassungsprozess nicht eingebunden. Weitere Informationen finden Sie auf der Seite der Universit\u00e4t Siegen in der Rubrik Studium und Lehre.<\/p>\n","protected":false},"author":2,"featured_media":0,"parent":170,"menu_order":1,"comment_status":"closed","ping_status":"closed","template":"","meta":{"footnotes":""},"class_list":["post-172","page","type-page","status-publish","hentry"],"_links":{"self":[{"href":"https:\/\/pafak3.wiwi.uni-siegen.de\/info\/wp-json\/wp\/v2\/pages\/172","targetHints":{"allow":["GET"]}}],"collection":[{"href":"https:\/\/pafak3.wiwi.uni-siegen.de\/info\/wp-json\/wp\/v2\/pages"}],"about":[{"href":"https:\/\/pafak3.wiwi.uni-siegen.de\/info\/wp-json\/wp\/v2\/types\/page"}],"author":[{"embeddable":true,"href":"https:\/\/pafak3.wiwi.uni-siegen.de\/info\/wp-json\/wp\/v2\/users\/2"}],"replies":[{"embeddable":true,"href":"https:\/\/pafak3.wiwi.uni-siegen.de\/info\/wp-json\/wp\/v2\/comments?post=172"}],"version-history":[{"count":1,"href":"https:\/\/pafak3.wiwi.uni-siegen.de\/info\/wp-json\/wp\/v2\/pages\/172\/revisions"}],"predecessor-version":[{"id":173,"href":"https:\/\/pafak3.wiwi.uni-siegen.de\/info\/wp-json\/wp\/v2\/pages\/172\/revisions\/173"}],"up":[{"embeddable":true,"href":"https:\/\/pafak3.wiwi.uni-siegen.de\/info\/wp-json\/wp\/v2\/pages\/170"}],"wp:attachment":[{"href":"https:\/\/pafak3.wiwi.uni-siegen.de\/info\/wp-json\/wp\/v2\/media?parent=172"}],"curies":[{"name":"wp","href":"https:\/\/api.w.org\/{rel}","templated":true}]}}