{"id":175,"date":"2018-10-30T11:25:48","date_gmt":"2018-10-30T10:25:48","guid":{"rendered":"https:\/\/dekanatfakultaet3.wiwi.uni-siegen.de\/faq\/?page_id=175"},"modified":"2026-04-02T16:24:52","modified_gmt":"2026-04-02T14:24:52","slug":"ohne-allgemeine-oder-fachgebundene-hochschulreife","status":"publish","type":"page","link":"https:\/\/pafak3.wiwi.uni-siegen.de\/info\/studieninteressierte\/bachelorstudium\/ohne-allgemeine-oder-fachgebundene-hochschulreife\/","title":{"rendered":"ohne allgemeine oder fachgebundene Hochschulreife"},"content":{"rendered":"<h1 class=\"title\">Studium ohne allgemeine oder fachgebundene Hochschulreife<\/h1>\n<p>Mit einem Zeugnis der Fachhochschulreife (<a href=\"https:\/\/www.uni-siegen.de\/zsb\/bewerbung\/mythos.html?m=e\">nicht zu verwechseln mit der allgemeinen oder fachgebundenen Hochschulreife<\/a>) k\u00f6nnen Sie zu Bachelor-Studieng\u00e4ngen zugelassen werden, wenn Sie vor Aufnahme des Studiums folgendes nachweisen :<\/p>\n<ol>\n<li>Nachweis der den Anforderungen der Hochschule entsprechenden Allgemeinbildung,<\/li>\n<li>Nachweis der studiengangbezogenen fachlichen Eignung.<\/li>\n<\/ol>\n<p>Die ausf\u00fchrlichen Regelungen finden Sie <span style=\"color: #c71f0c;\"><a href=\"https:\/\/www.uni-siegen.de\/start\/studium\/bewerbung_und_organisation\/zulassungsvoraussetzungen\/ohne_hochschulreife\/\" target=\"_blank\" rel=\"noopener\"><span style=\"color: #c71602;\"><strong>hier<\/strong><\/span><\/a>.<\/span> Die Bestimmungen zum Nachweis der Allgemeinbildung gelten (im wesentlichen) f\u00fcr alle Studieng\u00e4nge an der Universit\u00e4t Siegen. F\u00fcr Informationen \u00fcber den Nachweis der studiengangbezogenen fachlichen Eignung w\u00e4hlen Sie zun\u00e4chst die Fakult\u00e4t III &#8211; Wirtschaftswissenschaften, Wirtschaftsinformatik und Wirtschaftsrecht und anschlie\u00dfend den gesuchten Studiengang (Betriebswirtschaftslehre, Wirtschaftsinformatik oder Deutsches und Europ\u00e4isches Wirtschaftsrecht) aus.<\/p>\n<p>&nbsp;<\/p>\n<p>Die Klausuren zum Nachweis der studiengangbezogenen fachlichen Eignung (Bachelorstudieng\u00e4nge Betriebswirtschaftslehre, Wirtschaftsinformatik)<\/p>\n<p>f\u00fcr Bewerbungen zum <span style=\"color: #339966;\"><strong>Wintersemester 2026\/2027<\/strong><\/span><\/p>\n<p>finden\u00a0<span style=\"color: #339966;\"><strong>am Donnerstag, dem 13. August 2026 von 9:00 bis 11:00 Uhr <\/strong><\/span>statt.<\/p>\n<p>Die Auswahlgespr\u00e4che f\u00fcr den Bachelorstudiengang Deutsches und Europ\u00e4isches Wirtschaftsrecht finden voraussichtlich in derselben Woche statt. Die genaue Uhrzeit und der Ort werden in der pers\u00f6nlichen Einladung, die nach Abschluss der Bewerbungsfrist verschickt wird, bekanntgegeben. Sofern sich Kandidaten f\u00fcr mehrere dieser Studieng\u00e4nge beworben haben und in mehreren dieser Studieng\u00e4nge an der Klausur teilnehmen m\u00fcssen, dann m\u00fcssen sich die Bewerber f\u00fcr einen dieser Studieng\u00e4nge entscheiden.<\/p>\n","protected":false},"excerpt":{"rendered":"<p>Studium ohne allgemeine oder fachgebundene Hochschulreife Mit einem Zeugnis der Fachhochschulreife (nicht zu verwechseln mit der allgemeinen oder fachgebundenen Hochschulreife) k\u00f6nnen Sie zu Bachelor-Studieng\u00e4ngen zugelassen werden, wenn Sie vor Aufnahme des Studiums folgendes nachweisen : Nachweis der den Anforderungen der Hochschule entsprechenden Allgemeinbildung, Nachweis der studiengangbezogenen fachlichen Eignung. Die ausf\u00fchrlichen Regelungen finden Sie hier. Die [&hellip;]<\/p>\n","protected":false},"author":2,"featured_media":0,"parent":170,"menu_order":2,"comment_status":"closed","ping_status":"closed","template":"","meta":{"footnotes":""},"class_list":["post-175","page","type-page","status-publish","hentry"],"_links":{"self":[{"href":"https:\/\/pafak3.wiwi.uni-siegen.de\/info\/wp-json\/wp\/v2\/pages\/175","targetHints":{"allow":["GET"]}}],"collection":[{"href":"https:\/\/pafak3.wiwi.uni-siegen.de\/info\/wp-json\/wp\/v2\/pages"}],"about":[{"href":"https:\/\/pafak3.wiwi.uni-siegen.de\/info\/wp-json\/wp\/v2\/types\/page"}],"author":[{"embeddable":true,"href":"https:\/\/pafak3.wiwi.uni-siegen.de\/info\/wp-json\/wp\/v2\/users\/2"}],"replies":[{"embeddable":true,"href":"https:\/\/pafak3.wiwi.uni-siegen.de\/info\/wp-json\/wp\/v2\/comments?post=175"}],"version-history":[{"count":24,"href":"https:\/\/pafak3.wiwi.uni-siegen.de\/info\/wp-json\/wp\/v2\/pages\/175\/revisions"}],"predecessor-version":[{"id":6112,"href":"https:\/\/pafak3.wiwi.uni-siegen.de\/info\/wp-json\/wp\/v2\/pages\/175\/revisions\/6112"}],"up":[{"embeddable":true,"href":"https:\/\/pafak3.wiwi.uni-siegen.de\/info\/wp-json\/wp\/v2\/pages\/170"}],"wp:attachment":[{"href":"https:\/\/pafak3.wiwi.uni-siegen.de\/info\/wp-json\/wp\/v2\/media?parent=175"}],"curies":[{"name":"wp","href":"https:\/\/api.w.org\/{rel}","templated":true}]}}