{"id":178,"date":"2018-10-30T11:40:19","date_gmt":"2018-10-30T10:40:19","guid":{"rendered":"https:\/\/dekanatfakultaet3.wiwi.uni-siegen.de\/faq\/?page_id=178"},"modified":"2018-11-06T15:16:13","modified_gmt":"2018-11-06T14:16:13","slug":"ohne-abitur-fuer-beruflich-qualifizierte","status":"publish","type":"page","link":"https:\/\/pafak3.wiwi.uni-siegen.de\/info\/studieninteressierte\/bachelorstudium\/ohne-abitur-fuer-beruflich-qualifizierte\/","title":{"rendered":"ohne Abitur f\u00fcr beruflich Qualifizierte"},"content":{"rendered":"<h1 class=\"title\">Hochschulzugang f\u00fcr in der beruflichen Bildung Qualifizierte<\/h1>\n<p>Der Zugang zum Hochschulstudium ohne Abitur ist durch die Verordnung \u00fcber den Hochschulzugang f\u00fcr in der beruflichen Bildung Qualifizierte (Berufsbildungshochschulzugangsverordnung) vom 08.03.2010 neu geregelt worden, Informationen hierzu, u.a. die Verordnung des Ministeriums und die entsprechende Ordnung der Universit\u00e4t Siegen, finden Sie unter<\/p>\n<ul>\n<li><a href=\"http:\/\/www.uni-siegen.de\/zsb\/bewerbung\/zugang\/zp.html?m=e\" target=\"_blank\" rel=\"noopener\">Beruflich Qualifizierte \/ Zugangspr\u00fcfung<\/a><\/li>\n<\/ul>\n<p>&nbsp;<\/p>\n<p>Folgende Berufe werden als fachnah im Sinne der oben genannten Ordnung anerkannt:<\/p>\n<div class=\"su-spoiler su-spoiler-style-fancy su-spoiler-icon-plus su-spoiler-closed\" data-scroll-offset=\"0\" data-anchor-in-url=\"no\"><div class=\"su-spoiler-title\" tabindex=\"0\" role=\"button\"><span class=\"su-spoiler-icon\"><\/span>Wirtschaftsrecht<\/div><div class=\"su-spoiler-content su-u-clearfix su-u-trim\">\n<h3 class=\"title\">Fachnahe Berufe Wirtschaftsrecht<\/h3>\n<p>Die nachfolgend genannten neun Ausbildungsberufe werden als fachnah zum Studium des Bachelorstudiengangs Wirtschaftsrechts im Sinne des \u00a7 3 Berufsbildungshochschulzugangsverordnung vom 8.3.2010 anerkannt:<\/p>\n<ul>\n<li>Bankkaufmann\/Bankkauffrau,<\/li>\n<li>Immobilienkaufmann\/Immobilienkauffrau,<\/li>\n<li>Industriekaufmann\/Industriekauffrau,<\/li>\n<li>Investmentfondskaufmann\/Investmentfondskauffrau,<\/li>\n<li>Kaufmann f\u00fcr Versicherungen und Finanzen\/Kauffrau f\u00fcr Versicherungen und Finanzen,<\/li>\n<li>Notarfachangestellter\/Notarfachangestellte,<\/li>\n<li>Rechtsanwalts- und Notarfachangestellter\/Rechtsanwalts- und Notarfachangestellte,<\/li>\n<li>Rechtsanwaltsfachangestellter\/Rechtsanwaltsfachangestellte,<\/li>\n<li>Steuerfachangestellter\/Steuerfachangestellte.<\/li>\n<\/ul>\n<\/div><\/div>\n","protected":false},"excerpt":{"rendered":"<p>Hochschulzugang f\u00fcr in der beruflichen Bildung Qualifizierte Der Zugang zum Hochschulstudium ohne Abitur ist durch die Verordnung \u00fcber den Hochschulzugang f\u00fcr in der beruflichen Bildung Qualifizierte (Berufsbildungshochschulzugangsverordnung) vom 08.03.2010 neu geregelt worden, Informationen hierzu, u.a. die Verordnung des Ministeriums und die entsprechende Ordnung der Universit\u00e4t Siegen, finden Sie unter Beruflich Qualifizierte \/ Zugangspr\u00fcfung &nbsp; Folgende [&hellip;]<\/p>\n","protected":false},"author":2,"featured_media":0,"parent":170,"menu_order":3,"comment_status":"closed","ping_status":"closed","template":"","meta":{"footnotes":""},"class_list":["post-178","page","type-page","status-publish","hentry"],"_links":{"self":[{"href":"https:\/\/pafak3.wiwi.uni-siegen.de\/info\/wp-json\/wp\/v2\/pages\/178","targetHints":{"allow":["GET"]}}],"collection":[{"href":"https:\/\/pafak3.wiwi.uni-siegen.de\/info\/wp-json\/wp\/v2\/pages"}],"about":[{"href":"https:\/\/pafak3.wiwi.uni-siegen.de\/info\/wp-json\/wp\/v2\/types\/page"}],"author":[{"embeddable":true,"href":"https:\/\/pafak3.wiwi.uni-siegen.de\/info\/wp-json\/wp\/v2\/users\/2"}],"replies":[{"embeddable":true,"href":"https:\/\/pafak3.wiwi.uni-siegen.de\/info\/wp-json\/wp\/v2\/comments?post=178"}],"version-history":[{"count":8,"href":"https:\/\/pafak3.wiwi.uni-siegen.de\/info\/wp-json\/wp\/v2\/pages\/178\/revisions"}],"predecessor-version":[{"id":1261,"href":"https:\/\/pafak3.wiwi.uni-siegen.de\/info\/wp-json\/wp\/v2\/pages\/178\/revisions\/1261"}],"up":[{"embeddable":true,"href":"https:\/\/pafak3.wiwi.uni-siegen.de\/info\/wp-json\/wp\/v2\/pages\/170"}],"wp:attachment":[{"href":"https:\/\/pafak3.wiwi.uni-siegen.de\/info\/wp-json\/wp\/v2\/media?parent=178"}],"curies":[{"name":"wp","href":"https:\/\/api.w.org\/{rel}","templated":true}]}}