{"id":218,"date":"2018-10-30T13:03:04","date_gmt":"2018-10-30T12:03:04","guid":{"rendered":"https:\/\/dekanatfakultaet3.wiwi.uni-siegen.de\/faq\/?page_id=218"},"modified":"2026-04-02T12:02:03","modified_gmt":"2026-04-02T10:02:03","slug":"masterstudium","status":"publish","type":"page","link":"https:\/\/pafak3.wiwi.uni-siegen.de\/info\/studieninteressierte\/masterstudium\/","title":{"rendered":"Masterstudium"},"content":{"rendered":"<h1 class=\"title\">Bewerbung f\u00fcr die Master-Studieng\u00e4nge (Wintersemester 2026\/2027)<\/h1>\n<p>Die Fakult\u00e4t III &#8211; Wirtschaftswissenschaften, Wirtschaftsinformatik und Wirtschaftsrecht bietet zur Zeit die unten stehenden Masterstudieng\u00e4nge an. Inhaltliche Beschreibungen der Studieng\u00e4nge finden Sie <a class=\" cd_intlink\" href=\"http:\/\/www.wiwi.uni-siegen.de\/dekanat\/studium\/index.html\"><strong>hier<\/strong><\/a>.<\/p>\n<p>Eine kurze Beschreibung des Bewerbungsverfahrens erhalten Sie, wenn Sie in der rechten Spalte &#8222;Links&#8220; unter dem betreffenden Studiengang auf &#8222;Bewerbung&#8220; klicken.<\/p>\n<p><strong>Bitte beachten Sie die jeweiligen <a href=\"https:\/\/pafak3.wiwi.uni-siegen.de\/info\/studieninteressierte\/masterstudium\/zugangsvoraussetzungen\/\" target=\"_blank\" rel=\"noopener noreferrer\">Zugangsvoraussetzungen<\/a>.<\/strong><\/p>\n<p><span style=\"color: #c90404;\"><strong>Die Lehrsprache in den Studieng\u00e4ngen AAT, BuA, CRM, DEWR, SME, MM, Pl\u00d6k und WInf ist zum gro\u00dfen Teil <em>Deutsch<\/em>. Daher sind f\u00fcr diese Studieng\u00e4nge entsprechende Kenntnisse der deutschen Sprache erforderlich, die durch eine Schulbildung an einer deutschsprachigen Schule oder einer speziellen Sprachpr\u00fcfung (DSH-2 oder eine vergleichbare Pr\u00fcfung) nachgewiesen werden m\u00fcssen. (Das gilt nicht f\u00fcr die Studieng\u00e4nge EP und HCI.)<\/strong><\/span><\/p>\n<p><span style=\"color: #c90404;\"><strong>The teaching language in the degree programmes AAT, BuA, CRM, DEWR, SME, MM, Pl\u00d6k and WInf is largely German. Therefore, appropriate knowledge of the German language is required for these degree programmes. This must be proven by a school education at a German-speaking school or a special language examination (DSH-2 or a comparable examination). This does not apply to the Economic Policy and Human Computer Interaction degree programmes.<\/strong><\/span><\/p>\n<p>&nbsp;<\/p>\n<p>Studiengangs\u00fcbersichten, Modulhandb\u00fccher sowie Pr\u00fcfungsordnungen der Studieng\u00e4nge finden Sie <a href=\"https:\/\/pafak3.wiwi.uni-siegen.de\/info\/studiengaenge\/\"><strong>hier<\/strong><\/a>.<\/p>\n<table>\n<tbody>\n<tr>\n<th style=\"text-align: center;\">Studiengang<\/th>\n<th style=\"text-align: center;\">m\u00f6glicher Beginn<\/th>\n<th style=\"text-align: center;\">Links<\/th>\n<\/tr>\n<tr>\n<td style=\"text-align: left;\">Accounting, Auditing and Taxation (AAT)<\/td>\n<td style=\"text-align: left;\">WiSe, SoSe<\/td>\n<td style=\"text-align: left;\"><a href=\"https:\/\/pafak3.wiwi.uni-siegen.de\/info\/studieninteressierte\/masterstudium\/bewerbungsverfahren\/\" target=\"_blank\" rel=\"noopener noreferrer\">Bewerbung<\/a><\/td>\n<\/tr>\n<tr>\n<th style=\"text-align: left;\">Business Analytics (BuA)<\/th>\n<th style=\"text-align: left;\">WiSe, SoSe<\/th>\n<th style=\"text-align: left;\"><a href=\"https:\/\/pafak3.wiwi.uni-siegen.de\/info\/studieninteressierte\/masterstudium\/bewerbungsverfahren\/\" target=\"_blank\" rel=\"noopener noreferrer\">Bewerbung<\/a><\/th>\n<\/tr>\n<tr>\n<td style=\"text-align: left;\">Controlling und Risikomanagement (CRM)<\/td>\n<td style=\"text-align: left;\">WiSe, SoSe<\/td>\n<td style=\"text-align: left;\"><a href=\"https:\/\/pafak3.wiwi.uni-siegen.de\/info\/studieninteressierte\/masterstudium\/bewerbungsverfahren\/\" target=\"_blank\" rel=\"noopener noreferrer\">Bewerbung<\/a><\/td>\n<\/tr>\n<tr>\n<th style=\"text-align: left;\">Deutsches und Europ\u00e4isches Wirtschaftsrecht (DEWR)<\/th>\n<th style=\"text-align: left;\">nur WiSe<\/th>\n<th style=\"text-align: left;\"><a href=\"https:\/\/www.wiwi.uni-siegen.de\/wirtschaftsrecht\/subject\/master\/\" target=\"_blank\" rel=\"noopener\">Bewerbung<\/a><\/th>\n<\/tr>\n<tr>\n<td style=\"text-align: left;\">Economic Policy (EP)<\/td>\n<td style=\"text-align: left;\">only WiSe<\/td>\n<td style=\"text-align: left;\"><a href=\"https:\/\/www.uni-siegen.de\/en\/study\/master\/economic-policy\" target=\"_blank\" rel=\"noopener\">Application<\/a><\/td>\n<\/tr>\n<tr>\n<th style=\"text-align: left;\">Entrepreneurship and SME Management (SME)<\/th>\n<th style=\"text-align: left;\">WiSe, SoSe<\/th>\n<th style=\"text-align: left;\"><a href=\"https:\/\/pafak3.wiwi.uni-siegen.de\/info\/studieninteressierte\/masterstudium\/bewerbungsverfahren\/\" target=\"_blank\" rel=\"noopener noreferrer\">Bewerbung<\/a><\/th>\n<\/tr>\n<tr>\n<td style=\"text-align: left;\">Human Computer Interaction (HCI)<\/td>\n<td style=\"text-align: left;\">WiSe, SoSe<\/td>\n<td style=\"text-align: left;\"><a href=\"https:\/\/hci-siegen.de\/application-process\/\" target=\"_blank\" rel=\"noopener\">Application<\/a><\/td>\n<\/tr>\n<tr>\n<th style=\"text-align: left;\">Management und M\u00e4rkte (MM)<\/th>\n<th style=\"text-align: left;\">WiSe, SoSe<\/th>\n<th style=\"text-align: left;\"><a href=\"https:\/\/pafak3.wiwi.uni-siegen.de\/info\/studieninteressierte\/masterstudium\/bewerbungsverfahren\/\" target=\"_blank\" rel=\"noopener noreferrer\">Bewerbung<\/a><\/th>\n<\/tr>\n<tr>\n<td style=\"text-align: left;\">Plurale \u00d6konomik (Pl\u00d6k)<\/td>\n<td style=\"text-align: left;\">WiSe, SoSe<\/td>\n<td style=\"text-align: left;\"><a href=\"https:\/\/www.wiwi.uni-siegen.de\/wiwi\/plurale-oekonomik\/bewerbung.html\" target=\"_blank\" rel=\"noopener\">Bewerbung<\/a><\/td>\n<\/tr>\n<tr>\n<th style=\"text-align: left;\">Wirtschaftsinformatik (WInf)<\/th>\n<th style=\"text-align: left;\">WiSe, SoSe<\/th>\n<th style=\"text-align: left;\"><a href=\"https:\/\/pafak3.wiwi.uni-siegen.de\/info\/studieninteressierte\/masterstudium\/bewerbungsverfahren\/\" target=\"_blank\" rel=\"noopener noreferrer\">Bewerbung<\/a><\/th>\n<\/tr>\n<\/tbody>\n<\/table>\n<p>Bitte beachten Sie die auf den jeweiligen Seiten (unter der Spalte &#8222;Links&#8220;) angegebenen Bewerbungsfristen.<\/p>\n<p>Eine Bewerbung zu einem Masterstudiengang ist bereits m\u00f6glich, wenn zum Zeitpunkt der Bewerbung das vorhergehende (Bachelor-) Studium noch nicht vollst\u00e4ndig abgeschlossen ist. Bei einer Bewerbung f\u00fcr ein Wintersemester muss in diesem Falle aber das Studium im Verlaufe des vorhergehenden Sommersemesters abgeschlossen werden. Falls die \u00fcbrigen Voraussetzungen erf\u00fcllt sind, dann erh\u00e4lt die Bewerberin bzw. der Bewerber eine zun\u00e4chst vorl\u00e4ufige Zulassung unter der Bedingung, dass sie bzw. er das Studium im Verlaufe des Sommersemesters abschlie\u00dft. Auch die nachfolgende Einschreibung an der Universit\u00e4t Siegen f\u00fcr das Wintersemester erfolgt vorl\u00e4ufig unter der Bedingung, dass die Bewerberin bzw. der Bewerber das Bachelorstudium im vorhergehenden Sommersemester abschlie\u00dft bzw. abgeschlossen hat und die Urkunde und das Zeugnis bis sp\u00e4testens Ende November vorlegt (der <strong>Nachweis<\/strong> \u00fcber den Abschluss des Studiums muss bis November vorliegen; dass <strong>Studium selbst<\/strong> muss im Vorsemester abgeschlossen worden sein); andernfalls wird die Einschreibung sp\u00e4ter zur\u00fcckgenommen. Zur Einschreibung ist weiterhin eine Exmatrikulationsbescheinigung der vorhergehenden Hochschule vorzulegen. Bei einer Bewerbung f\u00fcr ein Sommersemester gelten analoge Regelungen, wobei sich die Termine entsprechend (um 6 Monate) verschieben.<\/p>\n<p>&nbsp;<\/p>\n","protected":false},"excerpt":{"rendered":"<p>Bewerbung f\u00fcr die Master-Studieng\u00e4nge (Wintersemester 2026\/2027) Die Fakult\u00e4t III &#8211; Wirtschaftswissenschaften, Wirtschaftsinformatik und Wirtschaftsrecht bietet zur Zeit die unten stehenden Masterstudieng\u00e4nge an. Inhaltliche Beschreibungen der Studieng\u00e4nge finden Sie hier. Eine kurze Beschreibung des Bewerbungsverfahrens erhalten Sie, wenn Sie in der rechten Spalte &#8222;Links&#8220; unter dem betreffenden Studiengang auf &#8222;Bewerbung&#8220; klicken. Bitte beachten Sie die jeweiligen [&hellip;]<\/p>\n","protected":false},"author":2,"featured_media":0,"parent":137,"menu_order":2,"comment_status":"closed","ping_status":"closed","template":"","meta":{"footnotes":""},"class_list":["post-218","page","type-page","status-publish","hentry"],"_links":{"self":[{"href":"https:\/\/pafak3.wiwi.uni-siegen.de\/info\/wp-json\/wp\/v2\/pages\/218","targetHints":{"allow":["GET"]}}],"collection":[{"href":"https:\/\/pafak3.wiwi.uni-siegen.de\/info\/wp-json\/wp\/v2\/pages"}],"about":[{"href":"https:\/\/pafak3.wiwi.uni-siegen.de\/info\/wp-json\/wp\/v2\/types\/page"}],"author":[{"embeddable":true,"href":"https:\/\/pafak3.wiwi.uni-siegen.de\/info\/wp-json\/wp\/v2\/users\/2"}],"replies":[{"embeddable":true,"href":"https:\/\/pafak3.wiwi.uni-siegen.de\/info\/wp-json\/wp\/v2\/comments?post=218"}],"version-history":[{"count":126,"href":"https:\/\/pafak3.wiwi.uni-siegen.de\/info\/wp-json\/wp\/v2\/pages\/218\/revisions"}],"predecessor-version":[{"id":6109,"href":"https:\/\/pafak3.wiwi.uni-siegen.de\/info\/wp-json\/wp\/v2\/pages\/218\/revisions\/6109"}],"up":[{"embeddable":true,"href":"https:\/\/pafak3.wiwi.uni-siegen.de\/info\/wp-json\/wp\/v2\/pages\/137"}],"wp:attachment":[{"href":"https:\/\/pafak3.wiwi.uni-siegen.de\/info\/wp-json\/wp\/v2\/media?parent=218"}],"curies":[{"name":"wp","href":"https:\/\/api.w.org\/{rel}","templated":true}]}}