{"id":2493,"date":"2019-11-18T15:04:44","date_gmt":"2019-11-18T14:04:44","guid":{"rendered":"https:\/\/pafak3.wiwi.uni-siegen.de\/info\/?page_id=2493"},"modified":"2026-04-24T09:46:26","modified_gmt":"2026-04-24T07:46:26","slug":"zugangsvoraussetzungen","status":"publish","type":"page","link":"https:\/\/pafak3.wiwi.uni-siegen.de\/info\/studieninteressierte\/masterstudium\/zugangsvoraussetzungen\/","title":{"rendered":"Zugangsvoraussetzungen"},"content":{"rendered":"<h1 class=\"title\">Zugangsvoraussetzungen<\/h1>\n<p>Folgende Voraussetzungen m\u00fcssen f\u00fcr eine Einschreibung gegeben sein:<\/p>\n<ul>\n<li>Die Zugangsvoraussetzungen f\u00fcr den jeweiligen Studiengang (siehe unten) m\u00fcssen erf\u00fcllt sein.<\/li>\n<li><span style=\"color: #bf460a;\"><strong><span dir=\"ltr\">Bewerber<\/span><span dir=\"ltr\">, die ihre Studienqualifikation (z.B. Abitur) nicht an einer deutsc<\/span><span dir=\"ltr\">h-<\/span><\/strong><span dir=\"ltr\"><strong>sprachigen Einrichtung erworben haben, m\u00fcssen f\u00fcr die Einschreibung entsprechende Kenntnisse der deutschen Sprache (in der Regel DSH-2) nachweisen<\/strong>; dies gilt nicht f\u00fcr f\u00fcr die beiden internationalen Masterstudieng\u00e4nge <em>Economic Policy<\/em> und <em>Human-Computer Interaction<\/em>, die vollst\u00e4ndig in der englischen Sprache studiert werden (k\u00f6nnen)<\/span><span dir=\"ltr\">.<br \/>\n<\/span><strong>The teaching language in the degree programmes <em>Accounting, Auditing and Taxation, Business and Health Analytics, Controlling und Risikomanagement, Deutsches und Europ\u00e4isches Wirtschaftsrecht, Entrepreneurship and SME Management, Management und M\u00e4rkte, Plurale und Transformative \u00d6konomik <\/em>and<em> Wirtschaftsinformatik<\/em> is largely German. Therefore, appropriate knowledge of the German language is required for these degree programmes. This must be proven by a school education at a German-speaking school or a special language examination (DSH-2 or a comparable examination).<\/strong> This does not apply to the <em>Economic Policy<\/em> and <em>Human-Computer Interaction<\/em> degree programmes.<\/span><\/li>\n<\/ul>\n<h3>Zugangsvoraussetzungen<\/h3>\n<p>Die nachfolgend genannten Zugangsvoraussetzungen stellen nur eine Kurzfassung dar. Die ausf\u00fchrlichen Angaben finden Sie in der jeweiligen Pr\u00fcfungsordnung. (Die Pr\u00fcfungsordnung finden Sie, wenn Sie auf der <a href=\"https:\/\/pafak3.wiwi.uni-siegen.de\/info\/studiengaenge\/\" target=\"_blank\" rel=\"noopener noreferrer\">Studiengangseite <\/a>den betreffenden Studiengang w\u00e4hlen und dann den Bereich mit den Ordnungen etc. anklicken. Achten Sie darauf, dass Sie die jeweils neueste Version der Pr\u00fcfungsordnung \u00f6ffnen.)<\/p>\n<p>&nbsp;<\/p>\n<p>Bitte klicken Sie auf den betreffenden Studiengang.<\/p>\n<div class=\"su-spoiler su-spoiler-style-fancy su-spoiler-icon-folder-1 su-spoiler-closed\" data-scroll-offset=\"0\" data-anchor-in-url=\"no\"><div class=\"su-spoiler-title\" tabindex=\"0\" role=\"button\"><span class=\"su-spoiler-icon\"><\/span>Accounting, Auditing and Taxation (AAT)<\/div><div class=\"su-spoiler-content su-u-clearfix su-u-trim\">\n<ol>\n<li>Bachelorabschluss in Betriebswirtschaftslehre oder Wirtschaftsrecht oder ein vergleichbarer Abschluss mit einem wirtschaftswissenschaftlichen und\/oder wirtschaftsrechtlichen Anteil von mindestens 90 Leistungspunkten<\/li>\n<li>Mindestnote des Abschlusses: gut (2,5)<\/li>\n<li>Kenntnisse der englischen Sprache auf dem Niveau B2 (Erl\u00e4uterung siehe unten &#8222;Englische Sprachkenntnisse&#8220;)<\/li>\n<\/ol>\n<p>Sind die Voraussetzungen gem\u00e4\u00df Punkt 1 und\/oder Punkt 2 (s.o.) nicht erf\u00fcllt, kann in einem individuellen Eignungsgespr\u00e4ch die Eignung f\u00fcr den Zugang zum Masterstudiengang festgestellt werden.<\/p>\n<\/div><\/div>\n<div class=\"su-spoiler su-spoiler-style-fancy su-spoiler-icon-folder-1 su-spoiler-closed\" data-scroll-offset=\"0\" data-anchor-in-url=\"no\"><div class=\"su-spoiler-title\" tabindex=\"0\" role=\"button\"><span class=\"su-spoiler-icon\"><\/span>Business and Health Analytics (BUHA)<\/div><div class=\"su-spoiler-content su-u-clearfix su-u-trim\">\n<ul>\n<li>Bachelorabschluss in Wirtschaftswissenschaften, Informatik oder Mathematik oder vergleichbarer Abschluss mit einem Anteil von mindestens 90 Leistungspunkten aus den Bereichen Wirtschaftswissenschaften, Informatik, Mathematik und \u00d6konometrie<\/li>\n<li>Mindestnote des Abschlusses: befriedigend (3,0)<\/li>\n<li>mindestens 12 Leistungspunkte aus den Bereichen Technologiemanagement, Produktion, Logistik, Data Science und\/oder Operations Research<\/li>\n<li>Kenntnisse der englischen Sprache auf dem Niveau B2 (Erl\u00e4uterung siehe unten &#8222;Englische Sprachkenntnisse&#8220;)<\/li>\n<\/ul>\n<\/div><\/div>\n<div class=\"su-spoiler su-spoiler-style-fancy su-spoiler-icon-folder-1 su-spoiler-closed\" data-scroll-offset=\"0\" data-anchor-in-url=\"no\"><div class=\"su-spoiler-title\" tabindex=\"0\" role=\"button\"><span class=\"su-spoiler-icon\"><\/span>Controlling und Risikomanagement (CRM)<\/div><div class=\"su-spoiler-content su-u-clearfix su-u-trim\">\n<ul>\n<li>Bachelorabschluss in Betriebswirtschaftslehre oder vergleichbarer Abschluss mit einem wirtschaftswissenschaftlichen Anteil von mindestens 90 Leistungspunkten oder Abschluss im Bereich Mathematik mit einem wirtschaftswissenschaftlichen Anteil von mindestens 30 Leistungspunkten<\/li>\n<li>Mindestnote des Abschlusses: befriedigend (3,0)<\/li>\n<li>mindestens 10 Leistungspunkte aus dem Gebiet Mathematik\/Statistik<\/li>\n<li>Kenntnisse der englischen Sprache auf dem Niveau B2 (Erl\u00e4uterung siehe unten &#8222;Englische Sprachkenntnisse&#8220;)<\/li>\n<\/ul>\n<\/div><\/div>\n<div class=\"su-spoiler su-spoiler-style-fancy su-spoiler-icon-folder-1 su-spoiler-closed\" data-scroll-offset=\"0\" data-anchor-in-url=\"no\"><div class=\"su-spoiler-title\" tabindex=\"0\" role=\"button\"><span class=\"su-spoiler-icon\"><\/span>Deutsches und Europ\u00e4isches Wirtschaftsrecht (DEWR)<\/div><div class=\"su-spoiler-content su-u-clearfix su-u-trim\">\n<ul>\n<li>Studium mit erfolgreich abgeschlossener Abschlusspr\u00fcfung der nachfolgenden Art:\n<ul>\n<li>Bachelorabschluss im Studiengang Deutsches und Europ\u00e4isches Wirtschaftsrecht oder in einem vergleichbaren Studiengang\u00a0\u00a0 oder<\/li>\n<li>Bachelorabschluss in einem anderen Studiengang mit mindestens 60 Leistungspunkten in juristischen F\u00e4chern\u00a0\u00a0 oder<\/li>\n<li>Diplom- oder Magisterpr\u00fcfung mit mindestens 60 Leistungspunkten in juristischen F\u00e4chern\u00a0\u00a0 oder<\/li>\n<li>Staatspr\u00fcfung zum 1. juristischen Staatsexamen<\/li>\n<\/ul>\n<\/li>\n<li>Kenntnisse der englischen Sprache:\n<ul>\n<li>Englischkenntnisse auf dem Niveau B2\u00a0 oder<\/li>\n<li>bestandene Pr\u00fcfungen zu englischsprachigen Veranstaltungen im Umfang von 4 Semesterwochenstunden\u00a0\u00a0 oder<\/li>\n<li>dreimonatiges Praktikum im englischsprachigen Ausland\u00a0\u00a0 oder<\/li>\n<li>einsemestriger Studienaufenthalt im englischsprachigen Ausland<\/li>\n<\/ul>\n<\/li>\n<\/ul>\n<p>Sind die Voraussetzungen hinsichtlich der Mindestleistungspunktzahl (s.o.) nicht erf\u00fcllt, kann die Eignung f\u00fcr den Zugang zum Masterstudiengang in einem individuellen Eignungsgespr\u00e4ch\u00a0 festgestellt werden.<\/p>\n<\/div><\/div>\n<div class=\"su-spoiler su-spoiler-style-fancy su-spoiler-icon-folder-1 su-spoiler-closed\" data-scroll-offset=\"0\" data-anchor-in-url=\"no\"><div class=\"su-spoiler-title\" tabindex=\"0\" role=\"button\"><span class=\"su-spoiler-icon\"><\/span>Economic Policy (EP)<\/div><div class=\"su-spoiler-content su-u-clearfix su-u-trim\">\n<ul>\n<li>Bachelorabschluss in Volkswirtschaftslehre\u00a0 oder vergleichbarer Abschluss mit einem volkswirtschaftlichen Anteil von mindestens 100 Leistungspunkten<\/li>\n<li>Mindestnote des Abschlusses: gut (2,5)<\/li>\n<li>Kenntnisse der englischen Sprache auf dem Niveau B2<\/li>\n<\/ul>\n<\/div><\/div>\n<div class=\"su-spoiler su-spoiler-style-fancy su-spoiler-icon-folder-1 su-spoiler-closed\" data-scroll-offset=\"0\" data-anchor-in-url=\"no\"><div class=\"su-spoiler-title\" tabindex=\"0\" role=\"button\"><span class=\"su-spoiler-icon\"><\/span>Entrepreneurship and SME Management (SME)<\/div><div class=\"su-spoiler-content su-u-clearfix su-u-trim\">\n<ul>\n<li>Bachelorabschluss in Betriebswirtschaftslehre\u00a0 oder vergleichbarer Abschluss mit einem wirtschaftswissenschaftlichen Anteil von mindestens 60 Leistungspunkten<\/li>\n<li>Mindestnote des Abschlusses: befriedigend (3,0)<\/li>\n<li>Kenntnisse der englischen Sprache auf dem Niveau B2 (Erl\u00e4uterung siehe unten &#8222;Englische Sprachkenntnisse&#8220;)<\/li>\n<\/ul>\n<\/div><\/div>\n<div class=\"su-spoiler su-spoiler-style-fancy su-spoiler-icon-folder-1 su-spoiler-closed\" data-scroll-offset=\"0\" data-anchor-in-url=\"no\"><div class=\"su-spoiler-title\" tabindex=\"0\" role=\"button\"><span class=\"su-spoiler-icon\"><\/span>Human-Computer Interaction (HCI)<\/div><div class=\"su-spoiler-content su-u-clearfix su-u-trim\">\n<ul>\n<li>Bachelorabschluss in Wirtschaftsinformatik, Informatik, Betriebswirtschaftslehre, Design, Psychologie oder Soziologie oder vergleichbarer Abschluss mit einem Anteil von mindestens 60 Leistungspunkten aus den Gebieten der oben genannten Fachstudieng\u00e4nge<\/li>\n<li>Mindestnote des Abschlusses: gut (2,5)<\/li>\n<li>Kenntnisse der englischen Sprache:\n<ul>\n<li>TOEFL mit einem Ergebnis von mindestens 94 Punkten \u00a0 oder<\/li>\n<li>IELTS-Test mit einem Ergebnis von mindestens 6.5\u00a0\u00a0 oder<\/li>\n<li>Cambridge B2 First mit mindestens 173 Punkten (Note B)\u00a0\u00a0 oder<\/li>\n<li>PTE Academic mit mindestens 58 Punkten\u00a0\u00a0 oder<\/li>\n<li>Ein Zeugnis, das englische Sprachkenntnisse auf dem Niveau B2\u00a0 ausweist<\/li>\n<\/ul>\n<\/li>\n<\/ul>\n<\/div><\/div>\n<div class=\"su-spoiler su-spoiler-style-fancy su-spoiler-icon-folder-1 su-spoiler-closed\" data-scroll-offset=\"0\" data-anchor-in-url=\"no\"><div class=\"su-spoiler-title\" tabindex=\"0\" role=\"button\"><span class=\"su-spoiler-icon\"><\/span>Management und M\u00e4rkte (MM)<\/div><div class=\"su-spoiler-content su-u-clearfix su-u-trim\">\n<ul>\n<li>entweder\n<ul>\n<li>Bachelorabschluss in Betriebswirtschaftslehre\u00a0 oder vergleichbarer Abschluss mit einem wirtschaftswissenschaftlichen Anteil von mindestens 90 Leistungspunkten<\/li>\n<li>Mindestnote des Abschlusses: befriedigend (3,0)<\/li>\n<\/ul>\n<\/li>\n<\/ul>\n<p style=\"padding-left: 40px;\">oder<\/p>\n<ul>\n<li style=\"list-style-type: none;\">\n<ul>\n<li>Bachelorabschluss oder vergleichbarer Abschluss mit einem wirtschaftswissenschaftlichen Anteil von mindestens 60 Leistungspunkten<\/li>\n<li>Mindestnote des Abschlusses: gut (2,0)<\/li>\n<li>Das Studium muss Leistungen aus den folgenden Gebieten im Umfang von jeweils 6 Leistungspunkten enthalten:\n<ul>\n<li>Bilanzierung und Buchf\u00fchrung<\/li>\n<li>Produktion<\/li>\n<li>Mikro\u00f6konomik<\/li>\n<li>Makro\u00f6konomik<\/li>\n<\/ul>\n<\/li>\n<\/ul>\n<\/li>\n<\/ul>\n<p style=\"padding-left: 80px;\">Sind diese genannten Pr\u00fcfungen nicht Gegenstand des Studiums gewesen, dann erfolgt eine Zulassung unter der Auflage, dass w\u00e4hrend des Masterstudiums die entsprechenden Pr\u00fcfungen aus dem Bachelorstudiengang Betriebswirtschaftslehre an der Universit\u00e4t Siegen nachzuholen sind.<\/p>\n<ul>\n<li>Kenntnisse der englischen Sprache auf dem Niveau B2 (Erl\u00e4uterung siehe unten &#8222;Englische Sprachkenntnisse&#8220;)<\/li>\n<\/ul>\n<\/div><\/div>\n<div class=\"su-spoiler su-spoiler-style-fancy su-spoiler-icon-folder-1 su-spoiler-closed\" data-scroll-offset=\"0\" data-anchor-in-url=\"no\"><div class=\"su-spoiler-title\" tabindex=\"0\" role=\"button\"><span class=\"su-spoiler-icon\"><\/span>Plurale und Transformative \u00d6konomik<\/div><div class=\"su-spoiler-content su-u-clearfix su-u-trim\">\n<ul>\n<li>Erfolgreich abgeschlossenes Studium der nachfolgenden Art:\n<ul>\n<li>Bachelorabschluss in einem wirtschaftswissenschaftlichen Studiengang\u00a0\u00a0 oder<\/li>\n<li>Bachelorabschluss in einer anderen Disziplin mit mindestens 30 Leistungspunkten, die wirtschaftliche Themen behandeln (alle volks- und betriebswirtschaftlichen F\u00e4cher sowie thematisch einschl\u00e4gige F\u00e4cher aus anderen Disziplinen, z.B. Politische \u00d6konomie, Wirtschaftssoziologie, Wirtschaftsgeographie)<\/li>\n<\/ul>\n<\/li>\n<li>Kenntnisse der englischen Sprache auf dem Niveau B2 (Erl\u00e4uterung siehe unten &#8222;Englische Sprachkenntnisse&#8220;)<\/li>\n<\/ul>\n<\/div><\/div>\n<div class=\"su-spoiler su-spoiler-style-fancy su-spoiler-icon-folder-1 su-spoiler-closed\" data-scroll-offset=\"0\" data-anchor-in-url=\"no\"><div class=\"su-spoiler-title\" tabindex=\"0\" role=\"button\"><span class=\"su-spoiler-icon\"><\/span>Wirtschaftsinformatik (WInf)<\/div><div class=\"su-spoiler-content su-u-clearfix su-u-trim\">\n<ul>\n<li>Bachelorabschluss in Wirtschaftsinformatik oder vergleichbarer Abschluss mit einem Anteil von mindestens 90 Leistungspunkten aus den Gebieten der Wirtschaftsinformatik, Informatik oder Betriebswirtschaftslehre<\/li>\n<li>Mindestnote des Abschlusses: befriedigend (3,0)<\/li>\n<li>Kenntnisse der englischen Sprache auf dem Niveau B2 (Erl\u00e4uterung siehe unten &#8222;Englische Sprachkenntnisse&#8220;)<\/li>\n<\/ul>\n<\/div><\/div>\n<p>&nbsp;<\/p>\n<h3>Englische Sprachkenntnisse<\/h3>\n<div class=\"su-spoiler su-spoiler-style-fancy su-spoiler-icon-folder-1 su-spoiler-closed\" data-scroll-offset=\"0\" data-anchor-in-url=\"no\"><div class=\"su-spoiler-title\" tabindex=\"0\" role=\"button\"><span class=\"su-spoiler-icon\"><\/span>Englische Sprachkenntnisse<\/div><div class=\"su-spoiler-content su-u-clearfix su-u-trim\">\n<p>Sofern f\u00fcr die Zulassung zu einem Masterstudiengang Kenntnisse der englischen Sprache auf dem Niveau B2 gem\u00e4\u00df Gemeinsamen Europ\u00e4ischen Referenzrahmen f\u00fcr Sprachen (GER\/CEF) gefordert werden, k\u00f6nnen diese auf die folgenden Weisen nachgewiesen werden. Tests m\u00fcssen die Fertigkeiten H\u00f6ren, Lesen, Sprechen und Schreiben umfassen.<\/p>\n<table>\n<tbody>\n<tr>\n<td>Abitur<\/td>\n<td>Im Zeugnis der deutschen Allgemeinen Hochschulreife muss die Note im Fach Englisch mindestens ausreichend (5 Punkte) betragen. (Hinweis: In den neueren Zeugnissen wird i.d.R. das Sprachniveau explizit ausgewiesen.)<\/td>\n<\/tr>\n<tr>\n<td>Fachhochschulreife<\/td>\n<td>Im Zeugnis der deutschen Fachhochschulreife muss f\u00fcr das Fach Englisch mindestens das Niveau B2 ausgewiesen sein.<\/td>\n<\/tr>\n<tr>\n<td>Muttersprachler<\/td>\n<td>Die Hochschulzugangsberechtigung wurde in einem englischsprachigen Land (Gro\u00dfbritannien, Irland, Australien, Neuseeland, Kanada, Vereinigte Staaten von Amerika) erworben.<\/td>\n<\/tr>\n<tr>\n<td>Englischsprachiger Bachelorabschluss<\/td>\n<td>Bachelorabschluss in einem englischsprachigen Studiengang: Die Hochschule muss entweder in einem englischsprachigen Land (Gro\u00dfbritannien, Irland, Australien, Neuseeland, Kanada, Vereinigte Staaten von Amerika) liegen, oder die Hochschule muss CEMS Mitglied oder EQUIS\/AACSB akkreditiert sein. (Im Fall eines Doppel-Bachelor-Abschl\u00fcssen m\u00fcssen mindestens zwei Semester im englischsprachigem Ausland absolviert worden sein.)<\/td>\n<\/tr>\n<tr>\n<td>TOEFL iBT<\/td>\n<td>72 (oder besser)<\/td>\n<\/tr>\n<tr>\n<td>Cambridge Test<\/td>\n<td>B2 Business Vantage (BEC Vantage), C1 Business Higher (BEC Higher), B2 First (FCE),\u00a0 C1 Advanced (CAE), C2 Proficiency (CPE)<\/td>\n<\/tr>\n<tr>\n<td>TOEIC Listening &amp; Reading,<br \/>\nTOEIC Speaking &amp; Writing<\/td>\n<td>Listening: 400; Reading: 385; Speaking: 160; Writing: 150 (oder besser)<\/td>\n<\/tr>\n<tr>\n<td>IELTS Academic<\/td>\n<td>5.5 (oder besser)<\/td>\n<\/tr>\n<tr>\n<td>PTE<\/td>\n<td>60 Punkte (oder besser)<\/td>\n<\/tr>\n<tr>\n<td>UNIcert<\/td>\n<td>Stufe II (oder h\u00f6her)<\/td>\n<\/tr>\n<tr>\n<td>Europ\u00e4isches Abitur<br \/>\n(European Baccalaureat, International Baccalaureat)<\/td>\n<td>Englisch muss erste oder zweite Sprache sein.<\/td>\n<\/tr>\n<\/tbody>\n<\/table>\n<\/div><\/div>\n<p>&nbsp;<\/p>\n","protected":false},"excerpt":{"rendered":"<p>Zugangsvoraussetzungen Folgende Voraussetzungen m\u00fcssen f\u00fcr eine Einschreibung gegeben sein: Die Zugangsvoraussetzungen f\u00fcr den jeweiligen Studiengang (siehe unten) m\u00fcssen erf\u00fcllt sein. Bewerber, die ihre Studienqualifikation (z.B. Abitur) nicht an einer deutsch-sprachigen Einrichtung erworben haben, m\u00fcssen f\u00fcr die Einschreibung entsprechende Kenntnisse der deutschen Sprache (in der Regel DSH-2) nachweisen; dies gilt nicht f\u00fcr f\u00fcr die beiden internationalen [&hellip;]<\/p>\n","protected":false},"author":6,"featured_media":0,"parent":218,"menu_order":0,"comment_status":"closed","ping_status":"closed","template":"","meta":{"footnotes":""},"class_list":["post-2493","page","type-page","status-publish","hentry"],"_links":{"self":[{"href":"https:\/\/pafak3.wiwi.uni-siegen.de\/info\/wp-json\/wp\/v2\/pages\/2493","targetHints":{"allow":["GET"]}}],"collection":[{"href":"https:\/\/pafak3.wiwi.uni-siegen.de\/info\/wp-json\/wp\/v2\/pages"}],"about":[{"href":"https:\/\/pafak3.wiwi.uni-siegen.de\/info\/wp-json\/wp\/v2\/types\/page"}],"author":[{"embeddable":true,"href":"https:\/\/pafak3.wiwi.uni-siegen.de\/info\/wp-json\/wp\/v2\/users\/6"}],"replies":[{"embeddable":true,"href":"https:\/\/pafak3.wiwi.uni-siegen.de\/info\/wp-json\/wp\/v2\/comments?post=2493"}],"version-history":[{"count":61,"href":"https:\/\/pafak3.wiwi.uni-siegen.de\/info\/wp-json\/wp\/v2\/pages\/2493\/revisions"}],"predecessor-version":[{"id":6135,"href":"https:\/\/pafak3.wiwi.uni-siegen.de\/info\/wp-json\/wp\/v2\/pages\/2493\/revisions\/6135"}],"up":[{"embeddable":true,"href":"https:\/\/pafak3.wiwi.uni-siegen.de\/info\/wp-json\/wp\/v2\/pages\/218"}],"wp:attachment":[{"href":"https:\/\/pafak3.wiwi.uni-siegen.de\/info\/wp-json\/wp\/v2\/media?parent=2493"}],"curies":[{"name":"wp","href":"https:\/\/api.w.org\/{rel}","templated":true}]}}