{"id":276,"date":"2018-10-30T15:19:22","date_gmt":"2018-10-30T14:19:22","guid":{"rendered":"https:\/\/dekanatfakultaet3.wiwi.uni-siegen.de\/faq\/?page_id=276"},"modified":"2023-12-06T12:46:03","modified_gmt":"2023-12-06T11:46:03","slug":"studienanfaenger","status":"publish","type":"page","link":"https:\/\/pafak3.wiwi.uni-siegen.de\/info\/studienanfaenger\/","title":{"rendered":"Studienanf\u00e4nger"},"content":{"rendered":"<h1 class=\"title\">Studienanf\u00e4nger<\/h1>\n<p>Die nachfolgenden Information betreffen die Bachelorstudieng\u00e4nge<\/p>\n<ul>\n<li>Betriebswirtschaftslehre<\/li>\n<li>Volkswirtschaftslehre<\/li>\n<li>Wirtschaftsinformatik<\/li>\n<li>Wirtschaftsrecht<\/li>\n<\/ul>\n<p>und die Masterstudieng\u00e4nge<\/p>\n<ul>\n<li>Accounting, Auditing and Taxation<\/li>\n<li>Controlling und Risikomanagement<\/li>\n<li>Human Computer Interaction<\/li>\n<li>Management kleiner und mittlerer Unternehmen<\/li>\n<li>Management und M\u00e4rkte<\/li>\n<li>Plurale \u00d6konomik<\/li>\n<li>Volkswirtschaftslehre<\/li>\n<li>Wirtschaftsinformatik<\/li>\n<\/ul>\n<p>E-Mail-Adressen, Telefonnummern, Anschrift, \u00d6ffnungszeiten, etc. f\u00fcr das Pr\u00fcfungsamt stehen unter der Seite <a class=\" cd_intlink\" href=\"https:\/\/pafak3.wiwi.uni-siegen.de\/info\/kontakt\/\">Kontakt<\/a>.<\/p>\n<p>Unter der Seite <a href=\"https:\/\/pafak3.wiwi.uni-siegen.de\/info\/studiengaenge\/\">Studieng\u00e4nge<\/a> finden Sie \u00dcbersichten \u00fcber die Module und Modulelemente sowie Studiengangs\u00fcbersichten f\u00fcr das vollst\u00e4ndige Studium. Dort finden Sie auch die Modulhandb\u00fccher und Pr\u00fcfungsordnungen der einzelnen Studieng\u00e4ngen.<\/p>\n<div class=\"su-box su-box-style-default\" id=\"\" style=\"border-color:#000000;border-radius:3px\"><div class=\"su-box-title\" style=\"background-color:#333333;color:#FFFFFF;border-top-left-radius:1px;border-top-right-radius:1px\">WICHTIG!<\/div><div class=\"su-box-content su-u-clearfix su-u-trim\" style=\"border-bottom-left-radius:1px;border-bottom-right-radius:1px\">\n<p>Nach der Einschreibung, die beim Studierendensekretariat bzw. bei STARTING erfolgt, ist beim Pr\u00fcfungsamt der <a href=\"https:\/\/pafak3.wiwi.uni-siegen.de\/info\/wp-content\/uploads\/Studienanfaenger\/Zulassungsantrag_Bachelor.pdf\" class=\"mtli_attachment mtli_pdf\" target=\"_blank\" rel=\"noopener noreferrer\">Antrag auf Zulassung zur Bachelorpr\u00fcfung<\/a> oder der <a href=\"https:\/\/pafak3.wiwi.uni-siegen.de\/info\/wp-content\/uploads\/Studienanfaenger\/Zulassungsantrag_Master.pdf\" class=\"mtli_attachment mtli_pdf\" target=\"_blank\" rel=\"noopener noreferrer\">Antrag auf Zulassung zur Masterpr\u00fcfung<\/a>\u00a0 (bzw. f\u00fcr die Masterstudieng\u00e4nge Economic Policy und Human Computer Interaction: <a href=\"https:\/\/pafak3.wiwi.uni-siegen.de\/info\/wp-content\/uploads\/2023\/12\/Registration-Approval-for-Examinations.pdf\" class=\"mtli_attachment mtli_pdf\">Registration Approval for Examinations<\/a>, <a href=\"https:\/\/hci-siegen.de\/wp-content\/uploads\/2021\/01\/Exam_registration_form_HCI_EN.pdf\" class=\"mtli_attachment mtli_pdf\">Exam_registration_form_HCI<\/a> ) zu stellen. Das Antragsformular ist auch im Pr\u00fcfungsamt erh\u00e4ltlich; mit dem ausgef\u00fcllten Antrag ist f\u00fcr einen Masterstudiengang die Urkunde und das Zeugnis (jeweils in Kopie) des vorangehenden Studiums abzugeben. Im Bachelorstudiengang ist nur der Antrag auf Zulassung abzugeben. Erst nach Abgabe dieses Antrages ist eine Anmeldung f\u00fcr die einzelnen Pr\u00fcfungen oder Erfassung von Leistungen aufgrund von Anrechnungen zul\u00e4ssig bzw. m\u00f6glich.<\/p>\n<\/div><\/div>\n<p>Die Anmeldungen zu den einzelnen Pr\u00fcfungen erfolgt grunds\u00e4tzlich online \u00fcber Unisono, das Campusmanagement-System der Universit\u00e4t Siegen, Erl\u00e4uterungen hierzu finden sich unter Online An-\/Abmeldung unter Unisono. Einen Rahmenterminplan f\u00fcr die Pr\u00fcfungen wird zu Beginn des Semesters unter Pr\u00fcfungen &gt; <a href=\"https:\/\/pafak3.wiwi.uni-siegen.de\/info\/pruefungen\/termine\/\">Termine<\/a>, die Termine f\u00fcr die einzelnen Pr\u00fcfungen werden im Laufe des Semesters unter\u00a0<a class=\" cd_intlink\" href=\"https:\/\/pafak3.wiwi.uni-siegen.de\/info\/pruefungen\/pruefungstermine\/\">Pr\u00fcfungstermine<\/a> bekanntgegeben. Bitte beachten Sie, dass die Anmeldung f\u00fcr den zweiten Pr\u00fcfungstermin in Abh\u00e4ngigkeit vom Pr\u00fcfungstag der Klausur des ersten Pr\u00fcfungstermins erfolgt.<\/p>\n<p>F\u00fcr den Fall einer Erkrankung beachten Sie bitte die Hinweise unter <a class=\" cd_intlink\" href=\"https:\/\/pafak3.wiwi.uni-siegen.de\/info\/studiengaenge\/abschlussarbeiten-krankheitsfall-pruefungen\/\">Krankheit<\/a>.<\/p>\n<p>Unter <a class=\" cd_intlink\" href=\"https:\/\/pafak3.wiwi.uni-siegen.de\/info\/herzlich-willkommen\/news\/\">News<\/a> finden sich aktuelle Informationen, die sich in der Regel auf das laufende Semester beziehen; bitte schauen Sie auch regelm\u00e4\u00dfig unter Aktuelles nach, ob es neue wichtige Entwicklungen im Pr\u00fcfungsamt oder in Ihrem Studiengang gibt.<\/p>\n<div class=\"su-spoiler su-spoiler-style-fancy su-spoiler-icon-folder-1 su-spoiler-closed\" data-scroll-offset=\"0\" data-anchor-in-url=\"no\"><div class=\"su-spoiler-title\" tabindex=\"0\" role=\"button\"><span class=\"su-spoiler-icon\"><\/span>unisono Kurzanleitung<\/div><div class=\"su-spoiler-content su-u-clearfix su-u-trim\">\n<p><a href=\"https:\/\/pafak3.wiwi.uni-siegen.de\/info\/wp-content\/uploads\/Anleitung\/Belegung-von-Veranstaltungen-in-unisono.pdf\" class=\"mtli_attachment mtli_pdf\" target=\"_blank\" rel=\"noopener noreferrer\">Anmeldung und Abmeldung von Veranstaltungen<\/a><br \/>\n<a href=\"https:\/\/pafak3.wiwi.uni-siegen.de\/info\/wp-content\/uploads\/Anleitung\/Anmeldung-zur-Pruefungsleistungen.pdf\" class=\"mtli_attachment mtli_pdf\" target=\"_blank\" rel=\"noopener noreferrer\">Anmeldung und Abmeldung zur Studien- und Pr\u00fcfungsleistung <\/a><\/p>\n<\/div><\/div>\n","protected":false},"excerpt":{"rendered":"<p>Studienanf\u00e4nger Die nachfolgenden Information betreffen die Bachelorstudieng\u00e4nge Betriebswirtschaftslehre Volkswirtschaftslehre Wirtschaftsinformatik Wirtschaftsrecht und die Masterstudieng\u00e4nge Accounting, Auditing and Taxation Controlling und Risikomanagement Human Computer Interaction Management kleiner und mittlerer Unternehmen Management und M\u00e4rkte Plurale \u00d6konomik Volkswirtschaftslehre Wirtschaftsinformatik E-Mail-Adressen, Telefonnummern, Anschrift, \u00d6ffnungszeiten, etc. f\u00fcr das Pr\u00fcfungsamt stehen unter der Seite Kontakt. Unter der Seite Studieng\u00e4nge finden Sie [&hellip;]<\/p>\n","protected":false},"author":2,"featured_media":0,"parent":0,"menu_order":12,"comment_status":"closed","ping_status":"closed","template":"","meta":{"footnotes":""},"class_list":["post-276","page","type-page","status-publish","hentry"],"_links":{"self":[{"href":"https:\/\/pafak3.wiwi.uni-siegen.de\/info\/wp-json\/wp\/v2\/pages\/276","targetHints":{"allow":["GET"]}}],"collection":[{"href":"https:\/\/pafak3.wiwi.uni-siegen.de\/info\/wp-json\/wp\/v2\/pages"}],"about":[{"href":"https:\/\/pafak3.wiwi.uni-siegen.de\/info\/wp-json\/wp\/v2\/types\/page"}],"author":[{"embeddable":true,"href":"https:\/\/pafak3.wiwi.uni-siegen.de\/info\/wp-json\/wp\/v2\/users\/2"}],"replies":[{"embeddable":true,"href":"https:\/\/pafak3.wiwi.uni-siegen.de\/info\/wp-json\/wp\/v2\/comments?post=276"}],"version-history":[{"count":28,"href":"https:\/\/pafak3.wiwi.uni-siegen.de\/info\/wp-json\/wp\/v2\/pages\/276\/revisions"}],"predecessor-version":[{"id":4976,"href":"https:\/\/pafak3.wiwi.uni-siegen.de\/info\/wp-json\/wp\/v2\/pages\/276\/revisions\/4976"}],"wp:attachment":[{"href":"https:\/\/pafak3.wiwi.uni-siegen.de\/info\/wp-json\/wp\/v2\/media?parent=276"}],"curies":[{"name":"wp","href":"https:\/\/api.w.org\/{rel}","templated":true}]}}