{"id":301,"date":"2018-11-05T09:15:31","date_gmt":"2018-11-05T08:15:31","guid":{"rendered":"https:\/\/dekanatfakultaet3.wiwi.uni-siegen.de\/faq\/?page_id=301"},"modified":"2026-02-05T11:40:59","modified_gmt":"2026-02-05T10:40:59","slug":"vwl","status":"publish","type":"page","link":"https:\/\/pafak3.wiwi.uni-siegen.de\/info\/studiengaenge\/bachelor\/vwl\/","title":{"rendered":"VWL"},"content":{"rendered":"<h1 class=\"title\">Bachelor-Studiengang Volkswirtschaftslehre<\/h1>\n<p>In diesem Bereich stehen Informationen zum Studienaufbau und zur Studienplanung des Bachelorstudiengangs Volkswirtschaftslehre. Sie finden<\/p>\n<ul>\n<li>Modulhandb\u00fccher und Pr\u00fcfungsordnungen zum Studiengang.<\/li>\n<li>Studiengangs\u00fcbersichten und weitere Informationen.<\/li>\n<li>Wichtige Formulare f\u00fcr Anmeldung zur Abschlussarbeit, Anmeldungen und Abmeldungen von Pr\u00fcfungen, etc.<\/li>\n<li>Formulare speziell f\u00fcr den Studiengang Volkswirtschaftslehre.<\/li>\n<li>Antrag auf Anrechnung von Pr\u00fcfungsleistungen.<\/li>\n<li>Spezielle Regularien und Informationen zu einzelnen Modulen.<\/li>\n<\/ul>\n<p>Weitere inhaltliche Informationen \u00fcber die Studieng\u00e4nge finden Sie auf den Seiten der Fakult\u00e4t (<a href=\"https:\/\/www.wiwi.uni-siegen.de\/dekanat\/studium\">hier<\/a>).<\/p>\n<p><span style=\"color: #bd0000;\"><strong>Der Bachelorstudiengang Volkswirtschaftslehre l\u00e4uft im Wintersemester 2030\/31 aus. Neueinschreibungen in diesen Studiengang sind ab dem Sommersemester 2026 nicht mehr m\u00f6glich.<\/strong><\/span><\/p>\n<div class=\"su-spoiler su-spoiler-style-fancy su-spoiler-icon-folder-1 su-spoiler-closed\" data-scroll-offset=\"0\" data-anchor-in-url=\"no\"><div class=\"su-spoiler-title\" tabindex=\"0\" role=\"button\"><span class=\"su-spoiler-icon\"><\/span>Pr\u00fcfungsordnungen\/Studiengang\u00fcbersichten<\/div><div class=\"su-spoiler-content su-u-clearfix su-u-trim\">\n<h2>Version 2019<\/h2>\n<table>\n<tbody>\n<tr>\n<th>Pr\u00fcfungsordnungen<\/th>\n<th>Studiengang\u00fcbersichten<\/th>\n<th>Langfristplanung<\/th>\n<\/tr>\n<tr>\n<td><a href=\"https:\/\/pafak3.wiwi.uni-siegen.de\/info\/wp-content\/uploads\/Studiengang\/MH_und_PO\/vwl-bsc-2019_po.pdf\" class=\"mtli_attachment mtli_pdf\" target=\"_blank\" rel=\"noopener noreferrer\">Pr\u00fcfungsordnung AM 32\/2019<\/a><\/td>\n<td><a href=\"https:\/\/pafak3.wiwi.uni-siegen.de\/info\/wp-content\/uploads\/Studiengang\/Studiengangsuebersichten\/vwl-bsc-2019.pdf\" class=\"mtli_attachment mtli_pdf\" target=\"_blank\" rel=\"noopener noreferrer\">Studiengang\u00fcbersicht<\/a><\/td>\n<td><a href=\"https:\/\/pafak3.wiwi.uni-siegen.de\/info\/wp-content\/uploads\/Studiengang\/Langfristplanung\/vwl-bsc-2019.pdf\" class=\"mtli_attachment mtli_pdf\" target=\"_blank\" rel=\"noopener noreferrer\">Langfristplanung<\/a><\/td>\n<\/tr>\n<tr>\n<td><a href=\"https:\/\/pafak3.wiwi.uni-siegen.de\/info\/wp-content\/uploads\/Studiengang\/MH_und_PO\/vwl-bsc-2019_aeo1.pdf\" class=\"mtli_attachment mtli_pdf\" target=\"_blank\" rel=\"noopener noreferrer\">1. \u00c4nderungsordnung AM 9\/2020<\/a><\/td>\n<td><\/td>\n<td><\/td>\n<\/tr>\n<tr>\n<td><a href=\"https:\/\/pafak3.wiwi.uni-siegen.de\/info\/wp-content\/uploads\/Studiengang\/MH_und_PO\/vwl-bsc-2019_aeo2.pdf\" class=\"mtli_attachment mtli_pdf\" target=\"_blank\" rel=\"noopener noreferrer\">2. \u00c4nderungsordnung AM 81\/2021<\/a><\/td>\n<td><\/td>\n<td><\/td>\n<\/tr>\n<\/tbody>\n<\/table>\n<p><span style=\"color: #b00000;\"><strong>Studierende k\u00f6nnen das Bachelorstudium &#8222;Volkswirtschaftslehre&#8220; noch bis zum 31.03.2031 abschlie\u00dfen.<\/strong><\/span><\/p>\n<\/div><\/div>\n<div class=\"su-spoiler su-spoiler-style-fancy su-spoiler-icon-folder-1 su-spoiler-closed\" data-scroll-offset=\"0\" data-anchor-in-url=\"no\"><div class=\"su-spoiler-title\" tabindex=\"0\" role=\"button\"><span class=\"su-spoiler-icon\"><\/span>Seminare<\/div><div class=\"su-spoiler-content su-u-clearfix su-u-trim\">\n<p><a href=\"https:\/\/pafak3.wiwi.uni-siegen.de\/info\/pruefungen\/seminare\/\">Informationen zu Seminaren<\/a><\/p>\n<\/div><\/div>\n<div class=\"su-spoiler su-spoiler-style-fancy su-spoiler-icon-folder-1 su-spoiler-closed\" data-scroll-offset=\"0\" data-anchor-in-url=\"no\"><div class=\"su-spoiler-title\" tabindex=\"0\" role=\"button\"><span class=\"su-spoiler-icon\"><\/span>Anerkennung von Digitale \u00d6konomie als Europ\u00e4ische Wirtschaftspolitik<\/div><div class=\"su-spoiler-content su-u-clearfix su-u-trim\">\n<p>Die Pr\u00fcfung zur Veranstaltung \u201eDigitale \u00d6konomie\u201c (3HUNOL300V) von Herrn Prof. Dr. Hunold kann wahlweise als Europ\u00e4ische Wirtschaftspolitik I (3VWLBA007-P1), Europ\u00e4ische Wirtschaftspolitik II (3VWLBA008-P1) oder Europ\u00e4ische Wirtschaftspolitik III (3VWLBA009-P1) abgelegt werden. Dabei gelten die nachfolgende Regelungen (es wird auf Europ\u00e4ische Wirtschaftspolitik I als Beispiel abgestellt; Entsprechendes gilt f\u00fcr <em>Europ\u00e4ische Wirtschaftspolitik II<\/em> und <em>Europ\u00e4ische Wirtschaftspolitik III<\/em>):<\/p>\n<ul>\n<li><em>Digitale \u00d6konomie<\/em> kann nicht als <em>Europ\u00e4ische Wirtschaftspolitik I<\/em>, gew\u00e4hlt werden, wenn <em>Europ\u00e4ische Wirtschaftspolitik I<\/em> bereits bestanden wurde.<\/li>\n<li>Wird <em>Digitale \u00d6konomie<\/em> als <em>Europ\u00e4ische Wirtschaftspolitik I<\/em> gew\u00e4hlt und es liegen bereits Fehlversuche f\u00fcr <em>Europ\u00e4ische Wirtschaftspolitik I<\/em> vor, dann gilt eine Teilnahme an der Pr\u00fcfung als n\u00e4chster Pr\u00fcfungsversuch f\u00fcr <em>Europ\u00e4ische Wirtschaftspolitik I<\/em> (d.h. die Fehlversuche aus <em>Monetary Policy<\/em> werden mitgez\u00e4hlt).<\/li>\n<li>Wird <em>Digitale \u00d6konomie<\/em> als <em>Europ\u00e4ische Wirtschaftspolitik I<\/em> gew\u00e4hlt und die Pr\u00fcfung bestanden, dann muss (und kann) <em>Monetary Policy<\/em> nicht mehr als <em>Europ\u00e4ische Wirtschaftspolitik I<\/em> gew\u00e4hlt werden.<\/li>\n<li>Wird <em>Digitale \u00d6konomie<\/em> als <em>Europ\u00e4ische Wirtschaftspolitik I<\/em> gew\u00e4hlt und die Pr\u00fcfung nicht bestanden, dann kann sp\u00e4ter wieder <em>Monetary Policy<\/em> als <em>Europ\u00e4ische Wirtschaftspolitik I<\/em> gew\u00e4hlt werden, wobei aber der Fehlversuch f\u00fcr Digitale \u00d6konomie mitgez\u00e4hlt wird.<\/li>\n<li>Die pr\u00fcfungsrechtliche Entscheidung, ob <em>Digitale \u00d6konomie<\/em> als <em>Europ\u00e4ische Wirtschaftspolitik I<\/em> gew\u00e4hlt wird, f\u00e4llt mit der Teilnahme an der Pr\u00fcfung zu <em>Digitale \u00d6konomie<\/em>.<\/li>\n<\/ul>\n<\/div><\/div>\n<div class=\"su-spoiler su-spoiler-style-fancy su-spoiler-icon-folder-1 su-spoiler-closed\" data-scroll-offset=\"0\" data-anchor-in-url=\"no\"><div class=\"su-spoiler-title\" tabindex=\"0\" role=\"button\"><span class=\"su-spoiler-icon\"><\/span>Spezielle Aspekte der Volkswirtschaftslehre<\/div><div class=\"su-spoiler-content su-u-clearfix su-u-trim\">\n<p>In &#8222;Spezielle Aspekte der Volkswirtschaftslehre&#8220; bestehen folgende Wahlm\u00f6glichkeiten:<\/p>\n<h4>1.) Geschichte des \u00f6konomischen Denkens<\/h4>\n<table border=\"0\">\n<tbody>\n<tr>\n<td><strong>Typ<\/strong><\/td>\n<td><strong>Veranstaltung<\/strong><\/td>\n<td><strong>Lage<\/strong><\/td>\n<td><strong>Pr\u00fcfung<\/strong><\/td>\n<td><strong>Pr\u00fcf.-Nr.<\/strong><\/td>\n<\/tr>\n<tr>\n<td>Vorlesung<\/td>\n<td>Geschichte des \u00f6konomischen Denkens<\/td>\n<td>WiSe<\/td>\n<td>Pr\u00fcfungsleistung (6 LP)<\/td>\n<td>3VWLBA014-P2<\/td>\n<\/tr>\n<tr>\n<td>Seminar<\/td>\n<td>Geschichte des \u00f6konomischen Denkens<\/td>\n<td>Sose<\/td>\n<td>Studienleistung\u00a0 (3 LP)<\/td>\n<td>3VWLBA014-SL1<\/td>\n<\/tr>\n<\/tbody>\n<\/table>\n<h4>2.) Wirtschaftsgeschichte<\/h4>\n<table border=\"0\">\n<tbody>\n<tr>\n<td><strong>Typ<\/strong><\/td>\n<td><strong>Veranstaltung<\/strong><\/td>\n<td><strong>Lage<\/strong><\/td>\n<td><strong>Pr\u00fcfung<\/strong><\/td>\n<td><strong>Pr\u00fcf.-Nr.<\/strong><\/td>\n<\/tr>\n<tr>\n<td>Vorlesung &amp; \u00dcbung<\/td>\n<td>Historische Grundlagen des Wirtschaftens<\/td>\n<td>WiSe<\/td>\n<td>Pr\u00fcfungsleistung (6 LP)<br \/>\nStudienleistung\u00a0 (3 LP)<\/td>\n<td>3VWLBA014-P2<br \/>\n3VWLBA014-SL1<\/td>\n<\/tr>\n<\/tbody>\n<\/table>\n<p>&#8222;Wirtschaftsgeschichte&#8220; kann nicht gleichzeitig als &#8222;Spezielle Aspekte der Volkswirtschaftslehre&#8220;\u00a0 und &#8222;Spezielle Aspekte der Wirtschaftswissenschaften&#8220; gew\u00e4hlt werden.<\/p>\n<\/div><\/div>\n<div class=\"su-spoiler su-spoiler-style-fancy su-spoiler-icon-folder-1 su-spoiler-closed\" data-scroll-offset=\"0\" data-anchor-in-url=\"no\"><div class=\"su-spoiler-title\" tabindex=\"0\" role=\"button\"><span class=\"su-spoiler-icon\"><\/span>Spezielle Aspekte der Wirtschaftswissenschaften<\/div><div class=\"su-spoiler-content su-u-clearfix su-u-trim\">\n<p>In &#8222;Spezielle Aspekte der Wirtschaftswissenschaften&#8220; bestehen folgende Wahlm\u00f6glichkeiten:<\/p>\n<h4>1.) Produktion<\/h4>\n<p>Pr\u00fcfung: <em>Produktion<\/em> (3BWLBA007-P); Beschreibung s. Modul 3BWLBA007 im Bachelorstudiengang Betriebswirtschaftslehre.<\/p>\n<h4>2.) Marketing<\/h4>\n<p>Pr\u00fcfung: <em>Marketing<\/em> (3BWLBA008-P); Beschreibung s. Modul 3BWLBA008 im Bachelorstudiengang Betriebswirtschaftslehre.<\/p>\n<h4>3.) Risiko und Finanzierung<\/h4>\n<table border=\"0\">\n<tbody>\n<tr>\n<td><strong>Typ<\/strong><\/td>\n<td><strong>Veranstaltung<\/strong><\/td>\n<td><strong>Lage<\/strong><\/td>\n<td><strong>Pr\u00fcfung<\/strong><\/td>\n<td><strong>Pr\u00fcf.-Nr.<\/strong><\/td>\n<\/tr>\n<tr>\n<td>Vorlesung<\/td>\n<td>Risiko und Finanzierung<br \/>\n(einschlie\u00dflich Zusatz VWL)<\/td>\n<td>WiSe<\/td>\n<td>Pr\u00fcfungsleistung (6 LP)<\/td>\n<td>3VWLBA015-P1<\/td>\n<\/tr>\n<\/tbody>\n<\/table>\n<h4>4.) Wirtschaftsgeschichte<\/h4>\n<table border=\"0\">\n<tbody>\n<tr>\n<td><strong>Typ<\/strong><\/td>\n<td><strong>Veranstaltung<\/strong><\/td>\n<td><strong>Lage<\/strong><\/td>\n<td><strong>Pr\u00fcfung<\/strong><\/td>\n<td><strong>Pr\u00fcf.-Nr.<\/strong><\/td>\n<\/tr>\n<tr>\n<td>Vorlesung &amp; \u00dcbung<\/td>\n<td>Historische Grundlagen des Wirtschaftens<\/td>\n<td>WiSe<\/td>\n<td>Pr\u00fcfungsleistung (3 LP)<br \/>\nStudienleistung\u00a0 (3 LP)<\/td>\n<td>3VWLBA015-P2<br \/>\n3VWLBA015-SL1<\/td>\n<\/tr>\n<\/tbody>\n<\/table>\n<p>&#8222;Wirtschaftsgeschichte&#8220; kann nicht gleichzeitig als &#8222;Spezielle Aspekte der Volkswirtschaftslehre&#8220;\u00a0 und &#8222;Spezielle Aspekte der Wirtschaftswissenschaften&#8220; gew\u00e4hlt werden.<\/p>\n<\/div><\/div>\n<div class=\"su-spoiler su-spoiler-style-fancy su-spoiler-icon-folder-1 su-spoiler-closed\" data-scroll-offset=\"0\" data-anchor-in-url=\"no\"><div class=\"su-spoiler-title\" tabindex=\"0\" role=\"button\"><span class=\"su-spoiler-icon\"><\/span>Allgemeine Formulare<\/div><div class=\"su-spoiler-content su-u-clearfix su-u-trim\">\n<div class='jtrt_table_MotherShipContainer'><div class='jtTableContainer jtrespo-scroll  ' ><div class='jtsettingcontainer' style='display:none;position:absolute;left:-9999px;'><textarea data-jtrt-table-id='1501' id='jtrt_table_settings_1501' cols='30' rows='10'>[[[\"Wichtige Formulare f\\u00fcr Ihr Studium:\"],[\"<a href=\\\"https:\\\/\\\/pafak3.wiwi.uni-siegen.de\\\/info\\\/wp-content\\\/uploads\\\/Studiengang\\\/Allgemein\\\/Antrag_auf_eine_Sonderpruefung.pdf\\\" target=\\\"_blank\\\" rel=\\\"noopener\\\">Antrag auf Zulassung zu einer Sonderpr\\u00fcfung<\\\/a>\"],[\"<a href=\\\"https:\\\/\\\/pafak3.wiwi.uni-siegen.de\\\/info\\\/wp-content\\\/uploads\\\/Studiengang\\\/Allgemein\\\/Anmeldung_zur_Sonderpruefung.pdf\\\" target=\\\"_blank\\\" rel=\\\"noopener\\\">Anmeldung zur Sonderpr\\u00fcfung<\\\/a>\"],[\"<a href=\\\"https:\\\/\\\/pafak3.wiwi.uni-siegen.de\\\/info\\\/wp-content\\\/uploads\\\/Studiengang\\\/Allgemein\\\/Zusatzleistung.pdf\\\" target=\\\"_blank\\\" rel=\\\"noopener\\\">Anmeldung zur Pr\\u00fcfung als Zusatzleistung<\\\/a>\"],[\"<a href=\\\"https:\\\/\\\/pafak3.wiwi.uni-siegen.de\\\/info\\\/wp-content\\\/uploads\\\/Studiengang\\\/Allgemein\\\/Antrag_MA_in_BA.pdf\\\" target=\\\"_blank\\\" rel=\\\"noopener\\\">Antrag auf Teilnahme an Masterklausuren im Bachelor-Studiengang<\\\/a>\"],[\"<a href=\\\"https:\\\/\\\/pafak3.wiwi.uni-siegen.de\\\/info\\\/wp-content\\\/uploads\\\/Studiengang\\\/Allgemein\\\/Gleichwertigkeitspruefung_VOR.pdf\\\" target=\\\"_blank\\\" rel=\\\"noopener\\\">Gleichwertigkeitspr\\u00fcfung VOR Erbringung der Pr\\u00fcfungsleistung<\\\/a>\"],[\"<a href=\\\"https:\\\/\\\/pafak3.wiwi.uni-siegen.de\\\/info\\\/wp-content\\\/uploads\\\/Studiengang\\\/Allgemein\\\/Protokoll_muendliche_Pruefung.pdf\\\" target=\\\"_blank\\\" rel=\\\"noopener\\\">Protokoll \\u00fcber die m\\u00fcndliche Pr\\u00fcfung<\\\/a>\"],[\"<a href=\\\"https:\\\/\\\/pafak3.wiwi.uni-siegen.de\\\/info\\\/wp-content\\\/uploads\\\/Studiengang\\\/Allgemein\\\/Anmeldung-zur-Abschlussarbeit_1.pdf\\\">Anmeldung zur Abschlussarbeit<\\\/a>\"],[\"<a href=\\\"https:\\\/\\\/pafak3.wiwi.uni-siegen.de\\\/info\\\/wp-content\\\/uploads\\\/Studiengang\\\/Allgemein\\\/Antrag_Verlaengerung-_BA-MA_Krankheit.pdf\\\" target=\\\"_blank\\\" rel=\\\"noopener\\\">Antrag auf Verl\\u00e4ngerung der Bearbeitungszeit der Bachelor-\\\/Masterarbeit wegen Krankheit<\\\/a>\"],[\"<a href=\\\"https:\\\/\\\/pafak3.wiwi.uni-siegen.de\\\/info\\\/wp-content\\\/uploads\\\/Studiengang\\\/Allgemein\\\/Anmeldung_letzter_-Pruefungsversuch.pdf\\\" target=\\\"_blank\\\" rel=\\\"noopener\\\">Anmeldung letzter Pruefungsversuch<\\\/a>\"],[\"<a href=\\\"https:\\\/\\\/pafak3.wiwi.uni-siegen.de\\\/info\\\/wp-content\\\/uploads\\\/Studiengang\\\/Allgemein\\\/Ruecktritt_wegen_Krankheit.pdf\\\" target=\\\"_blank\\\" rel=\\\"noopener\\\">R\\u00fccktritt wegen Krankheit<\\\/a>\"]],[{\"row\":0,\"col\":0,\"visualRow\":0,\"visualCol\":0,\"prop\":0,\"jtcellstyle\":{\"font-weight\":\"bold\"}},{\"row\":1,\"col\":0,\"visualRow\":1,\"visualCol\":0,\"prop\":0},{\"row\":2,\"col\":0,\"visualRow\":2,\"visualCol\":0,\"prop\":0},{\"row\":3,\"col\":0,\"visualRow\":3,\"visualCol\":0,\"prop\":0},{\"row\":4,\"col\":0,\"visualRow\":4,\"visualCol\":0,\"prop\":0},{\"row\":5,\"col\":0,\"visualRow\":5,\"visualCol\":0,\"prop\":0},{\"row\":6,\"col\":0,\"visualRow\":6,\"visualCol\":0,\"prop\":0},{\"row\":7,\"col\":0,\"visualRow\":7,\"visualCol\":0,\"prop\":0},{\"row\":8,\"col\":0,\"visualRow\":8,\"visualCol\":0,\"prop\":0},{\"row\":9,\"col\":0,\"visualRow\":9,\"visualCol\":0,\"prop\":0},{\"row\":10,\"col\":0,\"visualRow\":10,\"visualCol\":0,\"prop\":0}],[],[]]<\/textarea><textarea data-jtrt-table-id='1501' id='jtrt_table_bps_1501' cols='30' rows='10'>[]<\/textarea><\/div><table id='jtrt_table_1501' data-sorting='false' data-paging='false' data-paging-size='10' data-paging-menu='10,20,50,100' data-filtering='false' data-jtrt-table-id='1501' class='jtrt-table  ' ><thead><tr><th>Wichtige Formulare f\u00fcr Ihr Studium:<\/th><\/tr><\/thead><tbody><tr><td><a href=\"https:\/\/pafak3.wiwi.uni-siegen.de\/info\/wp-content\/uploads\/Studiengang\/Allgemein\/Antrag_auf_eine_Sonderpruefung.pdf\" class=\"mtli_attachment mtli_pdf\" target=\"_blank\" rel=\"noopener\">Antrag auf Zulassung zu einer Sonderpr\u00fcfung<\/a><\/td><\/tr><tr><td><a href=\"https:\/\/pafak3.wiwi.uni-siegen.de\/info\/wp-content\/uploads\/Studiengang\/Allgemein\/Anmeldung_zur_Sonderpruefung.pdf\" class=\"mtli_attachment mtli_pdf\" target=\"_blank\" rel=\"noopener\">Anmeldung zur Sonderpr\u00fcfung<\/a><\/td><\/tr><tr><td><a href=\"https:\/\/pafak3.wiwi.uni-siegen.de\/info\/wp-content\/uploads\/Studiengang\/Allgemein\/Zusatzleistung.pdf\" class=\"mtli_attachment mtli_pdf\" target=\"_blank\" rel=\"noopener\">Anmeldung zur Pr\u00fcfung als Zusatzleistung<\/a><\/td><\/tr><tr><td><a href=\"https:\/\/pafak3.wiwi.uni-siegen.de\/info\/wp-content\/uploads\/Studiengang\/Allgemein\/Antrag_MA_in_BA.pdf\" class=\"mtli_attachment mtli_pdf\" target=\"_blank\" rel=\"noopener\">Antrag auf Teilnahme an Masterklausuren im Bachelor-Studiengang<\/a><\/td><\/tr><tr><td><a href=\"https:\/\/pafak3.wiwi.uni-siegen.de\/info\/wp-content\/uploads\/Studiengang\/Allgemein\/Gleichwertigkeitspruefung_VOR.pdf\" class=\"mtli_attachment mtli_pdf\" target=\"_blank\" rel=\"noopener\">Gleichwertigkeitspr\u00fcfung VOR Erbringung der Pr\u00fcfungsleistung<\/a><\/td><\/tr><tr><td><a href=\"https:\/\/pafak3.wiwi.uni-siegen.de\/info\/wp-content\/uploads\/Studiengang\/Allgemein\/Protokoll_muendliche_Pruefung.pdf\" class=\"mtli_attachment mtli_pdf\" target=\"_blank\" rel=\"noopener\">Protokoll \u00fcber die m\u00fcndliche Pr\u00fcfung<\/a><\/td><\/tr><tr><td><a href=\"https:\/\/pafak3.wiwi.uni-siegen.de\/info\/wp-content\/uploads\/Studiengang\/Allgemein\/Anmeldung-zur-Abschlussarbeit_1.pdf\" class=\"mtli_attachment mtli_pdf\">Anmeldung zur Abschlussarbeit<\/a><\/td><\/tr><tr><td><a href=\"https:\/\/pafak3.wiwi.uni-siegen.de\/info\/wp-content\/uploads\/Studiengang\/Allgemein\/Antrag_Verlaengerung-_BA-MA_Krankheit.pdf\" class=\"mtli_attachment mtli_pdf\" target=\"_blank\" rel=\"noopener\">Antrag auf Verl\u00e4ngerung der Bearbeitungszeit der Bachelor-\/Masterarbeit wegen Krankheit<\/a><\/td><\/tr><tr><td><a href=\"https:\/\/pafak3.wiwi.uni-siegen.de\/info\/wp-content\/uploads\/Studiengang\/Allgemein\/Anmeldung_letzter_-Pruefungsversuch.pdf\" class=\"mtli_attachment mtli_pdf\" target=\"_blank\" rel=\"noopener\">Anmeldung letzter Pruefungsversuch<\/a><\/td><\/tr><tr><td><a href=\"https:\/\/pafak3.wiwi.uni-siegen.de\/info\/wp-content\/uploads\/Studiengang\/Allgemein\/Ruecktritt_wegen_Krankheit.pdf\" class=\"mtli_attachment mtli_pdf\" target=\"_blank\" rel=\"noopener\">R\u00fccktritt wegen Krankheit<\/a><\/td><\/tr><\/tbody><\/table><\/div><\/div>\n<\/div><\/div>\n<div class=\"su-spoiler su-spoiler-style-fancy su-spoiler-icon-folder-1 su-spoiler-closed\" data-scroll-offset=\"0\" data-anchor-in-url=\"no\"><div class=\"su-spoiler-title\" tabindex=\"0\" role=\"button\"><span class=\"su-spoiler-icon\"><\/span>Spezielle Formulare Bachelor VWL<\/div><div class=\"su-spoiler-content su-u-clearfix su-u-trim\">\n<\/div><\/div>\n<div class=\"su-spoiler su-spoiler-style-fancy su-spoiler-icon-folder-1 su-spoiler-closed\" data-scroll-offset=\"0\" data-anchor-in-url=\"no\"><div class=\"su-spoiler-title\" tabindex=\"0\" role=\"button\"><span class=\"su-spoiler-icon\"><\/span>Anerkennung\/Anrechnung von Pr\u00fcfungsleistungen<\/div><div class=\"su-spoiler-content su-u-clearfix su-u-trim\">\n<ul>\n<li><a href=\"https:\/\/pafak3.wiwi.uni-siegen.de\/info\/anrechnungen\/\">Beschreibung des Verfahrens<\/a><\/li>\n<li><a href=\"https:\/\/pafak3.wiwi.uni-siegen.de\/info\/anrechnungen\/anerkennungsformulare\/\">Formulare zur Anerkennung\/Anrechnung<\/a><\/li>\n<\/ul>\n<\/div><\/div>\n<p>&nbsp;<\/p>\n","protected":false},"excerpt":{"rendered":"<p>Bachelor-Studiengang Volkswirtschaftslehre In diesem Bereich stehen Informationen zum Studienaufbau und zur Studienplanung des Bachelorstudiengangs Volkswirtschaftslehre. Sie finden Modulhandb\u00fccher und Pr\u00fcfungsordnungen zum Studiengang. Studiengangs\u00fcbersichten und weitere Informationen. Wichtige Formulare f\u00fcr Anmeldung zur Abschlussarbeit, Anmeldungen und Abmeldungen von Pr\u00fcfungen, etc. Formulare speziell f\u00fcr den Studiengang Volkswirtschaftslehre. Antrag auf Anrechnung von Pr\u00fcfungsleistungen. Spezielle Regularien und Informationen zu einzelnen [&hellip;]<\/p>\n","protected":false},"author":2,"featured_media":0,"parent":122,"menu_order":3,"comment_status":"closed","ping_status":"closed","template":"","meta":{"footnotes":""},"class_list":["post-301","page","type-page","status-publish","hentry"],"_links":{"self":[{"href":"https:\/\/pafak3.wiwi.uni-siegen.de\/info\/wp-json\/wp\/v2\/pages\/301","targetHints":{"allow":["GET"]}}],"collection":[{"href":"https:\/\/pafak3.wiwi.uni-siegen.de\/info\/wp-json\/wp\/v2\/pages"}],"about":[{"href":"https:\/\/pafak3.wiwi.uni-siegen.de\/info\/wp-json\/wp\/v2\/types\/page"}],"author":[{"embeddable":true,"href":"https:\/\/pafak3.wiwi.uni-siegen.de\/info\/wp-json\/wp\/v2\/users\/2"}],"replies":[{"embeddable":true,"href":"https:\/\/pafak3.wiwi.uni-siegen.de\/info\/wp-json\/wp\/v2\/comments?post=301"}],"version-history":[{"count":74,"href":"https:\/\/pafak3.wiwi.uni-siegen.de\/info\/wp-json\/wp\/v2\/pages\/301\/revisions"}],"predecessor-version":[{"id":5994,"href":"https:\/\/pafak3.wiwi.uni-siegen.de\/info\/wp-json\/wp\/v2\/pages\/301\/revisions\/5994"}],"up":[{"embeddable":true,"href":"https:\/\/pafak3.wiwi.uni-siegen.de\/info\/wp-json\/wp\/v2\/pages\/122"}],"wp:attachment":[{"href":"https:\/\/pafak3.wiwi.uni-siegen.de\/info\/wp-json\/wp\/v2\/media?parent=301"}],"curies":[{"name":"wp","href":"https:\/\/api.w.org\/{rel}","templated":true}]}}