{"id":305,"date":"2018-11-05T09:18:26","date_gmt":"2018-11-05T08:18:26","guid":{"rendered":"https:\/\/dekanatfakultaet3.wiwi.uni-siegen.de\/faq\/?page_id=305"},"modified":"2024-07-26T09:25:51","modified_gmt":"2024-07-26T07:25:51","slug":"winf","status":"publish","type":"page","link":"https:\/\/pafak3.wiwi.uni-siegen.de\/info\/studiengaenge\/bachelor\/winf\/","title":{"rendered":"WInf"},"content":{"rendered":"<p>&nbsp;<\/p>\n<h1 class=\"title\">Bachelor-Studiengang Wirtschaftsinformatik<\/h1>\n<p>In diesem Bereich stehen Informationen zum Studienaufbau und zur Studienplanung des Bachelorstudiengangs Wirtschaftsinformatik. Sie finden<\/p>\n<ul>\n<li>Modulhandb\u00fccher und Pr\u00fcfungsordnungen zum Studiengang.<\/li>\n<li>Studiengangs\u00fcbersichten und weitere Informationen.<\/li>\n<li>Wichtige Formulare f\u00fcr Anmeldung zur Abschlussarbeit, Anmeldungen und Abmeldungen von Pr\u00fcfungen, etc.<\/li>\n<li>Formulare speziell f\u00fcr den Studiengang Volkswirtschaftslehre.<\/li>\n<li>Antrag auf Anrechnung von Pr\u00fcfungsleistungen.<\/li>\n<li>Spezielle Regularien und Informationen zu einzelnen Modulen.<\/li>\n<\/ul>\n<p>Weitere inhaltliche Informationen \u00fcber die Studieng\u00e4nge finden Sie auf den Seiten der Fakult\u00e4t (<a href=\"https:\/\/www.wiwi.uni-siegen.de\/dekanat\/studium\">hier<\/a>).<\/p>\n<div class=\"su-spoiler su-spoiler-style-fancy su-spoiler-icon-folder-1 su-spoiler-closed\" data-scroll-offset=\"0\" data-anchor-in-url=\"no\"><div class=\"su-spoiler-title\" tabindex=\"0\" role=\"button\"><span class=\"su-spoiler-icon\"><\/span>Studienganginformationen (Ordnungen, Modulhandb\u00fccher, \u00dcbersichten)<\/div><div class=\"su-spoiler-content su-u-clearfix su-u-trim\">\n<h2>Bachelor Wirtschaftsinformatik (Vollzeit)<\/h2>\n<h3>Version 2019<\/h3>\n<table>\n<tbody>\n<tr>\n<th>Pr\u00fcfungsordnungen<\/th>\n<th>Studiengang\u00fcbersichten<\/th>\n<th>Praktikumsordnungen<\/th>\n<\/tr>\n<tr>\n<td><a href=\"https:\/\/pafak3.wiwi.uni-siegen.de\/info\/wp-content\/uploads\/Studiengang\/MH_und_PO\/winf-bsc-2019_po.pdf\" class=\"mtli_attachment mtli_pdf\" target=\"_blank\" rel=\"noopener noreferrer\">Fachpr\u00fcfungsordnung<\/a><\/td>\n<td><a href=\"https:\/\/pafak3.wiwi.uni-siegen.de\/info\/wp-content\/uploads\/Studiengang\/Studiengangsuebersichten\/winf-bsc-2019.pdf\" class=\"mtli_attachment mtli_pdf\" target=\"_blank\" rel=\"noopener noreferrer\">Studiengang\u00fcbersicht<\/a><\/td>\n<td><a href=\"https:\/\/pafak3.wiwi.uni-siegen.de\/info\/wp-content\/uploads\/Studiengang\/MH_und_PO\/winf-2019_pro.pdf\" class=\"mtli_attachment mtli_pdf\" target=\"_blank\" rel=\"noopener noreferrer\">Praktikumsordnung<\/a><\/td>\n<\/tr>\n<tr>\n<td><a href=\"https:\/\/pafak3.wiwi.uni-siegen.de\/info\/wp-content\/uploads\/Studiengang\/MH_und_PO\/winf-bsc-2019_aeo1.pdf\" class=\"mtli_attachment mtli_pdf\" target=\"_blank\" rel=\"noopener noreferrer\">1. \u00c4nderungsordnung<\/a><\/td>\n<td><\/td>\n<td><\/td>\n<\/tr>\n<tr>\n<td><a href=\"https:\/\/pafak3.wiwi.uni-siegen.de\/info\/wp-content\/uploads\/Studiengang\/MH_und_PO\/winf-bsc-2019_aeo2.pdf\" class=\"mtli_attachment mtli_pdf\" target=\"_blank\" rel=\"noopener noreferrer\">2. \u00c4nderungsordnung<\/a><\/td>\n<td><\/td>\n<td><\/td>\n<\/tr>\n<\/tbody>\n<\/table>\n<p>&nbsp;<\/p>\n<p><a href=\"https:\/\/pafak3.wiwi.uni-siegen.de\/info\/wp-content\/uploads\/Studiengang\/Wechselformulare\/winf-bsc-2014.pdf\" class=\"mtli_attachment mtli_pdf\" target=\"_blank\" rel=\"noopener noreferrer\">Antragformular zum Wechsel der Pr\u00fcfungsordnungsversion<\/a> (Version 2014 nach Version 2019)<\/p>\n<p>&nbsp;<\/p>\n<p>&nbsp;<\/p>\n<h2>Bachelor Wirtschaftsinformatik (dual)<\/h2>\n<p><span style=\"color: #ba0707;\">Der duale Bachelorstudiengang Wirtschaftsinformatik l\u00e4uft mit dem Sommersemester 2026 aus.<\/span><\/p>\n<table>\n<tbody>\n<tr>\n<th>Ordnungen<\/th>\n<th>Modulhandb\u00fccher<\/th>\n<th>Studiengang\u00fcbersichten<\/th>\n<\/tr>\n<tr>\n<td><a href=\"https:\/\/pafak3.wiwi.uni-siegen.de\/info\/wp-content\/uploads\/Studiengang\/MH_und_PO\/winfo-bsc_dual_po.pdf\" class=\"mtli_attachment mtli_pdf\" target=\"_blank\" rel=\"noopener noreferrer\">Pr\u00fcfungsordnung<\/a><\/td>\n<td style=\"text-align: center;\"><a href=\"https:\/\/pafak3.wiwi.uni-siegen.de\/info\/wp-content\/uploads\/Studiengang\/\/MH_und_PO\/winf-bsc-d_mh.pdf\" class=\"mtli_attachment mtli_pdf\" target=\"_blank\" rel=\"noopener noreferrer\">Modulhanduch<\/a><br \/>\n(siehe auch<br \/>\nVersion 2014, Vollzeit)<\/td>\n<td><a href=\"https:\/\/pafak3.wiwi.uni-siegen.de\/info\/wp-content\/uploads\/Studiengang\/Studiengangsuebersichten\/winf-bsc-2017.pdf\" class=\"mtli_attachment mtli_pdf\" target=\"_blank\" rel=\"noopener noreferrer\">Studiengang\u00fcbersicht<\/a><\/td>\n<\/tr>\n<tr>\n<td><a href=\"https:\/\/pafak3.wiwi.uni-siegen.de\/info\/wp-content\/uploads\/Studiengang\/\/MH_und_PO\/winf-bsc-dual_aeo1.pdf\" class=\"mtli_attachment mtli_pdf\" target=\"_blank\" rel=\"noopener noreferrer\">1.\u00c4nderungsordnung<\/a><\/td>\n<td><\/td>\n<td><\/td>\n<\/tr>\n<tr>\n<td><a href=\"https:\/\/pafak3.wiwi.uni-siegen.de\/info\/wp-content\/uploads\/Studiengang\/\/MH_und_PO\/winf-bsc-dual_aeo2_am_10-2018.pdf\" class=\"mtli_attachment mtli_pdf\" target=\"_blank\" rel=\"noopener noreferrer\">2.\u00c4nderungsordnung<\/a><\/td>\n<td><\/td>\n<td><\/td>\n<\/tr>\n<tr>\n<td><a href=\"https:\/\/pafak3.wiwi.uni-siegen.de\/info\/wp-content\/uploads\/Studiengang\/MH_und_PO\/winf-bsc-dual_auslauf.pdf\" class=\"mtli_attachment mtli_pdf\" target=\"_blank\" rel=\"noopener noreferrer\">Auslaufensordnung<\/a><\/td>\n<td><\/td>\n<td><\/td>\n<\/tr>\n<\/tbody>\n<\/table>\n<p>&nbsp;<\/p>\n<\/div><\/div>\n<div class=\"su-spoiler su-spoiler-style-fancy su-spoiler-icon-folder-1 su-spoiler-closed\" data-scroll-offset=\"0\" data-anchor-in-url=\"no\"><div class=\"su-spoiler-title\" tabindex=\"0\" role=\"button\"><span class=\"su-spoiler-icon\"><\/span>Seminare<\/div><div class=\"su-spoiler-content su-u-clearfix su-u-trim\">\n<p><a href=\"https:\/\/pafak3.wiwi.uni-siegen.de\/info\/pruefungen\/seminare\/\" target=\"_blank\" rel=\"noopener noreferrer\">Informationen zu Seminaren<\/a><\/p>\n<\/div><\/div>\n<div class=\"su-spoiler su-spoiler-style-fancy su-spoiler-icon-folder-1 su-spoiler-closed\" data-scroll-offset=\"0\" data-anchor-in-url=\"no\"><div class=\"su-spoiler-title\" tabindex=\"0\" role=\"button\"><span class=\"su-spoiler-icon\"><\/span>Allgemeine Formulare<\/div><div class=\"su-spoiler-content su-u-clearfix su-u-trim\">\n<div class='jtrt_table_MotherShipContainer'><div class='jtTableContainer jtrespo-scroll  ' ><div class='jtsettingcontainer' style='display:none;position:absolute;left:-9999px;'><textarea data-jtrt-table-id='1501' id='jtrt_table_settings_1501' cols='30' rows='10'>[[[\"Wichtige Formulare f\\u00fcr Ihr Studium:\"],[\"<a href=\\\"https:\\\/\\\/pafak3.wiwi.uni-siegen.de\\\/info\\\/wp-content\\\/uploads\\\/Studiengang\\\/Allgemein\\\/Antrag_auf_eine_Sonderpruefung.pdf\\\" target=\\\"_blank\\\" rel=\\\"noopener\\\">Antrag auf Zulassung zu einer Sonderpr\\u00fcfung<\\\/a>\"],[\"<a href=\\\"https:\\\/\\\/pafak3.wiwi.uni-siegen.de\\\/info\\\/wp-content\\\/uploads\\\/Studiengang\\\/Allgemein\\\/Anmeldung_zur_Sonderpruefung.pdf\\\" target=\\\"_blank\\\" rel=\\\"noopener\\\">Anmeldung zur Sonderpr\\u00fcfung<\\\/a>\"],[\"<a href=\\\"https:\\\/\\\/pafak3.wiwi.uni-siegen.de\\\/info\\\/wp-content\\\/uploads\\\/Studiengang\\\/Allgemein\\\/Zusatzleistung.pdf\\\" target=\\\"_blank\\\" rel=\\\"noopener\\\">Anmeldung zur Pr\\u00fcfung als Zusatzleistung<\\\/a>\"],[\"<a href=\\\"https:\\\/\\\/pafak3.wiwi.uni-siegen.de\\\/info\\\/wp-content\\\/uploads\\\/Studiengang\\\/Allgemein\\\/Antrag_MA_in_BA.pdf\\\" target=\\\"_blank\\\" rel=\\\"noopener\\\">Antrag auf Teilnahme an Masterklausuren im Bachelor-Studiengang<\\\/a>\"],[\"<a href=\\\"https:\\\/\\\/pafak3.wiwi.uni-siegen.de\\\/info\\\/wp-content\\\/uploads\\\/Studiengang\\\/Allgemein\\\/Gleichwertigkeitspruefung_VOR.pdf\\\" target=\\\"_blank\\\" rel=\\\"noopener\\\">Gleichwertigkeitspr\\u00fcfung VOR Erbringung der Pr\\u00fcfungsleistung<\\\/a>\"],[\"<a href=\\\"https:\\\/\\\/pafak3.wiwi.uni-siegen.de\\\/info\\\/wp-content\\\/uploads\\\/Studiengang\\\/Allgemein\\\/Protokoll_muendliche_Pruefung.pdf\\\" target=\\\"_blank\\\" rel=\\\"noopener\\\">Protokoll \\u00fcber die m\\u00fcndliche Pr\\u00fcfung<\\\/a>\"],[\"<a href=\\\"https:\\\/\\\/pafak3.wiwi.uni-siegen.de\\\/info\\\/wp-content\\\/uploads\\\/Studiengang\\\/Allgemein\\\/Anmeldung-zur-Abschlussarbeit_1.pdf\\\">Anmeldung zur Abschlussarbeit<\\\/a>\"],[\"<a href=\\\"https:\\\/\\\/pafak3.wiwi.uni-siegen.de\\\/info\\\/wp-content\\\/uploads\\\/Studiengang\\\/Allgemein\\\/Antrag_Verlaengerung-_BA-MA_Krankheit.pdf\\\" target=\\\"_blank\\\" rel=\\\"noopener\\\">Antrag auf Verl\\u00e4ngerung der Bearbeitungszeit der Bachelor-\\\/Masterarbeit wegen Krankheit<\\\/a>\"],[\"<a href=\\\"https:\\\/\\\/pafak3.wiwi.uni-siegen.de\\\/info\\\/wp-content\\\/uploads\\\/Studiengang\\\/Allgemein\\\/Anmeldung_letzter_-Pruefungsversuch.pdf\\\" target=\\\"_blank\\\" rel=\\\"noopener\\\">Anmeldung letzter Pruefungsversuch<\\\/a>\"],[\"<a href=\\\"https:\\\/\\\/pafak3.wiwi.uni-siegen.de\\\/info\\\/wp-content\\\/uploads\\\/Studiengang\\\/Allgemein\\\/Ruecktritt_wegen_Krankheit.pdf\\\" target=\\\"_blank\\\" rel=\\\"noopener\\\">R\\u00fccktritt wegen Krankheit<\\\/a>\"]],[{\"row\":0,\"col\":0,\"visualRow\":0,\"visualCol\":0,\"prop\":0,\"jtcellstyle\":{\"font-weight\":\"bold\"}},{\"row\":1,\"col\":0,\"visualRow\":1,\"visualCol\":0,\"prop\":0},{\"row\":2,\"col\":0,\"visualRow\":2,\"visualCol\":0,\"prop\":0},{\"row\":3,\"col\":0,\"visualRow\":3,\"visualCol\":0,\"prop\":0},{\"row\":4,\"col\":0,\"visualRow\":4,\"visualCol\":0,\"prop\":0},{\"row\":5,\"col\":0,\"visualRow\":5,\"visualCol\":0,\"prop\":0},{\"row\":6,\"col\":0,\"visualRow\":6,\"visualCol\":0,\"prop\":0},{\"row\":7,\"col\":0,\"visualRow\":7,\"visualCol\":0,\"prop\":0},{\"row\":8,\"col\":0,\"visualRow\":8,\"visualCol\":0,\"prop\":0},{\"row\":9,\"col\":0,\"visualRow\":9,\"visualCol\":0,\"prop\":0},{\"row\":10,\"col\":0,\"visualRow\":10,\"visualCol\":0,\"prop\":0}],[],[]]<\/textarea><textarea data-jtrt-table-id='1501' id='jtrt_table_bps_1501' cols='30' rows='10'>[]<\/textarea><\/div><table id='jtrt_table_1501' data-sorting='false' data-paging='false' data-paging-size='10' data-paging-menu='10,20,50,100' data-filtering='false' data-jtrt-table-id='1501' class='jtrt-table  ' ><thead><tr><th>Wichtige Formulare f\u00fcr Ihr Studium:<\/th><\/tr><\/thead><tbody><tr><td><a href=\"https:\/\/pafak3.wiwi.uni-siegen.de\/info\/wp-content\/uploads\/Studiengang\/Allgemein\/Antrag_auf_eine_Sonderpruefung.pdf\" class=\"mtli_attachment mtli_pdf\" target=\"_blank\" rel=\"noopener\">Antrag auf Zulassung zu einer Sonderpr\u00fcfung<\/a><\/td><\/tr><tr><td><a href=\"https:\/\/pafak3.wiwi.uni-siegen.de\/info\/wp-content\/uploads\/Studiengang\/Allgemein\/Anmeldung_zur_Sonderpruefung.pdf\" class=\"mtli_attachment mtli_pdf\" target=\"_blank\" rel=\"noopener\">Anmeldung zur Sonderpr\u00fcfung<\/a><\/td><\/tr><tr><td><a href=\"https:\/\/pafak3.wiwi.uni-siegen.de\/info\/wp-content\/uploads\/Studiengang\/Allgemein\/Zusatzleistung.pdf\" class=\"mtli_attachment mtli_pdf\" target=\"_blank\" rel=\"noopener\">Anmeldung zur Pr\u00fcfung als Zusatzleistung<\/a><\/td><\/tr><tr><td><a href=\"https:\/\/pafak3.wiwi.uni-siegen.de\/info\/wp-content\/uploads\/Studiengang\/Allgemein\/Antrag_MA_in_BA.pdf\" class=\"mtli_attachment mtli_pdf\" target=\"_blank\" rel=\"noopener\">Antrag auf Teilnahme an Masterklausuren im Bachelor-Studiengang<\/a><\/td><\/tr><tr><td><a href=\"https:\/\/pafak3.wiwi.uni-siegen.de\/info\/wp-content\/uploads\/Studiengang\/Allgemein\/Gleichwertigkeitspruefung_VOR.pdf\" class=\"mtli_attachment mtli_pdf\" target=\"_blank\" rel=\"noopener\">Gleichwertigkeitspr\u00fcfung VOR Erbringung der Pr\u00fcfungsleistung<\/a><\/td><\/tr><tr><td><a href=\"https:\/\/pafak3.wiwi.uni-siegen.de\/info\/wp-content\/uploads\/Studiengang\/Allgemein\/Protokoll_muendliche_Pruefung.pdf\" class=\"mtli_attachment mtli_pdf\" target=\"_blank\" rel=\"noopener\">Protokoll \u00fcber die m\u00fcndliche Pr\u00fcfung<\/a><\/td><\/tr><tr><td><a href=\"https:\/\/pafak3.wiwi.uni-siegen.de\/info\/wp-content\/uploads\/Studiengang\/Allgemein\/Anmeldung-zur-Abschlussarbeit_1.pdf\" class=\"mtli_attachment mtli_pdf\">Anmeldung zur Abschlussarbeit<\/a><\/td><\/tr><tr><td><a href=\"https:\/\/pafak3.wiwi.uni-siegen.de\/info\/wp-content\/uploads\/Studiengang\/Allgemein\/Antrag_Verlaengerung-_BA-MA_Krankheit.pdf\" class=\"mtli_attachment mtli_pdf\" target=\"_blank\" rel=\"noopener\">Antrag auf Verl\u00e4ngerung der Bearbeitungszeit der Bachelor-\/Masterarbeit wegen Krankheit<\/a><\/td><\/tr><tr><td><a href=\"https:\/\/pafak3.wiwi.uni-siegen.de\/info\/wp-content\/uploads\/Studiengang\/Allgemein\/Anmeldung_letzter_-Pruefungsversuch.pdf\" class=\"mtli_attachment mtli_pdf\" target=\"_blank\" rel=\"noopener\">Anmeldung letzter Pruefungsversuch<\/a><\/td><\/tr><tr><td><a href=\"https:\/\/pafak3.wiwi.uni-siegen.de\/info\/wp-content\/uploads\/Studiengang\/Allgemein\/Ruecktritt_wegen_Krankheit.pdf\" class=\"mtli_attachment mtli_pdf\" target=\"_blank\" rel=\"noopener\">R\u00fccktritt wegen Krankheit<\/a><\/td><\/tr><\/tbody><\/table><\/div><\/div>\n<\/div><\/div>\n<div class=\"su-spoiler su-spoiler-style-fancy su-spoiler-icon-folder-1 su-spoiler-closed\" data-scroll-offset=\"0\" data-anchor-in-url=\"no\"><div class=\"su-spoiler-title\" tabindex=\"0\" role=\"button\"><span class=\"su-spoiler-icon\"><\/span>Spezielle Formulare Bachelor WInf<\/div><div class=\"su-spoiler-content su-u-clearfix su-u-trim\">\n<ul>\n<li><a href=\"https:\/\/pafak3.wiwi.uni-siegen.de\/info\/wp-content\/uploads\/Studiengang\/WINF\/WINF_Meldung_muendliche_Pruefung.pdf\" class=\"mtli_attachment mtli_pdf\" target=\"_blank\" rel=\"noopener noreferrer\">Meldung zur m\u00fcndlichen Pr\u00fcfung in Informatik<\/a><\/li>\n<li><a href=\"https:\/\/pafak3.wiwi.uni-siegen.de\/info\/wp-content\/uploads\/2020\/05\/WINF-HCI_Praktikum.pdf\" class=\"mtli_attachment mtli_pdf\" target=\"_blank\" rel=\"noopener noreferrer\">Anerkennung des Praktikums<\/a><\/li>\n<li><a href=\"https:\/\/pafak3.wiwi.uni-siegen.de\/info\/wp-content\/uploads\/Studiengang\/WINF\/Wechselantrag.pdf\" class=\"mtli_attachment mtli_pdf\" target=\"_blank\" rel=\"noopener noreferrer\">Wechsel der PO-Version<\/a> (2007 nach 2014)<\/li>\n<\/ul>\n<\/div><\/div>\n<div class=\"su-spoiler su-spoiler-style-fancy su-spoiler-icon-folder-1 su-spoiler-closed\" data-scroll-offset=\"0\" data-anchor-in-url=\"no\"><div class=\"su-spoiler-title\" tabindex=\"0\" role=\"button\"><span class=\"su-spoiler-icon\"><\/span>Anrechnungen<\/div><div class=\"su-spoiler-content su-u-clearfix su-u-trim\">\n<ul>\n<li><a href=\"https:\/\/pafak3.wiwi.uni-siegen.de\/info\/anrechnungen\/\">Vorgehensweise zur Anrechnung der Pr\u00fcfungsleistungen.<\/a><\/li>\n<li><a href=\"https:\/\/pafak3.wiwi.uni-siegen.de\/info\/anrechnungen\/anerkennungsformulare\/\">Formulare zur Anrechnung von Pr\u00fcfungsleistung.<\/a><\/li>\n<\/ul>\n<\/div><\/div>\n<h1 class=\"title\">Regularien und Informationen zu ausgew\u00e4hlten Modulen<\/h1>\n","protected":false},"excerpt":{"rendered":"<p>&nbsp; Bachelor-Studiengang Wirtschaftsinformatik In diesem Bereich stehen Informationen zum Studienaufbau und zur Studienplanung des Bachelorstudiengangs Wirtschaftsinformatik. Sie finden Modulhandb\u00fccher und Pr\u00fcfungsordnungen zum Studiengang. Studiengangs\u00fcbersichten und weitere Informationen. Wichtige Formulare f\u00fcr Anmeldung zur Abschlussarbeit, Anmeldungen und Abmeldungen von Pr\u00fcfungen, etc. Formulare speziell f\u00fcr den Studiengang Volkswirtschaftslehre. Antrag auf Anrechnung von Pr\u00fcfungsleistungen. Spezielle Regularien und Informationen zu [&hellip;]<\/p>\n","protected":false},"author":2,"featured_media":0,"parent":122,"menu_order":4,"comment_status":"closed","ping_status":"closed","template":"","meta":{"footnotes":""},"class_list":["post-305","page","type-page","status-publish","hentry"],"_links":{"self":[{"href":"https:\/\/pafak3.wiwi.uni-siegen.de\/info\/wp-json\/wp\/v2\/pages\/305","targetHints":{"allow":["GET"]}}],"collection":[{"href":"https:\/\/pafak3.wiwi.uni-siegen.de\/info\/wp-json\/wp\/v2\/pages"}],"about":[{"href":"https:\/\/pafak3.wiwi.uni-siegen.de\/info\/wp-json\/wp\/v2\/types\/page"}],"author":[{"embeddable":true,"href":"https:\/\/pafak3.wiwi.uni-siegen.de\/info\/wp-json\/wp\/v2\/users\/2"}],"replies":[{"embeddable":true,"href":"https:\/\/pafak3.wiwi.uni-siegen.de\/info\/wp-json\/wp\/v2\/comments?post=305"}],"version-history":[{"count":65,"href":"https:\/\/pafak3.wiwi.uni-siegen.de\/info\/wp-json\/wp\/v2\/pages\/305\/revisions"}],"predecessor-version":[{"id":5284,"href":"https:\/\/pafak3.wiwi.uni-siegen.de\/info\/wp-json\/wp\/v2\/pages\/305\/revisions\/5284"}],"up":[{"embeddable":true,"href":"https:\/\/pafak3.wiwi.uni-siegen.de\/info\/wp-json\/wp\/v2\/pages\/122"}],"wp:attachment":[{"href":"https:\/\/pafak3.wiwi.uni-siegen.de\/info\/wp-json\/wp\/v2\/media?parent=305"}],"curies":[{"name":"wp","href":"https:\/\/api.w.org\/{rel}","templated":true}]}}