{"id":32,"date":"2022-12-06T09:15:17","date_gmt":"2022-12-06T08:15:17","guid":{"rendered":"https:\/\/dekanatfakultaet3.wiwi.uni-siegen.de\/faq\/?page_id=32"},"modified":"2024-01-03T10:42:59","modified_gmt":"2024-01-03T09:42:59","slug":"kontakt","status":"publish","type":"page","link":"https:\/\/pafak3.wiwi.uni-siegen.de\/info\/kontakt\/","title":{"rendered":"Kontakt"},"content":{"rendered":"<h1 class=\"title\">\u00d6ffnungszeiten des Pr\u00fcfungsamtes<\/h1>\n<p>Sprechstunde Pr\u00fcfungsamt Fakult\u00e4t III<\/p>\n<table>\n<tbody>\n<tr>\n<td width=\"160\">Montag- Donnerstag:<\/td>\n<td width=\"189\">&nbsp;<\/p>\n<p>09:00 Uhr &#8211; 12:00 Uhr<\/p>\n<p>14:00 Uhr &#8211; 15:00 Uhr<\/p>\n<p>&nbsp;<\/td>\n<\/tr>\n<tr>\n<td width=\"160\">&nbsp;<\/p>\n<p>Freitag<\/td>\n<td width=\"189\">&nbsp;<\/p>\n<p>&nbsp;<\/p>\n<p>&nbsp;<\/p>\n<p>09:00 Uhr &#8211; 11:00 Uhr<\/p>\n<p>nur telefonisch!<\/p>\n<p>&nbsp;<\/p>\n<p>&nbsp;<\/td>\n<\/tr>\n<\/tbody>\n<\/table>\n<h2><strong>W\u00e4hrend der vorlesungsfreien Zeit findet die Sprechstunde montags &#8211; freitags von 09:00 &#8211; 11:00 Uhr statt.<\/strong><\/h2>\n<p>&nbsp;<\/p>\n<table>\n<tbody>\n<tr>\n<td>Telefon:<\/td>\n<td>+49 (0) 271 \/ 740-3145<\/td>\n<\/tr>\n<tr>\n<td>Fax:<\/td>\n<td>+49 (0) 271 \/ 740-13145<\/td>\n<\/tr>\n<tr>\n<td>E-Mail:<\/td>\n<td><a href=\"mailto:pruefungsamt@wiwi.uni-siegen.de\">pruefungsamt@wiwi.uni-siegen.de<\/a><\/td>\n<\/tr>\n<\/tbody>\n<\/table>\n<p>&nbsp;<\/p>\n<p>&nbsp;<\/p>\n<p>&nbsp;<\/p>\n<p>Bitte beachten Sie, falls Sie eine Bachelor- oder Masterarbeit abgeben m\u00fcssen, unsere entsprechenden <a href=\"https:\/\/pafak3.wiwi.uni-siegen.de\/info\/abc\/abschlussarbeiten\/abgabe\/\" target=\"_blank\" rel=\"noopener noreferrer\">Hinweise<\/a> hierzu.<br \/>\n<!-- ****************************************************************************************************Beginn Kommentar\n<strong>Eingang:<\/strong>\u00a0 \u00dcber Raum\u00a0 US-F 0150 und US-F 0112 (Untergeschoss, Bauteil F)\n\n\n<pre><strong>\u00d6ffnungszeiten\u00a0w\u00e4hrend der Vorlesungszeit:<\/strong><\/pre>\n\n\n\n\n<table>\n\n\n<tbody>\n\n\n<tr>\n\n\n<td>Montag bis Donnerstag:<\/td>\n\n\n\n\n<td>09.00 Uhr bis 12.00 Uhr und 14.00 - 15.00 Uhr<\/td>\n\n\n<\/tr>\n\n\n\n\n<tr>\n\n\n<td>Freitag:<\/td>\n\n\n\n\n<td>09.00 Uhr bis 11.00 Uhr<\/td>\n\n\n<\/tr>\n\n\n<\/tbody>\n\n\n<\/table>\n\n\n\n\n<pre><strong>\u00d6ffnungszeiten w\u00e4hrend der vorlesungsfreien Zeit:<\/strong><\/pre>\n\n\n\n\n<table>\n\n\n<tbody>\n\n\n<tr>\n\n\n<td>Montag bis Freitag:<\/td>\n\n\n\n\n<td>9.00 - 11.00 Uhr<\/td>\n\n\n<\/tr>\n\n\n<\/tbody>\n\n\n<\/table>\n\n\n<span style=\"display: inline-block; width: 0px; overflow: hidden; line-height: 0;\" data-mce-type=\"bookmark\" class=\"mce_SELRES_start\"><\/span><span style=\"color: #ff0000;\">Die Sprechstunden des Pr\u00fcfungsamtes findet in der n\u00e4chsten Zeit mittwochs von 9-11 Uhr nur telefonisch statt.<\/span>\n<span style=\"color: #ff0000;\">In dringenden F\u00e4llen schreiben Sie uns bitte eine Mail. E-Mails werden auch au\u00dferhalb der Sprechstunde bearbeitet.<\/span><span style=\"display: inline-block; width: 0px; overflow: hidden; line-height: 0;\" data-mce-type=\"bookmark\" class=\"mce_SELRES_end\"><\/span>\n\nAbschlussarbeiten k\u00f6nnen au\u00dferhalb unserer \u00d6ffnungszeiten hier im Hause in das Postfach (Nr. 29 + 30) am Haupteingang oder aber im Eingangsbereich des Pr\u00fcfungsamtes in den Briefkasten eingeworfen werden\n\n&nbsp;\n\n<strong>Bitte beachten:\u00a0 Samstags und Sonntags ist das Geb\u00e4ude geschlossen.<\/strong>\n\n\n<table>\n\n\n<tbody>\n\n\n<tr>\n\n\n<td>Telefon:<\/td>\n\n\n\n\n<td>+49 (0) 271 \/ 740-3145<\/td>\n\n\n<\/tr>\n\n\n\n\n<tr>\n\n\n<td>Fax:<\/td>\n\n\n\n\n<td>+49 (0) 271 \/ 740-13145<\/td>\n\n\n<\/tr>\n\n\n\n\n<tr>\n\n\n<td>E-Mail:<\/td>\n\n\n\n\n<td>pruefungsamt@wiwi.uni-siegen.de<\/td>\n\n\n<\/tr>\n\n\n<\/tbody>\n\n\n<\/table>\n\n\n&nbsp;\n\nSchriftliche Mitteilungen bitte in das Postfach des Pr\u00fcfungsamtes (Nr. 29 und 30) (Eingangsbereich Erdgeschoss) einwerfen.\n\n\n<h2><\/h2>\n\n\n\n\n<h2><span style=\"color: #000000;\">Sprechzeiten PD Dr. J\u00fcrgen Ehlgen<\/span><\/h2>\n\n\nMittwochs von 09:00 Uhr bis 11:00 Uhr im Raum US-F 0109 (Eingang \u00fcber US-F 0150 und US-F 0112).\n\n<span style=\"color: #000000;\">Die Sprechstunde findet im Moment nur telefonisch statt<\/span>\n*******************************************************************************************************************************   <span style=\"display: inline-block; width: 0px; overflow: hidden; line-height: 0;\" data-mce-type=\"bookmark\" class=\"mce_SELRES_start\"><\/span>Ende Kommentar --><\/p>\n<p>&nbsp;<\/p>\n<p>&nbsp;<\/p>\n<p>&nbsp;<\/p>\n<p>&nbsp;<\/p>\n<p>&nbsp;<\/p>\n","protected":false},"excerpt":{"rendered":"<p>\u00d6ffnungszeiten des Pr\u00fcfungsamtes Sprechstunde Pr\u00fcfungsamt Fakult\u00e4t III Montag- Donnerstag: &nbsp; 09:00 Uhr &#8211; 12:00 Uhr 14:00 Uhr &#8211; 15:00 Uhr &nbsp; &nbsp; Freitag &nbsp; &nbsp; &nbsp; 09:00 Uhr &#8211; 11:00 Uhr nur telefonisch! &nbsp; &nbsp; W\u00e4hrend der vorlesungsfreien Zeit findet die Sprechstunde montags &#8211; freitags von 09:00 &#8211; 11:00 Uhr statt. &nbsp; Telefon: +49 (0) [&hellip;]<\/p>\n","protected":false},"author":1,"featured_media":0,"parent":0,"menu_order":26,"comment_status":"closed","ping_status":"closed","template":"","meta":{"footnotes":""},"class_list":["post-32","page","type-page","status-publish","hentry"],"_links":{"self":[{"href":"https:\/\/pafak3.wiwi.uni-siegen.de\/info\/wp-json\/wp\/v2\/pages\/32","targetHints":{"allow":["GET"]}}],"collection":[{"href":"https:\/\/pafak3.wiwi.uni-siegen.de\/info\/wp-json\/wp\/v2\/pages"}],"about":[{"href":"https:\/\/pafak3.wiwi.uni-siegen.de\/info\/wp-json\/wp\/v2\/types\/page"}],"author":[{"embeddable":true,"href":"https:\/\/pafak3.wiwi.uni-siegen.de\/info\/wp-json\/wp\/v2\/users\/1"}],"replies":[{"embeddable":true,"href":"https:\/\/pafak3.wiwi.uni-siegen.de\/info\/wp-json\/wp\/v2\/comments?post=32"}],"version-history":[{"count":75,"href":"https:\/\/pafak3.wiwi.uni-siegen.de\/info\/wp-json\/wp\/v2\/pages\/32\/revisions"}],"predecessor-version":[{"id":5002,"href":"https:\/\/pafak3.wiwi.uni-siegen.de\/info\/wp-json\/wp\/v2\/pages\/32\/revisions\/5002"}],"wp:attachment":[{"href":"https:\/\/pafak3.wiwi.uni-siegen.de\/info\/wp-json\/wp\/v2\/media?parent=32"}],"curies":[{"name":"wp","href":"https:\/\/api.w.org\/{rel}","templated":true}]}}