{"id":3771,"date":"2021-10-20T09:26:46","date_gmt":"2021-10-20T07:26:46","guid":{"rendered":"https:\/\/pafak3.wiwi.uni-siegen.de\/info\/?page_id=3771"},"modified":"2021-10-20T09:47:36","modified_gmt":"2021-10-20T07:47:36","slug":"allgemeine-formulare","status":"publish","type":"page","link":"https:\/\/pafak3.wiwi.uni-siegen.de\/info\/allgemeine-formulare\/","title":{"rendered":"Allgemeine Formulare"},"content":{"rendered":"<p>Spezielle Formulare zu den einzelnen Studieng\u00e4ngen (auch Zusatzleistungen DEWR) finden Sie unter dem jeweiligen Studiengang.<\/p>\n<p>&nbsp;<\/p>\n<div class=\"su-spoiler su-spoiler-style-fancy su-spoiler-icon-folder-1 su-spoiler-closed\" data-scroll-offset=\"0\" data-anchor-in-url=\"no\"><div class=\"su-spoiler-title\" tabindex=\"0\" role=\"button\"><span class=\"su-spoiler-icon\"><\/span>Allgemeine Formulare<\/div><div class=\"su-spoiler-content su-u-clearfix su-u-trim\">\n<ul>\n<li><div class='jtrt_table_MotherShipContainer'><div class='jtTableContainer jtrespo-scroll  ' ><div class='jtsettingcontainer' style='display:none;position:absolute;left:-9999px;'><textarea data-jtrt-table-id='1501' id='jtrt_table_settings_1501' cols='30' rows='10'>[[[\"Wichtige Formulare f\\u00fcr Ihr Studium:\"],[\"<a href=\\\"https:\\\/\\\/pafak3.wiwi.uni-siegen.de\\\/info\\\/wp-content\\\/uploads\\\/Studiengang\\\/Allgemein\\\/Antrag_auf_eine_Sonderpruefung.pdf\\\" target=\\\"_blank\\\" rel=\\\"noopener\\\">Antrag auf Zulassung zu einer Sonderpr\\u00fcfung<\\\/a>\"],[\"<a href=\\\"https:\\\/\\\/pafak3.wiwi.uni-siegen.de\\\/info\\\/wp-content\\\/uploads\\\/Studiengang\\\/Allgemein\\\/Anmeldung_zur_Sonderpruefung.pdf\\\" target=\\\"_blank\\\" rel=\\\"noopener\\\">Anmeldung zur Sonderpr\\u00fcfung<\\\/a>\"],[\"<a href=\\\"https:\\\/\\\/pafak3.wiwi.uni-siegen.de\\\/info\\\/wp-content\\\/uploads\\\/Studiengang\\\/Allgemein\\\/Zusatzleistung.pdf\\\" target=\\\"_blank\\\" rel=\\\"noopener\\\">Anmeldung zur Pr\\u00fcfung als Zusatzleistung<\\\/a>\"],[\"<a href=\\\"https:\\\/\\\/pafak3.wiwi.uni-siegen.de\\\/info\\\/wp-content\\\/uploads\\\/Studiengang\\\/Allgemein\\\/Antrag_MA_in_BA.pdf\\\" target=\\\"_blank\\\" rel=\\\"noopener\\\">Antrag auf Teilnahme an Masterklausuren im Bachelor-Studiengang<\\\/a>\"],[\"<a href=\\\"https:\\\/\\\/pafak3.wiwi.uni-siegen.de\\\/info\\\/wp-content\\\/uploads\\\/Studiengang\\\/Allgemein\\\/Gleichwertigkeitspruefung_VOR.pdf\\\" target=\\\"_blank\\\" rel=\\\"noopener\\\">Gleichwertigkeitspr\\u00fcfung VOR Erbringung der Pr\\u00fcfungsleistung<\\\/a>\"],[\"<a href=\\\"https:\\\/\\\/pafak3.wiwi.uni-siegen.de\\\/info\\\/wp-content\\\/uploads\\\/Studiengang\\\/Allgemein\\\/Protokoll_muendliche_Pruefung.pdf\\\" target=\\\"_blank\\\" rel=\\\"noopener\\\">Protokoll \\u00fcber die m\\u00fcndliche Pr\\u00fcfung<\\\/a>\"],[\"<a href=\\\"https:\\\/\\\/pafak3.wiwi.uni-siegen.de\\\/info\\\/wp-content\\\/uploads\\\/Studiengang\\\/Allgemein\\\/Anmeldung-zur-Abschlussarbeit_1.pdf\\\">Anmeldung zur Abschlussarbeit<\\\/a>\"],[\"<a href=\\\"https:\\\/\\\/pafak3.wiwi.uni-siegen.de\\\/info\\\/wp-content\\\/uploads\\\/Studiengang\\\/Allgemein\\\/Antrag_Verlaengerung-_BA-MA_Krankheit.pdf\\\" target=\\\"_blank\\\" rel=\\\"noopener\\\">Antrag auf Verl\\u00e4ngerung der Bearbeitungszeit der Bachelor-\\\/Masterarbeit wegen Krankheit<\\\/a>\"],[\"<a href=\\\"https:\\\/\\\/pafak3.wiwi.uni-siegen.de\\\/info\\\/wp-content\\\/uploads\\\/Studiengang\\\/Allgemein\\\/Anmeldung_letzter_-Pruefungsversuch.pdf\\\" target=\\\"_blank\\\" rel=\\\"noopener\\\">Anmeldung letzter Pruefungsversuch<\\\/a>\"],[\"<a href=\\\"https:\\\/\\\/pafak3.wiwi.uni-siegen.de\\\/info\\\/wp-content\\\/uploads\\\/Studiengang\\\/Allgemein\\\/Ruecktritt_wegen_Krankheit.pdf\\\" target=\\\"_blank\\\" rel=\\\"noopener\\\">R\\u00fccktritt wegen Krankheit<\\\/a>\"]],[{\"row\":0,\"col\":0,\"visualRow\":0,\"visualCol\":0,\"prop\":0,\"jtcellstyle\":{\"font-weight\":\"bold\"}},{\"row\":1,\"col\":0,\"visualRow\":1,\"visualCol\":0,\"prop\":0},{\"row\":2,\"col\":0,\"visualRow\":2,\"visualCol\":0,\"prop\":0},{\"row\":3,\"col\":0,\"visualRow\":3,\"visualCol\":0,\"prop\":0},{\"row\":4,\"col\":0,\"visualRow\":4,\"visualCol\":0,\"prop\":0},{\"row\":5,\"col\":0,\"visualRow\":5,\"visualCol\":0,\"prop\":0},{\"row\":6,\"col\":0,\"visualRow\":6,\"visualCol\":0,\"prop\":0},{\"row\":7,\"col\":0,\"visualRow\":7,\"visualCol\":0,\"prop\":0},{\"row\":8,\"col\":0,\"visualRow\":8,\"visualCol\":0,\"prop\":0},{\"row\":9,\"col\":0,\"visualRow\":9,\"visualCol\":0,\"prop\":0},{\"row\":10,\"col\":0,\"visualRow\":10,\"visualCol\":0,\"prop\":0}],[],[]]<\/textarea><textarea data-jtrt-table-id='1501' id='jtrt_table_bps_1501' cols='30' rows='10'>[]<\/textarea><\/div><table id='jtrt_table_1501' data-sorting='false' data-paging='false' data-paging-size='10' data-paging-menu='10,20,50,100' data-filtering='false' data-jtrt-table-id='1501' class='jtrt-table  ' ><thead><tr><th>Wichtige Formulare f\u00fcr Ihr Studium:<\/th><\/tr><\/thead><tbody><tr><td><a href=\"https:\/\/pafak3.wiwi.uni-siegen.de\/info\/wp-content\/uploads\/Studiengang\/Allgemein\/Antrag_auf_eine_Sonderpruefung.pdf\" class=\"mtli_attachment mtli_pdf\" target=\"_blank\" rel=\"noopener\">Antrag auf Zulassung zu einer Sonderpr\u00fcfung<\/a><\/td><\/tr><tr><td><a href=\"https:\/\/pafak3.wiwi.uni-siegen.de\/info\/wp-content\/uploads\/Studiengang\/Allgemein\/Anmeldung_zur_Sonderpruefung.pdf\" class=\"mtli_attachment mtli_pdf\" target=\"_blank\" rel=\"noopener\">Anmeldung zur Sonderpr\u00fcfung<\/a><\/td><\/tr><tr><td><a href=\"https:\/\/pafak3.wiwi.uni-siegen.de\/info\/wp-content\/uploads\/Studiengang\/Allgemein\/Zusatzleistung.pdf\" class=\"mtli_attachment mtli_pdf\" target=\"_blank\" rel=\"noopener\">Anmeldung zur Pr\u00fcfung als Zusatzleistung<\/a><\/td><\/tr><tr><td><a href=\"https:\/\/pafak3.wiwi.uni-siegen.de\/info\/wp-content\/uploads\/Studiengang\/Allgemein\/Antrag_MA_in_BA.pdf\" class=\"mtli_attachment mtli_pdf\" target=\"_blank\" rel=\"noopener\">Antrag auf Teilnahme an Masterklausuren im Bachelor-Studiengang<\/a><\/td><\/tr><tr><td><a href=\"https:\/\/pafak3.wiwi.uni-siegen.de\/info\/wp-content\/uploads\/Studiengang\/Allgemein\/Gleichwertigkeitspruefung_VOR.pdf\" class=\"mtli_attachment mtli_pdf\" target=\"_blank\" rel=\"noopener\">Gleichwertigkeitspr\u00fcfung VOR Erbringung der Pr\u00fcfungsleistung<\/a><\/td><\/tr><tr><td><a href=\"https:\/\/pafak3.wiwi.uni-siegen.de\/info\/wp-content\/uploads\/Studiengang\/Allgemein\/Protokoll_muendliche_Pruefung.pdf\" class=\"mtli_attachment mtli_pdf\" target=\"_blank\" rel=\"noopener\">Protokoll \u00fcber die m\u00fcndliche Pr\u00fcfung<\/a><\/td><\/tr><tr><td><a href=\"https:\/\/pafak3.wiwi.uni-siegen.de\/info\/wp-content\/uploads\/Studiengang\/Allgemein\/Anmeldung-zur-Abschlussarbeit_1.pdf\" class=\"mtli_attachment mtli_pdf\">Anmeldung zur Abschlussarbeit<\/a><\/td><\/tr><tr><td><a href=\"https:\/\/pafak3.wiwi.uni-siegen.de\/info\/wp-content\/uploads\/Studiengang\/Allgemein\/Antrag_Verlaengerung-_BA-MA_Krankheit.pdf\" class=\"mtli_attachment mtli_pdf\" target=\"_blank\" rel=\"noopener\">Antrag auf Verl\u00e4ngerung der Bearbeitungszeit der Bachelor-\/Masterarbeit wegen Krankheit<\/a><\/td><\/tr><tr><td><a href=\"https:\/\/pafak3.wiwi.uni-siegen.de\/info\/wp-content\/uploads\/Studiengang\/Allgemein\/Anmeldung_letzter_-Pruefungsversuch.pdf\" class=\"mtli_attachment mtli_pdf\" target=\"_blank\" rel=\"noopener\">Anmeldung letzter Pruefungsversuch<\/a><\/td><\/tr><tr><td><a href=\"https:\/\/pafak3.wiwi.uni-siegen.de\/info\/wp-content\/uploads\/Studiengang\/Allgemein\/Ruecktritt_wegen_Krankheit.pdf\" class=\"mtli_attachment mtli_pdf\" target=\"_blank\" rel=\"noopener\">R\u00fccktritt wegen Krankheit<\/a><\/td><\/tr><\/tbody><\/table><\/div><\/div><\/li>\n<\/ul>\n<\/div><\/div>\n","protected":false},"excerpt":{"rendered":"<p>Spezielle Formulare zu den einzelnen Studieng\u00e4ngen (auch Zusatzleistungen DEWR) finden Sie unter dem jeweiligen Studiengang. &nbsp;<\/p>\n","protected":false},"author":5,"featured_media":0,"parent":0,"menu_order":30,"comment_status":"closed","ping_status":"closed","template":"","meta":{"footnotes":""},"class_list":["post-3771","page","type-page","status-publish","hentry"],"_links":{"self":[{"href":"https:\/\/pafak3.wiwi.uni-siegen.de\/info\/wp-json\/wp\/v2\/pages\/3771","targetHints":{"allow":["GET"]}}],"collection":[{"href":"https:\/\/pafak3.wiwi.uni-siegen.de\/info\/wp-json\/wp\/v2\/pages"}],"about":[{"href":"https:\/\/pafak3.wiwi.uni-siegen.de\/info\/wp-json\/wp\/v2\/types\/page"}],"author":[{"embeddable":true,"href":"https:\/\/pafak3.wiwi.uni-siegen.de\/info\/wp-json\/wp\/v2\/users\/5"}],"replies":[{"embeddable":true,"href":"https:\/\/pafak3.wiwi.uni-siegen.de\/info\/wp-json\/wp\/v2\/comments?post=3771"}],"version-history":[{"count":6,"href":"https:\/\/pafak3.wiwi.uni-siegen.de\/info\/wp-json\/wp\/v2\/pages\/3771\/revisions"}],"predecessor-version":[{"id":3778,"href":"https:\/\/pafak3.wiwi.uni-siegen.de\/info\/wp-json\/wp\/v2\/pages\/3771\/revisions\/3778"}],"wp:attachment":[{"href":"https:\/\/pafak3.wiwi.uni-siegen.de\/info\/wp-json\/wp\/v2\/media?parent=3771"}],"curies":[{"name":"wp","href":"https:\/\/api.w.org\/{rel}","templated":true}]}}