{"id":458,"date":"2023-09-22T12:00:14","date_gmt":"2023-09-22T10:00:14","guid":{"rendered":"https:\/\/dekanatfakultaet3.wiwi.uni-siegen.de\/faq\/?page_id=458"},"modified":"2026-02-25T09:31:33","modified_gmt":"2026-02-25T08:31:33","slug":"termine","status":"publish","type":"page","link":"https:\/\/pafak3.wiwi.uni-siegen.de\/info\/pruefungen\/termine\/","title":{"rendered":"Klausurzeitr\u00e4ume"},"content":{"rendered":"<h1 class=\"title\">Allgemeine Terminplanung<\/h1>\n<table style=\"height: 143px;\" width=\"560\">\n<tbody>\n<tr>\n<td>\n<h3>Wintersemester 2025\/26<\/h3>\n<\/td>\n<td><strong>Klausurzeitraum<\/strong><\/td>\n<td><strong>Anmeldungen<\/strong><\/td>\n<\/tr>\n<tr>\n<th>1. Pr\u00fcfungsperiode<\/th>\n<td>09.02.2026 &#8211; 06.03.2026<\/td>\n<td>ab 05.01.2026<\/td>\n<\/tr>\n<tr>\n<th>2. Pr\u00fcfungsperiode<\/th>\n<td>16.03.2026 &#8211; 31.03.2026<\/td>\n<td>ab 28.02.2026<\/td>\n<\/tr>\n<\/tbody>\n<\/table>\n<p>Zu einzelnen Pr\u00fcfungen (u.a. Seminare, Pr\u00fcfungen mit semesterbegleitenden Elementen) erfolgt die Anmeldung\u00a0 bereits fr\u00fcher w\u00e4hrend der Vorlesungszeit.<\/p>\n<p>&nbsp;<\/p>\n<table style=\"height: 134px;\" width=\"560\">\n<tbody>\n<tr>\n<td>\n<h3>Sommersemester 2026<\/h3>\n<\/td>\n<td><strong>Klausurzeitraum<\/strong><\/td>\n<td><strong>Anmeldungen<\/strong><\/td>\n<\/tr>\n<tr>\n<th>1. Pr\u00fcfungsperiode<\/th>\n<td>27.07.2026 &#8211; 21.08.2026<\/td>\n<td>ab<\/td>\n<\/tr>\n<tr>\n<th>2. Pr\u00fcfungsperiode<\/th>\n<td>14.09.2026 &#8211; 30.09.2026<\/td>\n<td>ab<\/td>\n<\/tr>\n<\/tbody>\n<\/table>\n<p>Zu einzelnen Pr\u00fcfungen (u.a. Seminare, Pr\u00fcfungen mit semesterbegleitenden Elementen) erfolgt die Anmeldung\u00a0 bereits fr\u00fcher w\u00e4hrend der Vorlesungszeit.<\/p>\n<p>&nbsp;<\/p>\n<p><strong>Alle Angaben gelten unter Vorbehalt!!!<\/strong><\/p>\n<h3><\/h3>\n<p>&nbsp;<\/p>\n<p>&nbsp;<\/p>\n<p>&nbsp;<\/p>\n<p>&nbsp;<\/p>\n","protected":false},"excerpt":{"rendered":"<p>Allgemeine Terminplanung Wintersemester 2025\/26 Klausurzeitraum Anmeldungen 1. Pr\u00fcfungsperiode 09.02.2026 &#8211; 06.03.2026 ab 05.01.2026 2. Pr\u00fcfungsperiode 16.03.2026 &#8211; 31.03.2026 ab 28.02.2026 Zu einzelnen Pr\u00fcfungen (u.a. Seminare, Pr\u00fcfungen mit semesterbegleitenden Elementen) erfolgt die Anmeldung\u00a0 bereits fr\u00fcher w\u00e4hrend der Vorlesungszeit. &nbsp; Sommersemester 2026 Klausurzeitraum Anmeldungen 1. Pr\u00fcfungsperiode 27.07.2026 &#8211; 21.08.2026 ab 2. Pr\u00fcfungsperiode 14.09.2026 &#8211; 30.09.2026 ab Zu [&hellip;]<\/p>\n","protected":false},"author":2,"featured_media":0,"parent":91,"menu_order":1,"comment_status":"closed","ping_status":"closed","template":"","meta":{"footnotes":""},"class_list":["post-458","page","type-page","status-publish","hentry"],"_links":{"self":[{"href":"https:\/\/pafak3.wiwi.uni-siegen.de\/info\/wp-json\/wp\/v2\/pages\/458","targetHints":{"allow":["GET"]}}],"collection":[{"href":"https:\/\/pafak3.wiwi.uni-siegen.de\/info\/wp-json\/wp\/v2\/pages"}],"about":[{"href":"https:\/\/pafak3.wiwi.uni-siegen.de\/info\/wp-json\/wp\/v2\/types\/page"}],"author":[{"embeddable":true,"href":"https:\/\/pafak3.wiwi.uni-siegen.de\/info\/wp-json\/wp\/v2\/users\/2"}],"replies":[{"embeddable":true,"href":"https:\/\/pafak3.wiwi.uni-siegen.de\/info\/wp-json\/wp\/v2\/comments?post=458"}],"version-history":[{"count":86,"href":"https:\/\/pafak3.wiwi.uni-siegen.de\/info\/wp-json\/wp\/v2\/pages\/458\/revisions"}],"predecessor-version":[{"id":6036,"href":"https:\/\/pafak3.wiwi.uni-siegen.de\/info\/wp-json\/wp\/v2\/pages\/458\/revisions\/6036"}],"up":[{"embeddable":true,"href":"https:\/\/pafak3.wiwi.uni-siegen.de\/info\/wp-json\/wp\/v2\/pages\/91"}],"wp:attachment":[{"href":"https:\/\/pafak3.wiwi.uni-siegen.de\/info\/wp-json\/wp\/v2\/media?parent=458"}],"curies":[{"name":"wp","href":"https:\/\/api.w.org\/{rel}","templated":true}]}}