{"id":532,"date":"2018-11-07T10:09:46","date_gmt":"2018-11-07T09:09:46","guid":{"rendered":"https:\/\/dekanatfakultaet3.wiwi.uni-siegen.de\/faq\/?page_id=532"},"modified":"2025-10-10T10:31:59","modified_gmt":"2025-10-10T08:31:59","slug":"seminare","status":"publish","type":"page","link":"https:\/\/pafak3.wiwi.uni-siegen.de\/info\/pruefungen\/seminare\/","title":{"rendered":"Seminare"},"content":{"rendered":"<h1 class=\"title\">Regelungen f\u00fcr die Anmeldung von Seminaren<\/h1>\n<p>Um einen reibungslosen Ablauf f\u00fcr die Anmeldung von Seminaren zu garantieren, sind folgende Regularien zu beachten.<\/p>\n<div class=\"su-spoiler su-spoiler-style-fancy su-spoiler-icon-plus su-spoiler-closed\" data-scroll-offset=\"0\" data-anchor-in-url=\"no\"><div class=\"su-spoiler-title\" tabindex=\"0\" role=\"button\"><span class=\"su-spoiler-icon\"><\/span>Betriebswirtschaftliche Seminare<\/div><div class=\"su-spoiler-content su-u-clearfix su-u-trim\">\n<h1><\/h1>\n<h1>Platzvergabe und Pr\u00fcfungsanmeldung f\u00fcr bwsl. Seminare<\/h1>\n<p><!-- <span style=\"color: #e74c3c;\">ACHTUNG: Aufgrund der relativ geringen Nachfrage nach Seminarpl\u00e4tzen wird der Anmeldezeitraum f\u00fcr die bwsl. Seminare ausnahmsweise bis zum 28. M\u00e4rz 2022 verl\u00e4ngert. Studierende, die sich bereits innerhalb der regul\u00e4ren Frist (1. Belegungsphase der Standardbelegung) angemeldet hatten, wurden bereits zu den Seminaren zugelassen.<\/span> --><\/p>\n<p>Die Zuteilung der Seminarpl\u00e4tze erfolgt \u00fcber die Veranstaltungsbelegung in Unisono. Die Bewerbungs- bzw. Anmeldephase startet mit Beginn der Belegungsphase und l\u00e4uft bis zum 15. M\u00e4rz (f\u00fcr das Sommersemester) bzw. bis zum 15. September (f\u00fcr das Wintersemester). Die Belegungsphase startet in der Regel acht Wochen vor Vorlesungsbeginn, das Vorlesungsverzeichnis wird in der Regel zehn Wochen vor Vorlesungsbeginn ver\u00f6ffentlicht. Eine Bewerbung am jeweiligen Lehrstuhl ist nicht erforderlich. Nach der Zuteilung zu einem Seminar (Zulassung zu einem Seminar bzw. zu einer Parallelgruppe innerhalb der Seminarveranstaltungen in Unisono) sind Sie noch nicht pr\u00fcfungsrechtlich zu dem Seminar angemeldet. Im Anschluss an die oben genannte Belegungsphase wird die Pr\u00fcfungsanmeldung zu den Seminaren freigeschaltet. \u00dcber diese m\u00fcssen Sie sich nun noch selbst pr\u00fcfungsrechtlich zu dem Seminar anmelden, zu dem Sie zugelassen wurden. Erst damit ist Ihnen der Seminarplatz sicher.<\/p>\n<p>&nbsp;<\/p>\n<h3>Details:<\/h3>\n<p>F\u00fcr jedes Seminar-Modul der betriebswirtschaftlichen Studieng\u00e4nge ist in Unisono jeweils eine Veranstaltung angelegt (siehe Liste unten). Innerhalb dieser Veranstaltung sind alle Seminare, die f\u00fcr das jeweilige Modul angeboten werden, als Parallelgruppe angelegt. Weitere Informationen zu einem Seminar erhalten Sie ggf. unter dem Link \u201eDetails einblenden\u201d innerhalb der Parallelgruppe (= Seminar) oder auf den Websites der Lehrst\u00fchle.<\/p>\n<p>Wenn Sie ein Seminar absolvieren m\u00f6chten, w\u00e4hlen Sie in Unisono innerhalb der passenden Seminarveranstaltung f\u00fcnf Wunschseminare (zwingend vorgeschrieben) aus und belegen diese mit Angabe Ihrer Priorit\u00e4ten. Wenn f\u00fcr Ihren Studiengang weniger als f\u00fcnf Seminare angeboten werden, m\u00fcssen Sie alle angebotenen Seminare mit Angabe von Priorit\u00e4ten w\u00e4hlen.<\/p>\n<p>Im Anschluss an die Belegungsphase erfolgt die Platzzuteilung, die zwei bis drei Tage dauern kann, automatisiert. Dabei wird Ihnen ein Platz in einem der f\u00fcnf ausgew\u00e4hlten Seminare zugeteilt. In Ihrem Unisono-Konto k\u00f6nnen Sie unter \u201eMein Studium\u201d &gt; \u201eBelegungen und Anmeldungen\u201d einsehen, f\u00fcr welches Seminar Sie zugelassen wurden. Um den Platz anzunehmen, m\u00fcssen Sie sich anschlie\u00dfend pr\u00fcfungsrechtlich zu dem Seminar anmelden. Pr\u00fcfungsanmeldungen zu anderen Seminaren werden storniert. Wenn Sie die Pr\u00fcfungsanmeldung nicht innerhalb des vorgesehenen Zeitraums vornehmen, entf\u00e4llt der zugewiesene Platz.<\/p>\n<p><strong>Eine weitere Belegungsphase ist f\u00fcr die betriebswirtschaftlichen Seminare nicht vorgesehen.<\/strong><\/p>\n<p>&nbsp;<\/p>\n<p><u>Besonderheiten f\u00fcr einzelne Studieng\u00e4nge<\/u><\/p>\n<p>Deutsches und Europ\u00e4isches Wirtschaftsrecht (Bachelor)<br \/>\nStudierende in der PO 2019 d\u00fcrfen ausschlie\u00dflich ein bwsl. Seminar der SBWL &#8222;Personalmanagement und Organisation&#8220; w\u00e4hlen, sofern zuvor die Module \u201ePersonalrecht\u201c UND \u201ePersonalmanagement und Organisation\u201c bestanden wurden.<\/p>\n<p>Lehramt Berufskolleg (Bachelor und Master)<br \/>\nStudierende im Lehramt Berufskolleg m\u00fcssen technisch bedingt auch 5 Priorit\u00e4ten w\u00e4hlen. Sie werden jedoch nur zu Seminaren zugelassen, die im Bachelor bzw. Master Lehramt BK vorgesehen sind. Die hinteren Priorit\u00e4ten bleiben unber\u00fccksichtigt.<\/p>\n<p>Controlling und Risikomanagement (Master)<br \/>\nIm M.Sc. CRM wird es f\u00fcr die beiden Seminar-Module nur eine Unisono-Veranstaltung geben. Dadurch kann die Bedingung, dass in einem Semester nur ein Seminar \u2013 entweder Controlling oder Risikomanagement \u2013 belegt werden soll, durchgesetzt werden<\/p>\n<p>Um sicherzustellen nur in einem Controlling-Seminar <u>oder<\/u> Risikomanagement-Seminar zugelassen zu werden, m\u00fcssten Sie Ihre Priorit\u00e4ten ausschlie\u00dflich auf Seminare des gew\u00fcnschten Bereichs aufteilen. Sollten in einem Bereich weniger als 5 Seminare angeboten werden, m\u00fcssten Sie mit Ihren vorderen Priorit\u00e4ten alle Seminare des gew\u00fcnschten Bereiches w\u00e4hlen. Die hinteren Priorit\u00e4ten m\u00fcssen zwar (technisch bedingt) auch vergeben werden, w\u00fcrden aber nicht bei der Platzzuteilung ber\u00fccksichtigt.<\/p>\n<p>Wirtschaftsingenieurwesen (Master)<br \/>\nStudierende im Master Wirtschaftsingenieurwesen k\u00f6nnen aus allen Master-Seminaren (ausgenommen Projektseminar SME) w\u00e4hlen, sollten sich aber nur in <u>einer<\/u> Unisono-Veranstaltung zu Seminaren anmelden. Mehrfach-Anmeldungen werden storniert.<\/p>\n<p><strong>Hinweis f\u00fcr Erstsemester:<\/strong> Seminare richten sich nicht an Erstsemester. Sie bauen auf den im Studiengang gelernten Inhalten und Methoden auf. Um erfolgreich an einem Seminar teilnehmen zu k\u00f6nnen, sollten zun\u00e4chst die grundlegenden Module des Studiengangs absolviert sein.<\/p>\n<p>&nbsp;<\/p>\n<p><u>Veranstaltungsnummer der Bachelor-Seminare in Unisono<\/u><br \/>\n<div class=\"su-table su-table-alternate\">\n<table>\n<tbody>\n<tr>\n<td><strong>BWL<\/strong><\/td>\n<td><strong>M20: Seminare Bachelor Betriebswirtschaftslehre<\/strong><\/td>\n<td><strong>3BWLSE020V<\/strong><\/td>\n<\/tr>\n<\/tbody>\n<\/table>\n<\/div>\n<p>Das Seminarangebot gilt f\u00fcr folgende Studieng\u00e4nge:<\/p>\n<ul>\n<li>Bachelor Betriebswirtschaftslehre<\/li>\n<li>Bachelor Deutsches und Europ\u00e4isches Wirtschaftsrecht<\/li>\n<li>Bachelor Lehramt Berufskolleg (SBWL: Wirtschaftspr\u00fcfung, Finanz- und Bankmanagement, Medienmanagement, Marketingmanagement, Wirtschaftsinformatik)<\/li>\n<\/ul>\n<p>&nbsp;<\/p>\n<p><u>Veranstaltungsnummern der Master-Seminare in Unisono<\/u><\/p>\n<div class=\"su-table su-table-alternate\">\n<table>\n<tbody>\n<tr>\n<td><strong>AAT<\/strong><\/td>\n<td><strong>M4: Accounting, Auditing &amp; Governance<\/strong><\/td>\n<td><strong>3AATSE004V<\/strong><\/td>\n<\/tr>\n<tr>\n<td><strong>AAT<\/strong><\/td>\n<td><strong>M8: Taxation<\/strong><\/td>\n<td><strong>3AATSE008V<\/strong><\/td>\n<\/tr>\n<tr>\n<td><strong>CRM<\/strong><\/td>\n<td><strong>M8: Controlling<\/strong><\/td>\n<td><strong>3CRMSE000V<\/strong><\/td>\n<\/tr>\n<tr>\n<td><strong>CRM<\/strong><\/td>\n<td><strong>M14: Risikomanagement<\/strong><\/td>\n<td><strong>3CRMSE000V<\/strong><\/td>\n<\/tr>\n<tr>\n<td><strong>SME<\/strong><\/td>\n<td><strong>M10: Forschungs- u. Fallstudienseminar\u00a0<\/strong><\/td>\n<td><strong>3SMESE010V<\/strong><\/td>\n<\/tr>\n<tr>\n<td><strong>SME<\/strong><\/td>\n<td><strong>M11: Projektseminar I+II\u00a0<\/strong><\/td>\n<td><strong>3SMESE011V<\/strong><\/td>\n<\/tr>\n<tr>\n<td><strong>MM<\/strong><\/td>\n<td><strong>M13: Seminar<\/strong><\/td>\n<td><strong>3MMSEM013V<\/strong><\/td>\n<\/tr>\n<\/tbody>\n<\/table>\n<\/div>\n<ul>Das Seminarangebot gilt<\/p>\n<li>jeweils f\u00fcr die bwsl. Master-Studieng\u00e4nge,<\/li>\n<li>den Master Wirtschaftsingenieurwesen (ausgenommen Projektseminar SME) und<\/li>\n<li>die Masterstudieng\u00e4nge Lehramt Berufskolleg (hier nur 3AATSE004V, 3CRMSE000V, 3SMESE010V)<\/li>\n<\/ul>\n<p><!--\n\n\n<h1>Pr\u00fcfungsnummern der Seminare etc.<\/h1>\n\n\n<strong>(Hinweis: Es handelt sich hier um eine <u>allgemeine \u00dcbersicht<\/u> \u00fcber die Seminare in den einzelnen Studieng\u00e4ngen und <em>nicht um das Seminarangebot f\u00fcr ein konkretes Semester<\/em>. Das Seminarangebot finden Sie in Unisono und in der Regel auf den Internetseiten der Lehrst\u00fchle. Falls dem Pr\u00fcfungsamt vom Pr\u00fcfer ein Seminar gemeldet worden ist, dann steht dieses Seminar auch als eine anmeldbare Pr\u00fcfung in Ihrem Anmeldebaum.)<\/strong>\n\n\n<h3>Bachelor<\/h3>\n\n\n&#091;su_table&#093;\n\n\n<table>\n\n\n<tbody>\n\n\n<tr>\n\n\n<td><strong>SBWL<\/strong><\/td>\n\n\n\n\n<td><strong>Pr\u00fcfungsnummer<\/strong><\/td>\n\n\n<\/tr>\n\n\n\n\n<tr>\n\n\n<td>Betriebswirtschaftliche Steuerlehre<\/td>\n\n\n\n\n<td>95890<\/td>\n\n\n<\/tr>\n\n\n\n\n<tr>\n\n\n<td>Finanz- und Bankmanagement<\/td>\n\n\n\n\n<td>95910<\/td>\n\n\n<\/tr>\n\n\n\n\n<tr>\n\n\n<td>Medienmanagement<\/td>\n\n\n\n\n<td>95940<\/td>\n\n\n<\/tr>\n\n\n\n\n<tr>\n\n\n<td>Personalmanagement und Organisation<\/td>\n\n\n\n\n<td>95950<\/td>\n\n\n<\/tr>\n\n\n\n\n<tr>\n\n\n<td>Wirtschaftspr\u00fcfung<\/td>\n\n\n\n\n<td>95980<\/td>\n\n\n<\/tr>\n\n\n\n\n<tr>\n\n\n<td>Marketingmanagement<\/td>\n\n\n\n\n<td>95930<\/td>\n\n\n<\/tr>\n\n\n\n\n<tr>\n\n\n<td>Controlling<\/td>\n\n\n\n\n<td>95900<\/td>\n\n\n<\/tr>\n\n\n\n\n<tr>\n\n\n<td>Produktions- und Logistikmanagement<\/td>\n\n\n\n\n<td>95960<\/td>\n\n\n<\/tr>\n\n\n\n\n<tr>\n\n\n<td>Umwelt- und Wertsch\u00f6pfungsmanagement<\/td>\n\n\n\n\n<td>95970<\/td>\n\n\n<\/tr>\n\n\n\n\n<tr>\n\n\n<td>Management KMU<\/td>\n\n\n\n\n<td>95920<\/td>\n\n\n<\/tr>\n\n\n\n\n<tr>\n\n\n<td>Operations Research in der Logistik<\/td>\n\n\n\n\n<td>95875<\/td>\n\n\n<\/tr>\n\n\n\n\n<tr>\n\n\n<td>Wirtschaftsinformatik<\/td>\n\n\n\n\n<td>95895<\/td>\n\n\n<\/tr>\n\n\n\n\n<tr>\n\n\n<td>Technologiemanagement<\/td>\n\n\n\n\n<td>95988<\/td>\n\n\n<\/tr>\n\n\n<\/tbody>\n\n\n<\/table>\n\n\n&#091;\/su_table&#093;\n\n<strong>Lehramt Bachelor Berufskolleg<\/strong>\nStudienleistung zum Seminar im Medienmanagement: 195940\n\n<strong>Bachelor Medienmanagement<\/strong>\nKolloquium zum Seminar im Medienmanagement: 330503\n\n&nbsp;\n\n\n<h3>Master<\/h3>\n\n\n&#091;su_table&#093;\n<strong>Pr\u00fcfungsnummer<\/strong>\n\n\n<table>\n\n\n<tbody>\n\n\n<tr>\n\n\n<td>\n\n\n<h4><strong>AAT<\/strong><\/h4>\n\n\n<\/td>\n\n\n\n\n<td><strong>Pr\u00fcfungsnummer<\/strong><\/td>\n\n\n<\/tr>\n\n\n\n\n<tr>\n\n\n<td>Seminar in Accounting und Governance<\/td>\n\n\n\n\n<td>MSC-AAT-M4 P<\/td>\n\n\n<\/tr>\n\n\n\n\n<tr>\n\n\n<td>Seminar in Taxation<\/td>\n\n\n\n\n<td>MSC-AAT-M8 P<\/td>\n\n\n<\/tr>\n\n\n\n\n<tr>\n\n\n<td>\n\n\n<h4><strong>CR<\/strong><\/h4>\n\n\n<\/td>\n\n\n\n\n<td><strong>Pr\u00fcfungsnummer<\/strong><\/td>\n\n\n<\/tr>\n\n\n\n\n<tr>\n\n\n<td>Seminar zum Controlling<\/td>\n\n\n\n\n<td>MS-CRM-M8-P<\/td>\n\n\n<\/tr>\n\n\n\n\n<tr>\n\n\n<td>Seminar zum Risikomanagement<\/td>\n\n\n\n\n<td>MS-CRM-M14-P<\/td>\n\n\n<\/tr>\n\n\n\n\n<tr>\n\n\n<td>\n\n\n<h4><strong>SME<\/strong><\/h4>\n\n\n<\/td>\n\n\n\n\n<td><strong>Pr\u00fcfungsnummer<\/strong><\/td>\n\n\n<\/tr>\n\n\n\n\n<tr>\n\n\n<td>Forschungs- und Fallstudienseminar (Gegenstand: Forschungsbereich der verschiedenen\nModule oder Fallstudie bei Unternehmen)<\/td>\n\n\n\n\n<td>95836<\/td>\n\n\n<\/tr>\n\n\n\n\n<tr>\n\n\n<td>Projektseminar (Teil I + II)<\/td>\n\n\n\n\n<td>95865<\/td>\n\n\n<\/tr>\n\n\n\n\n<tr>\n\n\n<td>\n\n\n<h4><strong>MM<\/strong><\/h4>\n\n\n<\/td>\n\n\n\n\n<td><strong>Pr\u00fcfungsnummer<\/strong><\/td>\n\n\n<\/tr>\n\n\n\n\n<tr>\n\n\n<td>Seminar (Gegenstand: Module des Studienganges)<\/td>\n\n\n\n\n<td>95837<\/td>\n\n\n<\/tr>\n\n\n\n\n<tr>\n\n\n<td>\n\n\n<h4>WIng<\/h4>\n\n\n<\/td>\n\n\n\n\n<td><\/td>\n\n\n<\/tr>\n\n\n\n\n<tr>\n\n\n<td>Die Studierenden aus dem Masterstudiengang\nWirtschaftsingenieurwesen k\u00f6nnen eines der Seminare\naus den Masterstudieng\u00e4ngen AAT, CR, SME oder MM\n(au\u00dfer Projektseminar aus dem Master SME) w\u00e4hlen;\nes gelten die dortigen Pr\u00fcfungsnummern.<\/td>\n\n\n\n\n<td><\/td>\n\n\n<\/tr>\n\n\n\n\n<tr>\n\n\n<td>\n\n\n<h4>Medien und Gesellschaft<\/h4>\n\n\n<\/td>\n\n\n\n\n<td><strong>Pr\u00fcfungsnummer<\/strong><\/td>\n\n\n<\/tr>\n\n\n\n\n<tr>\n\n\n<td>Unternehmensf\u00fchrung und Medienmanagement<\/td>\n\n\n\n\n<td>328631<\/td>\n\n\n<\/tr>\n\n\n\n\n<tr>\n\n\n<td>Hausarbeit Unternehmensf\u00fchrung und\nMedienmanagement<\/td>\n\n\n\n\n<td>328632<\/td>\n\n\n<\/tr>\n\n\n\n\n<tr>\n\n\n<td>\n\n\n<h4>Lehramt Master Berufskolleg:\nPr\u00fcfungsleistungen<\/h4>\n\n\n<\/td>\n\n\n<\/tr>\n\n\n\n\n<tr>\n\n\n<td>Seminar Accounting &amp; Governanace<\/td>\n\n\n\n\n<td>95831<\/td>\n\n\n<\/tr>\n\n\n\n\n<tr>\n\n\n<td>Seminar zum Risikomanagement<\/td>\n\n\n\n\n<td>95834<\/td>\n\n\n<\/tr>\n\n\n\n\n<tr>\n\n\n<td>Seminar Marketing und Handel<\/td>\n\n\n\n\n<td>95836<\/td>\n\n\n<\/tr>\n\n\n\n\n<tr>\n\n\n<td>\n\n\n<h4>Lehramt Master Berufskolleg:\nStudienleistungen<\/h4>\n\n\n<\/td>\n\n\n\n\n<td><strong>Pr\u00fcfungsnummer<\/strong><\/td>\n\n\n<\/tr>\n\n\n\n\n<tr>\n\n\n<td>Seminar Accounting &amp; Governanace<\/td>\n\n\n\n\n<td>195831<\/td>\n\n\n<\/tr>\n\n\n\n\n<tr>\n\n\n<td>Seminar zum Risikomanagement<\/td>\n\n\n\n\n<td>195834<\/td>\n\n\n<\/tr>\n\n\n\n\n<tr>\n\n\n<td>Seminar Marketing und Handel<\/td>\n\n\n\n\n<td>195836<\/td>\n\n\n<\/tr>\n\n\n<\/tbody>\n\n\n<\/table>\n\n\n--><br \/>\n[\/su_table]\n<\/div><\/div>\n<div class=\"su-spoiler su-spoiler-style-fancy su-spoiler-icon-plus su-spoiler-closed\" data-scroll-offset=\"0\" data-anchor-in-url=\"no\"><div class=\"su-spoiler-title\" tabindex=\"0\" role=\"button\"><span class=\"su-spoiler-icon\"><\/span>Seminars in Economics<\/div><div class=\"su-spoiler-content su-u-clearfix su-u-trim\">\n<h3 class=\"title\">Regulations for Registration to the Seminars in Economics<\/h3>\n<ol>\n<li>The professor creates the seminar course in unisono by July 31 for seminars in the following winter semester or, respectively, by January 31 for seminars in the following summer semester.<\/li>\n<li>The student contacts the professor to find out in detail the content of the seminar and receives a preliminary confirmation of seminar participation. The professor informs the student by when the registration for the examination (see point 3) must done; after this date, the professor is no longer bound by the preliminary confirmation.<\/li>\n<li>The student registers in unisono for the seminar <strong>examination<\/strong>. (Be sure to choose the correct semester and to register under the <strong>examination<\/strong> number given below!) The registration period runs from August 15 to September 30 (for the following winter semester) or, respectively, from February 15 to March 31 (for the following summer semester). The registration for the examination is binding, it is not possible to cancel the registration for the examination.<\/li>\n<li>The student creates an overview of his\/her course bookings and exam registrations (in unisono via \u201eMy Studies\u201c -&gt; \u201eAssignments and registrations\u201c -&gt; \u201eDownload as PDF document\u201c). The student submits the overview to the professor as proof for the exam registration, and the professor gives the student the final confirmation for the participation in the seminar.<\/li>\n<li>In exceptional cases the examination office, in consultation with the professor, can cancel a prior registration.<\/li>\n<li>In case of non-attendance or abandonment of the seminar, the seminar will be graded as failed (5.0).<\/li>\n<li>If a seminar is not passed in the third attempt, then the Bachelor&#8217;s or, respectively, Master&#8217;s examination is definitively failed.<\/li>\n<\/ol>\n<p>&nbsp;<\/p>\n<h3 class=\"title\"><a name=\"Seminare\"><\/a>Seminars in Economics\/Economic Policy: Examination Numbers<\/h3>\n<table>\n<tbody>\n<tr>\n<th style=\"text-align: left;\">Bachelor<\/th>\n<th>VWL 2019<\/th>\n<\/tr>\n<tr>\n<td>Europ\u00e4ische\u00a0 Wirtschaft I<\/td>\n<td>3VWLBA018-P<\/td>\n<\/tr>\n<tr>\n<td>Europ\u00e4ische Wirtschaft II<\/td>\n<td>3VWLBA019-P<\/td>\n<\/tr>\n<\/tbody>\n<\/table>\n<p>&nbsp;<\/p>\n<table>\n<tbody>\n<tr>\n<th style=\"text-align: left;\">Master<\/th>\n<th>EP 2019<\/th>\n<\/tr>\n<tr>\n<td>Seminar in Economic Policy<\/td>\n<td>3EPMA030-P<\/td>\n<\/tr>\n<\/tbody>\n<\/table>\n<\/div><\/div>\n<div class=\"su-spoiler su-spoiler-style-fancy su-spoiler-icon-plus su-spoiler-closed\" data-scroll-offset=\"0\" data-anchor-in-url=\"no\"><div class=\"su-spoiler-title\" tabindex=\"0\" role=\"button\"><span class=\"su-spoiler-icon\"><\/span>Rechtswissenschaftliche Seminare<\/div><div class=\"su-spoiler-content su-u-clearfix su-u-trim\">Regelungen und Termine f\u00fcr die Anmeldung zu den rechtswissenschaftlichen Seminaren<\/p>\n<ul>\n<li>Innerhalb der ersten Belegungsphase (bis Anfang M\u00e4rz bzw. Anfang September) k\u00f6nnen Sie sich f\u00fcr ein oder mehrere Seminare\/Hauptseminare durch Belegung der entsprechenden Gruppe in den nachfolgenden unisono-Veranstaltungen bewerben:<br \/>\n<table>\n<tbody>\n<tr>\n<th>Bachelor<\/th>\n<th><\/th>\n<th><\/th>\n<th><\/th>\n<th><\/th>\n<th>2019-1<\/th>\n<th>2025-1<\/th>\n<\/tr>\n<tr>\n<td><em>Modul<\/em><\/td>\n<td><\/td>\n<td>___<\/td>\n<td><em>Veranstaltung<\/em><\/td>\n<td><\/td>\n<\/tr>\n<tr>\n<td>3DEWRBA009<\/td>\n<td>Hauptseminar Rechtswissenschaften I<\/td>\n<td style=\"text-align: left;\"><\/td>\n<td>3KREBS100V<\/td>\n<td>Seminare im Wirtschaftsrecht f\u00fcr LL.B.<\/td>\n<td style=\"text-align: center;\">X<\/td>\n<td style=\"text-align: center;\">X<\/td>\n<\/tr>\n<tr>\n<td>3DEWRBA010<\/td>\n<td>Hauptseminar Rechtswissenschaften II<\/td>\n<td><\/td>\n<td>3KREBS101V<\/td>\n<td>Seminare im Wirtschaftsrecht f\u00fcr LL.B.<\/td>\n<td style=\"text-align: center;\">X<\/td>\n<td style=\"text-align: center;\">X<\/td>\n<\/tr>\n<tr>\n<td>3DEWRBA029<\/td>\n<td>Rechtswissenschaftliches Seminar<\/td>\n<td><\/td>\n<td>3KREBS101V<\/td>\n<td>Seminare im Wirtschaftsrecht f\u00fcr LL.B.<\/td>\n<td><\/td>\n<td style=\"text-align: center;\">X<\/td>\n<\/tr>\n<tr>\n<td><\/td>\n<td><\/td>\n<td><\/td>\n<td><\/td>\n<td><\/td>\n<td><\/td>\n<td><\/td>\n<\/tr>\n<tr>\n<th>Master<\/th>\n<th><\/th>\n<th><\/th>\n<th><\/th>\n<th><\/th>\n<th>2019-1<\/th>\n<th><\/th>\n<\/tr>\n<tr>\n<td><em>Modul<\/em><\/td>\n<td><\/td>\n<td>___<\/td>\n<td><em>Veranstaltung<\/em><\/td>\n<td><\/td>\n<td><\/td>\n<td><\/td>\n<\/tr>\n<tr>\n<td>3DEWRMA015<\/td>\n<td>Hauptseminar Rechtswissenschaften I<\/td>\n<td style=\"text-align: left;\"><\/td>\n<td>3KREBS200V<\/td>\n<td>Hauptseminare im Wirtschaftsrecht f\u00fcr LL.M.<\/td>\n<td style=\"text-align: center;\">X<\/td>\n<td><\/td>\n<\/tr>\n<tr>\n<td>3DEWRMA016<\/td>\n<td>Hauptseminar Rechtswissenschaften II<\/td>\n<td><\/td>\n<td>3KREBS201V<\/td>\n<td>Hauptseminare im Wirtschaftsrecht f\u00fcr LL.M.<\/td>\n<td style=\"text-align: center;\">X<\/td>\n<td><\/td>\n<\/tr>\n<tr>\n<td>3DEWRMA017<\/td>\n<td>Forschungskolloquium Rechtswissenschaften<\/td>\n<td><\/td>\n<td>3KREBS300V<\/td>\n<td>Forschungskolloquium im Wirtschaftsrecht f\u00fcr LL.M.<\/td>\n<td style=\"text-align: center;\">X<\/td>\n<td><\/td>\n<\/tr>\n<\/tbody>\n<\/table>\n<p>Dabei kann f\u00fcr jedes Seminar eine Wunschpriorit\u00e4t angegeben werden. Die genauen Informationen zu den Seminaren (Inhalt, Themen, Anforderungen, u.s.w.) finden Sie in den jeweiligen Ank\u00fcndigungen der Seminarleiter (i.d.R. auf der Homepage der jeweils zugeordneten Professur).<\/li>\n<li>Mitte M\u00e4rz bzw. Mitte September werden die Seminarpl\u00e4tze vergeben. Sollten nach der Vergabe noch Pl\u00e4tze \u00fcbrig sein, werden diese im Rahmen der zweiten Belegungsphase (Mitte bis Ende M\u00e4rz bzw. September) freigeschaltet.<\/li>\n<li>Bei der Platzvergabe im Anschluss an die erste und zweite Belegphase werden Ihre Priorit\u00e4ten bestm\u00f6glich im Rahmen des Platzkontingents ber\u00fccksichtigt. Sie erhalten nach der ersten Belegphase maximal eine Zusage. Bei Bewerber\u00fcberhang in allen Ihren belegten Seminaren und Lospech kann es dazu kommen, dass Sie trotz Belegung mehrerer Seminare am Ende keinen Seminarplatz in Ihren Wunschgruppen erhalten. In diesem Fall nutzen Sie bitte die zweite Belegphase, um sich in den \u00fcbrigen Gruppen auf Restpl\u00e4tze zu bewerben. Wenn die Priorit\u00e4ten nicht vollst\u00e4ndig ausgesch\u00f6pft werden (z.B. nur 1 oder 2 angegeben werden) und die favorisierten Gruppen bereits voll sind, dann erfolgt eine automatische Zulassung in eine noch freie Gruppe.<\/li>\n<li>In der ersten Vorlesungswoche findet jeweils eine Vorbesprechung statt; den genauen Termin legen die jeweiligen Seminarleiter fest. Achten Sie insofern auf die jeweiligen Angaben in unisono und\/oder in der Seminarank\u00fcndigung des Seminarleiters.<\/li>\n<li>Nach der ersten Vorbesprechung m\u00fcssen Sie sich noch &#8211; zus\u00e4tzlich zur oben beschriebenen <strong>Veranstaltung<\/strong>sbelegung &#8211; ebenfalls \u00fcber unisono f\u00fcr die jeweilige Seminar<strong>pr\u00fcfung<\/strong> anmelden; hierbei handelt es sich um die pr\u00fcfungsrechtliche Anmeldung zum Seminar. Die Pr\u00fcfungsanmeldung erfolgt in den ersten vier Wochen der Vorlesungszeit; die genauen Fristen k\u00f6nnten Sie aus Ihrem unisono-Konto ersehen. Danach kann ein R\u00fccktritt nur noch aus wichtigem Grund erfolgen.<\/li>\n<\/ul>\n<\/div><\/div><div class=\"su-spoiler su-spoiler-style-fancy su-spoiler-icon-plus su-spoiler-closed\" data-scroll-offset=\"0\" data-anchor-in-url=\"no\"><div class=\"su-spoiler-title\" tabindex=\"0\" role=\"button\"><span class=\"su-spoiler-icon\"><\/span>Wirtschaftsinformatik Seminare<\/div><div class=\"su-spoiler-content su-u-clearfix su-u-trim\">Die aktuellen Seminare finden Sie in unisono<\/div><\/div>\n","protected":false},"excerpt":{"rendered":"<p>Regelungen f\u00fcr die Anmeldung von Seminaren Um einen reibungslosen Ablauf f\u00fcr die Anmeldung von Seminaren zu garantieren, sind folgende Regularien zu beachten.<\/p>\n","protected":false},"author":2,"featured_media":0,"parent":91,"menu_order":3,"comment_status":"closed","ping_status":"closed","template":"","meta":{"footnotes":""},"class_list":["post-532","page","type-page","status-publish","hentry"],"_links":{"self":[{"href":"https:\/\/pafak3.wiwi.uni-siegen.de\/info\/wp-json\/wp\/v2\/pages\/532","targetHints":{"allow":["GET"]}}],"collection":[{"href":"https:\/\/pafak3.wiwi.uni-siegen.de\/info\/wp-json\/wp\/v2\/pages"}],"about":[{"href":"https:\/\/pafak3.wiwi.uni-siegen.de\/info\/wp-json\/wp\/v2\/types\/page"}],"author":[{"embeddable":true,"href":"https:\/\/pafak3.wiwi.uni-siegen.de\/info\/wp-json\/wp\/v2\/users\/2"}],"replies":[{"embeddable":true,"href":"https:\/\/pafak3.wiwi.uni-siegen.de\/info\/wp-json\/wp\/v2\/comments?post=532"}],"version-history":[{"count":99,"href":"https:\/\/pafak3.wiwi.uni-siegen.de\/info\/wp-json\/wp\/v2\/pages\/532\/revisions"}],"predecessor-version":[{"id":5862,"href":"https:\/\/pafak3.wiwi.uni-siegen.de\/info\/wp-json\/wp\/v2\/pages\/532\/revisions\/5862"}],"up":[{"embeddable":true,"href":"https:\/\/pafak3.wiwi.uni-siegen.de\/info\/wp-json\/wp\/v2\/pages\/91"}],"wp:attachment":[{"href":"https:\/\/pafak3.wiwi.uni-siegen.de\/info\/wp-json\/wp\/v2\/media?parent=532"}],"curies":[{"name":"wp","href":"https:\/\/api.w.org\/{rel}","templated":true}]}}