{"id":602,"date":"2018-11-07T13:16:53","date_gmt":"2018-11-07T12:16:53","guid":{"rendered":"https:\/\/dekanatfakultaet3.wiwi.uni-siegen.de\/faq\/?page_id=602"},"modified":"2022-05-03T11:27:15","modified_gmt":"2022-05-03T09:27:15","slug":"aktuelles","status":"publish","type":"page","link":"https:\/\/pafak3.wiwi.uni-siegen.de\/info\/herzlich-willkommen\/aktuelles\/","title":{"rendered":"Aktuelles"},"content":{"rendered":"<h1 class=\"title\">Wichtige Informationen, Termine und Links<\/h1>\n<div class=\"su-box su-box-style-default\" id=\"\" style=\"border-color:#000000;border-radius:3px\"><div class=\"su-box-title\" style=\"background-color:#333333;color:#FFFFFF;border-top-left-radius:1px;border-top-right-radius:1px\">Anmeldung zu Seminaren<\/div><div class=\"su-box-content su-u-clearfix su-u-trim\" style=\"border-bottom-left-radius:1px;border-bottom-right-radius:1px\">\n<p>Die Regularien unterscheiden sich je nach Fach:<\/p>\n<ul>\n<li><a href=\"https:\/\/pafak3.wiwi.uni-siegen.de\/info\/pruefungen\/seminare\/\">betriebswirtschaftliche Seminare<\/a><\/li>\n<li><a href=\"https:\/\/pafak3.wiwi.uni-siegen.de\/info\/pruefungen\/seminare\/\">volkswirtschaftliche Seminare<\/a><\/li>\n<li><a href=\"https:\/\/pafak3.wiwi.uni-siegen.de\/info\/pruefungen\/seminare\/\">rechtswissenschaftliche Seminare<\/a><\/li>\n<li><a href=\"https:\/\/pafak3.wiwi.uni-siegen.de\/info\/pruefungen\/seminare\/\">Wirtschaftsinformatik-Seminare<\/a><\/li>\n<\/ul>\n<\/div><\/div>\n<div class=\"su-box su-box-style-default\" id=\"\" style=\"border-color:#000000;border-radius:3px\"><div class=\"su-box-title\" style=\"background-color:#333333;color:#FFFFFF;border-top-left-radius:1px;border-top-right-radius:1px\">Anmeldungen zu den rechtswissenschaftlichen Arbeitsgemeinschaften und \u00dcbungen<\/div><div class=\"su-box-content su-u-clearfix su-u-trim\" style=\"border-bottom-left-radius:1px;border-bottom-right-radius:1px\">\n<ul>\n<li><a href=\"https:\/\/pafak3.wiwi.uni-siegen.de\/info\/studiengaenge\/bachelor\/wr#ag101\">Anmeldung zu den rechtswissenschaftlichen Arbeitsgemeinschaften<\/a><\/li>\n<li><a href=\"https:\/\/pafak3.wiwi.uni-siegen.de\/info\/studiengaenge\/bachelor\/wr#uebung101\">Anmeldung zu den rechtswissenschaftlichen \u00dcbungen<\/a><\/li>\n<\/ul>\n<\/div><\/div>\n<div class=\"su-box su-box-style-default\" id=\"\" style=\"border-color:#000000;border-radius:3px\"><div class=\"su-box-title\" style=\"background-color:#333333;color:#FFFFFF;border-top-left-radius:1px;border-top-right-radius:1px\">Internet-Unternehmensplanspiel<\/div><div class=\"su-box-content su-u-clearfix su-u-trim\" style=\"border-bottom-left-radius:1px;border-bottom-right-radius:1px\">\n<p>Die Anmeldung zur <strong>Pr\u00fcfung<\/strong> zum Internet-Unternehmensplanspiel erfolgt zu Beginn des Semesters. Die Pr\u00fcfungsanmeldung ist unabh\u00e4ngig von der <strong>Belegung<\/strong> der entsprechenden Veranstaltung und ist zus\u00e4tzlich erforderlich, damit sp\u00e4ter nach Abschluss der Veranstaltung das Pr\u00fcfungsergebnis auch verbucht werden kann und die entsprechenden Leistungspunkte auch gutgeschrieben werden k\u00f6nnen.<\/p>\n<p>Die Pr\u00fcfungsanmeldung erfolgt im unisono-Portal unter <em>Mein Studium<\/em>-&gt; <em>Studienplaner mit Modulplan<\/em> -&gt; in der Suchmaske die Pr\u00fcfungsnummer eingeben und auf den Button<em> -&gt; In Pr\u00fcfungsordnung suchen <\/em>klicken (siehe Screenshot) -&gt; auf den Anmelde-Button klicken. Die Pr\u00fcfung findet sich unter demjenigen Modul, welchem das Planspiel laut Pr\u00fcfungsordnung bzw. Modulhandbuch zugeordnet ist. Die <em>Pr\u00fcfungsnummer<\/em> lautet\u00a0 je nach Studiengang 95991, 96009 (hier hei\u00dft die Pr\u00fcfung <em>Einf\u00fchrung in die BWL &#8211; Planspiel<\/em>) oder 195991.<\/p>\n<p><img loading=\"lazy\" decoding=\"async\" class=\"alignnone size-full wp-image-363\" src=\"https:\/\/pafak3.wiwi.uni-siegen.de\/info\/wp-content\/uploads\/Images\/Anmeldung_Unternehmensplanspiel.png\" alt=\"\" width=\"623\" height=\"390\" \/><\/p>\n<p>&nbsp;<\/p>\n<\/div><\/div>\n","protected":false},"excerpt":{"rendered":"<p>Wichtige Informationen, Termine und Links<\/p>\n","protected":false},"author":2,"featured_media":0,"parent":2,"menu_order":1,"comment_status":"closed","ping_status":"closed","template":"","meta":{"footnotes":""},"class_list":["post-602","page","type-page","status-publish","hentry"],"_links":{"self":[{"href":"https:\/\/pafak3.wiwi.uni-siegen.de\/info\/wp-json\/wp\/v2\/pages\/602","targetHints":{"allow":["GET"]}}],"collection":[{"href":"https:\/\/pafak3.wiwi.uni-siegen.de\/info\/wp-json\/wp\/v2\/pages"}],"about":[{"href":"https:\/\/pafak3.wiwi.uni-siegen.de\/info\/wp-json\/wp\/v2\/types\/page"}],"author":[{"embeddable":true,"href":"https:\/\/pafak3.wiwi.uni-siegen.de\/info\/wp-json\/wp\/v2\/users\/2"}],"replies":[{"embeddable":true,"href":"https:\/\/pafak3.wiwi.uni-siegen.de\/info\/wp-json\/wp\/v2\/comments?post=602"}],"version-history":[{"count":53,"href":"https:\/\/pafak3.wiwi.uni-siegen.de\/info\/wp-json\/wp\/v2\/pages\/602\/revisions"}],"predecessor-version":[{"id":4072,"href":"https:\/\/pafak3.wiwi.uni-siegen.de\/info\/wp-json\/wp\/v2\/pages\/602\/revisions\/4072"}],"up":[{"embeddable":true,"href":"https:\/\/pafak3.wiwi.uni-siegen.de\/info\/wp-json\/wp\/v2\/pages\/2"}],"wp:attachment":[{"href":"https:\/\/pafak3.wiwi.uni-siegen.de\/info\/wp-json\/wp\/v2\/media?parent=602"}],"curies":[{"name":"wp","href":"https:\/\/api.w.org\/{rel}","templated":true}]}}