{"id":632,"date":"2018-11-08T09:52:04","date_gmt":"2018-11-08T08:52:04","guid":{"rendered":"https:\/\/dekanatfakultaet3.wiwi.uni-siegen.de\/faq\/?page_id=632"},"modified":"2024-08-23T15:54:49","modified_gmt":"2024-08-23T13:54:49","slug":"aat","status":"publish","type":"page","link":"https:\/\/pafak3.wiwi.uni-siegen.de\/info\/studiengaenge\/master\/aat\/","title":{"rendered":"AAT"},"content":{"rendered":"<h1 class=\"title\">Master-Studiengang Accounting, Auditing and Taxation<\/h1>\n<p>Hier finden Sie folgende Informationen:<\/p>\n<ul>\n<li>Modulhandb\u00fccher und Pr\u00fcfungsordnungen.<\/li>\n<li>Studiengangs\u00fcbersichten und weitere Informationen.<\/li>\n<li>Wichtige Formulare f\u00fcr Anmeldung zur Abschlussarbeit, Anmeldungen und Abmeldungen von Pr\u00fcfungen, etc.<\/li>\n<li>Informationen zur und Antrag auf Anrechnung von Pr\u00fcfungsleistungen.<\/li>\n<li>Regularien und Informationen zu ausgew\u00e4hlten Modulen.<\/li>\n<\/ul>\n<p>Weitere inhaltliche Informationen \u00fcber die Studieng\u00e4nge finden Sie auf den Seiten der Fakult\u00e4t (<a href=\"https:\/\/www.wiwi.uni-siegen.de\/dekanat\/studium\">hier<\/a>).<\/p>\n<div class=\"su-spoiler su-spoiler-style-fancy su-spoiler-icon-folder-1 su-spoiler-closed\" data-scroll-offset=\"0\" data-anchor-in-url=\"no\"><div class=\"su-spoiler-title\" tabindex=\"0\" role=\"button\"><span class=\"su-spoiler-icon\"><\/span>Studienganginformationen (Ordnungen, Modulhandb\u00fccher, \u00dcbersichten)<\/div><div class=\"su-spoiler-content su-u-clearfix su-u-trim\">\n<h2>Version 2019<\/h2>\n<table>\n<tbody>\n<tr>\n<th>Pr\u00fcfungsordnungen<\/th>\n<th>Studiengang\u00fcbersichten<\/th>\n<\/tr>\n<tr>\n<td><a href=\"https:\/\/pafak3.wiwi.uni-siegen.de\/info\/wp-content\/uploads\/Studiengang\/MH_und_PO\/aat-msc-2019_po.pdf\" class=\"mtli_attachment mtli_pdf\" target=\"_blank\" rel=\"noopener noreferrer\">Fachpr\u00fcfungsordnung<\/a><\/td>\n<td><a href=\"https:\/\/pafak3.wiwi.uni-siegen.de\/info\/wp-content\/uploads\/Studiengang\/Studiengangsuebersichten\/aat-msc-2019.pdf\" class=\"mtli_attachment mtli_pdf\" target=\"_blank\" rel=\"noopener noreferrer\">Studiengang\u00fcbersicht 2019<\/a><\/td>\n<\/tr>\n<tr>\n<td><a href=\"https:\/\/pafak3.wiwi.uni-siegen.de\/info\/wp-content\/uploads\/Studiengang\/MH_und_PO\/aat-msc-2019_aeo1.pdf\" class=\"mtli_attachment mtli_pdf\" target=\"_blank\" rel=\"noopener noreferrer\">1. \u00c4nderungsordnung<\/a><\/td>\n<td><\/td>\n<\/tr>\n<tr>\n<td><a href=\"https:\/\/pafak3.wiwi.uni-siegen.de\/info\/wp-content\/uploads\/Studiengang\/MH_und_PO\/aat-msc-2019_aeo2.pdf\" class=\"mtli_attachment mtli_pdf\" target=\"_blank\" rel=\"noopener noreferrer\">2. \u00c4nderungsordnung<\/a><\/td>\n<td><\/td>\n<\/tr>\n<tr>\n<td><a href=\"https:\/\/pafak3.wiwi.uni-siegen.de\/info\/wp-content\/uploads\/Studiengang\/MH_und_PO\/aat-msc-2019_aeo3.pdf\" class=\"mtli_attachment mtli_pdf\" target=\"_blank\" rel=\"noopener noreferrer\">3. \u00c4nderungsordnung<\/a><\/td>\n<td><\/td>\n<\/tr>\n<tr>\n<td><a href=\"https:\/\/pafak3.wiwi.uni-siegen.de\/info\/wp-content\/uploads\/Studiengang\/MH_und_PO\/aat-msc-2019_aeo4.pdf\" class=\"mtli_attachment mtli_pdf\" target=\"_blank\" rel=\"noopener noreferrer\">4. \u00c4nderungsordnung<\/a><\/td>\n<td><\/td>\n<\/tr>\n<tr>\n<td><a href=\"https:\/\/pafak3.wiwi.uni-siegen.de\/info\/wp-content\/uploads\/Studiengang\/MH_und_PO\/aat-msc-2019_aeo5.pdf\" class=\"mtli_attachment mtli_pdf\" target=\"_blank\" rel=\"noopener\">5. \u00c4nderungsordnung<\/a><\/td>\n<td><\/td>\n<\/tr>\n<\/tbody>\n<\/table>\n<p>&nbsp;<\/p>\n<p><strong>Wesentliche \u00c4nderungen zum Sommersemester 2024 (vgl. 5. \u00c4nderungsordnung)<br \/>\n<\/strong><\/p>\n<ul>\n<li>Das Modul 3AATMA004: <em>Betriebswirtschaftliche Steuerlehre<\/em> wird durch 3AATMA020: <em>Internationale Besteuerung und Konzernsteuerrecht<\/em> ersetzt<\/li>\n<li>Das Modul 3AATMA005: <em>Internationale Besteuerung &amp; Umwandlungssteuerrecht<\/em> wird durch 3AATMA021: <em>Umwandlungssteuerrecht und Steuerbilanzen<\/em> ersetzt.<\/li>\n<li>Das Modul\u00a03AATMA012: <em>Tax Technology &amp; eGovernment<\/em> wird durch\u00a03AATMA022: <em>Steuerplanung<\/em> ersetzt.<\/li>\n<li>Das Modul\u00a03AATMA013: <em>Tax Compliance und Finanzrechtsprechung<\/em> wird durch\u00a03AATMA013\/2: <em>Tax Declaration<\/em> ersetzt.<\/li>\n<li>Das Modul\u00a03AATMA016: <em>AAT Forschungsprojekt Accounting, Auditing &amp; Governance<\/em> wird durch\u00a03AATMA016\/2: <em>Research Project Accounting, Auditing &amp; Governance<\/em> ersetzt.<\/li>\n<li>Das Modul\u00a03AATMA017: <em>AAT Forschungsprojekt Taxation<\/em> wird durch 3AATMA017\/2: <em>Research Project Taxation<\/em> ersetzt.<\/li>\n<li>Die Module 3AATMA014: <em>Konzernrecht, Umwandlungsrecht, Insolvenzrecht<\/em>, 3AATMA015: <em>Arbeitsrecht, Europarecht und Kapitalmarktrecht<\/em>, 3VWLBA007: <em>Europ\u00e4ische Wirtschaftspolitik I<\/em>, 3VWLBA008: <em>Europ\u00e4ische Wirtschaftspolitik II<\/em> und 3VWLBA009: <em>Europ\u00e4ische Wirtschaftspolitik III<\/em> k\u00f6nnen nicht mehr neu gew\u00e4hlt werden. (Das zu 3VWLBA009 inhaltlich deckungsgleiche Modul 3AATMA019: <em>International Economics<\/em> kann weiterhin gew\u00e4hlt werden.)<\/li>\n<li>Im Wahlpflichtbereich kann das Modul 3CRMMA025: <em>Grundlagen digitaler Finanzm\u00e4rkte<\/em> gew\u00e4hlt werden.<\/li>\n<li>In der Vergangenheit bestandene, aber zuk\u00fcnftig nicht mehr angebotene Module werden anerkannt; das entsprechende neue Modul, welches das alte Modul ersetzt, kann in diesem Fall nicht mehr gew\u00e4hlt werden.<\/li>\n<li>Falls in einem oder in mehreren der Module 3AATMA004, 3AATMA005, 3AATMA012, 3AATMA013, 3AATMA014, 3AATMA015, 3VWLBA007, 3VWLBA008 Fehlversuche vorliegen und das Modul danach noch nicht bestanden wurde, so werden diese Fehlversuche gestrichen.<\/li>\n<\/ul>\n<\/div><\/div>\n<div class=\"su-spoiler su-spoiler-style-fancy su-spoiler-icon-folder-1 su-spoiler-closed\" data-scroll-offset=\"0\" data-anchor-in-url=\"no\"><div class=\"su-spoiler-title\" tabindex=\"0\" role=\"button\"><span class=\"su-spoiler-icon\"><\/span>Seminare<\/div><div class=\"su-spoiler-content su-u-clearfix su-u-trim\">\n<p><a href=\"https:\/\/pafak3.wiwi.uni-siegen.de\/info\/pruefungen\/seminare\/\">Informationen zu Seminaren<\/a><\/p>\n<\/div><\/div>\n<div class=\"su-spoiler su-spoiler-style-fancy su-spoiler-icon-folder-1 su-spoiler-closed\" data-scroll-offset=\"0\" data-anchor-in-url=\"no\"><div class=\"su-spoiler-title\" tabindex=\"0\" role=\"button\"><span class=\"su-spoiler-icon\"><\/span>Formulare Allgemein<\/div><div class=\"su-spoiler-content su-u-clearfix su-u-trim\">\n<div class='jtrt_table_MotherShipContainer'><div class='jtTableContainer jtrespo-scroll  ' ><div class='jtsettingcontainer' style='display:none;position:absolute;left:-9999px;'><textarea data-jtrt-table-id='1513' id='jtrt_table_settings_1513' cols='30' rows='10'>[[[\"Allgemeine Formulare\"],[\"<a href=\\\"https:\\\/\\\/pafak3.wiwi.uni-siegen.de\\\/info\\\/wp-content\\\/uploads\\\/Studiengang\\\/Allgemein\\\/Antrag_auf_eine_Sonderpruefung.pdf\\\" target=\\\"_blank\\\" rel=\\\"noopener\\\">Antrag auf eine Sonderpr\\u00fcfung<\\\/a>\"],[\"<a href=\\\"https:\\\/\\\/pafak3.wiwi.uni-siegen.de\\\/info\\\/wp-content\\\/uploads\\\/Studiengang\\\/Allgemein\\\/Anmeldung_zur_Sonderpruefung.pdf\\\" target=\\\"_blank\\\" rel=\\\"noopener\\\">Anmeldung zur Sonderpr\\u00fcfung<\\\/a>\"],[\"<a href=\\\"https:\\\/\\\/pafak3.wiwi.uni-siegen.de\\\/info\\\/wp-content\\\/uploads\\\/Studiengang\\\/Allgemein\\\/Zusatzleistung.pdf\\\" target=\\\"_blank\\\" rel=\\\"noopener\\\">Anmeldung zur Pr\\u00fcfung als Zusatzleistung<\\\/a>\"],[\"<a href=\\\"https:\\\/\\\/pafak3.wiwi.uni-siegen.de\\\/info\\\/wp-content\\\/uploads\\\/Studiengang\\\/Allgemein\\\/Gleichwertigkeitspruefung_VOR.pdf\\\" target=\\\"_blank\\\" rel=\\\"noopener\\\">Gleichwertigkeitspr\\u00fcfung VOR Erbringung der Pr\\u00fcfungsleistung<\\\/a>\"],[\"<a href=\\\"https:\\\/\\\/pafak3.wiwi.uni-siegen.de\\\/info\\\/wp-content\\\/uploads\\\/Studiengang\\\/Allgemein\\\/Protokoll_muendliche_Pruefung.pdf\\\" target=\\\"_blank\\\" rel=\\\"noopener\\\">Protokoll \\u00fcber die m\\u00fcndliche Pr\\u00fcfung<\\\/a>\"],[\"<a href=\\\"https:\\\/\\\/pafak3.wiwi.uni-siegen.de\\\/info\\\/wp-content\\\/uploads\\\/Studiengang\\\/Allgemein\\\/Anmeldung-zur-Abschlussarbeit_1.pdf\\\">Anmeldung zur Abschlussarbeit<\\\/a>\"],[\"<a href=\\\"https:\\\/\\\/pafak3.wiwi.uni-siegen.de\\\/info\\\/wp-content\\\/uploads\\\/Studiengang\\\/Allgemein\\\/Antrag_Verlaengerung-_BA-MA_Krankheit.pdf\\\" target=\\\"_blank\\\" rel=\\\"noopener\\\">Antrag auf Verl\\u00e4ngerung der Bearbeitungszeit der Bachelor-\\\/Masterarbeit wegen Krankheit<\\\/a>\"],[\"<a href=\\\"https:\\\/\\\/pafak3.wiwi.uni-siegen.de\\\/info\\\/wp-content\\\/uploads\\\/Studiengang\\\/Allgemein\\\/Anmeldung_letzter_-Pruefungsversuch.pdf\\\" target=\\\"_blank\\\" rel=\\\"noopener\\\">Anmeldung letzter Pruefungsversuch<\\\/a>\"],[\"<a href=\\\"https:\\\/\\\/pafak3.wiwi.uni-siegen.de\\\/info\\\/wp-content\\\/uploads\\\/Studiengang\\\/Allgemein\\\/Ruecktritt_wegen_Krankheit.pdf\\\" target=\\\"_blank\\\" rel=\\\"noopener\\\">R\\u00fccktritt wegen Krankheit<\\\/a>        <a href=\\\"https:\\\/\\\/pafak3.wiwi.uni-siegen.de\\\/info\\\/studiengaenge\\\/abschlussarbeiten-krankheitsfall-pruefungen\\\/\\\"><strong>(Wichtige Informationen zur Anerkennung des Attests)<\\\/strong><\\\/a>\"]],[{\"row\":0,\"col\":0,\"visualRow\":0,\"visualCol\":0,\"prop\":0,\"jtcellstyle\":{\"font-weight\":\"bold\"}},{\"row\":1,\"col\":0,\"visualRow\":1,\"visualCol\":0,\"prop\":0},{\"row\":2,\"col\":0,\"visualRow\":2,\"visualCol\":0,\"prop\":0},{\"row\":3,\"col\":0,\"visualRow\":3,\"visualCol\":0,\"prop\":0},{\"row\":4,\"col\":0,\"visualRow\":4,\"visualCol\":0,\"prop\":0},{\"row\":5,\"col\":0,\"visualRow\":5,\"visualCol\":0,\"prop\":0},{\"row\":6,\"col\":0,\"visualRow\":6,\"visualCol\":0,\"prop\":0},{\"row\":7,\"col\":0,\"visualRow\":7,\"visualCol\":0,\"prop\":0},{\"row\":8,\"col\":0,\"visualRow\":8,\"visualCol\":0,\"prop\":0},{\"row\":9,\"col\":0,\"visualRow\":9,\"visualCol\":0,\"prop\":0}],[],[]]<\/textarea><textarea data-jtrt-table-id='1513' id='jtrt_table_bps_1513' cols='30' rows='10'>[]<\/textarea><\/div><table id='jtrt_table_1513' data-sorting='false' data-paging='false' data-paging-size='10' data-paging-menu='10,20,50,100' data-filtering='false' data-jtrt-table-id='1513' class='jtrt-table  ' ><thead><tr><th>Allgemeine Formulare<\/th><\/tr><\/thead><tbody><tr><td><a href=\"https:\/\/pafak3.wiwi.uni-siegen.de\/info\/wp-content\/uploads\/Studiengang\/Allgemein\/Antrag_auf_eine_Sonderpruefung.pdf\" class=\"mtli_attachment mtli_pdf\" target=\"_blank\" rel=\"noopener\">Antrag auf eine Sonderpr\u00fcfung<\/a><\/td><\/tr><tr><td><a href=\"https:\/\/pafak3.wiwi.uni-siegen.de\/info\/wp-content\/uploads\/Studiengang\/Allgemein\/Anmeldung_zur_Sonderpruefung.pdf\" class=\"mtli_attachment mtli_pdf\" target=\"_blank\" rel=\"noopener\">Anmeldung zur Sonderpr\u00fcfung<\/a><\/td><\/tr><tr><td><a href=\"https:\/\/pafak3.wiwi.uni-siegen.de\/info\/wp-content\/uploads\/Studiengang\/Allgemein\/Zusatzleistung.pdf\" class=\"mtli_attachment mtli_pdf\" target=\"_blank\" rel=\"noopener\">Anmeldung zur Pr\u00fcfung als Zusatzleistung<\/a><\/td><\/tr><tr><td><a href=\"https:\/\/pafak3.wiwi.uni-siegen.de\/info\/wp-content\/uploads\/Studiengang\/Allgemein\/Gleichwertigkeitspruefung_VOR.pdf\" class=\"mtli_attachment mtli_pdf\" target=\"_blank\" rel=\"noopener\">Gleichwertigkeitspr\u00fcfung VOR Erbringung der Pr\u00fcfungsleistung<\/a><\/td><\/tr><tr><td><a href=\"https:\/\/pafak3.wiwi.uni-siegen.de\/info\/wp-content\/uploads\/Studiengang\/Allgemein\/Protokoll_muendliche_Pruefung.pdf\" class=\"mtli_attachment mtli_pdf\" target=\"_blank\" rel=\"noopener\">Protokoll \u00fcber die m\u00fcndliche Pr\u00fcfung<\/a><\/td><\/tr><tr><td><a href=\"https:\/\/pafak3.wiwi.uni-siegen.de\/info\/wp-content\/uploads\/Studiengang\/Allgemein\/Anmeldung-zur-Abschlussarbeit_1.pdf\" class=\"mtli_attachment mtli_pdf\">Anmeldung zur Abschlussarbeit<\/a><\/td><\/tr><tr><td><a href=\"https:\/\/pafak3.wiwi.uni-siegen.de\/info\/wp-content\/uploads\/Studiengang\/Allgemein\/Antrag_Verlaengerung-_BA-MA_Krankheit.pdf\" class=\"mtli_attachment mtli_pdf\" target=\"_blank\" rel=\"noopener\">Antrag auf Verl\u00e4ngerung der Bearbeitungszeit der Bachelor-\/Masterarbeit wegen Krankheit<\/a><\/td><\/tr><tr><td><a href=\"https:\/\/pafak3.wiwi.uni-siegen.de\/info\/wp-content\/uploads\/Studiengang\/Allgemein\/Anmeldung_letzter_-Pruefungsversuch.pdf\" class=\"mtli_attachment mtli_pdf\" target=\"_blank\" rel=\"noopener\">Anmeldung letzter Pruefungsversuch<\/a><\/td><\/tr><tr><td><a href=\"https:\/\/pafak3.wiwi.uni-siegen.de\/info\/wp-content\/uploads\/Studiengang\/Allgemein\/Ruecktritt_wegen_Krankheit.pdf\" class=\"mtli_attachment mtli_pdf\" target=\"_blank\" rel=\"noopener\">R\u00fccktritt wegen Krankheit<\/a>        <a href=\"https:\/\/pafak3.wiwi.uni-siegen.de\/info\/studiengaenge\/abschlussarbeiten-krankheitsfall-pruefungen\/\"><strong>(Wichtige Informationen zur Anerkennung des Attests)<\/strong><\/a><\/td><\/tr><\/tbody><\/table><\/div><\/div>\n<\/div><\/div>\n<div class=\"su-spoiler su-spoiler-style-fancy su-spoiler-icon-folder-1 su-spoiler-closed\" data-scroll-offset=\"0\" data-anchor-in-url=\"no\"><div class=\"su-spoiler-title\" tabindex=\"0\" role=\"button\"><span class=\"su-spoiler-icon\"><\/span>Formulare AAT<\/div><div class=\"su-spoiler-content su-u-clearfix su-u-trim\">\n<ul>\n<li><a href=\"https:\/\/pafak3.wiwi.uni-siegen.de\/info\/wp-content\/uploads\/Studiengang\/AAT_CRM_SME_MM_VWL\/MA_Forschungsprojekt.pdf\" class=\"mtli_attachment mtli_pdf\" target=\"_blank\" rel=\"noopener noreferrer\">Anerkennung eines Forschungsprojektes als Wahlpflichtmodul<\/a><\/li>\n<\/ul>\n<\/div><\/div>\n<div class=\"su-spoiler su-spoiler-style-fancy su-spoiler-icon-folder-1 su-spoiler-closed\" data-scroll-offset=\"0\" data-anchor-in-url=\"no\"><div class=\"su-spoiler-title\" tabindex=\"0\" role=\"button\"><span class=\"su-spoiler-icon\"><\/span>Anrechnungen<\/div><div class=\"su-spoiler-content su-u-clearfix su-u-trim\">\n<ul>\n<li><a href=\"https:\/\/pafak3.wiwi.uni-siegen.de\/info\/anrechnungen\/\">Beschreibung des Verfahren zur Anrechnungen der Pr\u00fcfungsleistungen.<\/a><\/li>\n<li><a href=\"https:\/\/pafak3.wiwi.uni-siegen.de\/info\/anrechnungen\/anerkennungsformulare\/\">Formulare zur Anrechnung von Pr\u00fcfungsleistung.<\/a><\/li>\n<\/ul>\n<\/div><\/div>\n","protected":false},"excerpt":{"rendered":"<p>Master-Studiengang Accounting, Auditing and Taxation Hier finden Sie folgende Informationen: Modulhandb\u00fccher und Pr\u00fcfungsordnungen. Studiengangs\u00fcbersichten und weitere Informationen. Wichtige Formulare f\u00fcr Anmeldung zur Abschlussarbeit, Anmeldungen und Abmeldungen von Pr\u00fcfungen, etc. Informationen zur und Antrag auf Anrechnung von Pr\u00fcfungsleistungen. Regularien und Informationen zu ausgew\u00e4hlten Modulen. Weitere inhaltliche Informationen \u00fcber die Studieng\u00e4nge finden Sie auf den Seiten der [&hellip;]<\/p>\n","protected":false},"author":2,"featured_media":0,"parent":124,"menu_order":1,"comment_status":"closed","ping_status":"closed","template":"","meta":{"footnotes":""},"class_list":["post-632","page","type-page","status-publish","hentry"],"_links":{"self":[{"href":"https:\/\/pafak3.wiwi.uni-siegen.de\/info\/wp-json\/wp\/v2\/pages\/632","targetHints":{"allow":["GET"]}}],"collection":[{"href":"https:\/\/pafak3.wiwi.uni-siegen.de\/info\/wp-json\/wp\/v2\/pages"}],"about":[{"href":"https:\/\/pafak3.wiwi.uni-siegen.de\/info\/wp-json\/wp\/v2\/types\/page"}],"author":[{"embeddable":true,"href":"https:\/\/pafak3.wiwi.uni-siegen.de\/info\/wp-json\/wp\/v2\/users\/2"}],"replies":[{"embeddable":true,"href":"https:\/\/pafak3.wiwi.uni-siegen.de\/info\/wp-json\/wp\/v2\/comments?post=632"}],"version-history":[{"count":46,"href":"https:\/\/pafak3.wiwi.uni-siegen.de\/info\/wp-json\/wp\/v2\/pages\/632\/revisions"}],"predecessor-version":[{"id":5340,"href":"https:\/\/pafak3.wiwi.uni-siegen.de\/info\/wp-json\/wp\/v2\/pages\/632\/revisions\/5340"}],"up":[{"embeddable":true,"href":"https:\/\/pafak3.wiwi.uni-siegen.de\/info\/wp-json\/wp\/v2\/pages\/124"}],"wp:attachment":[{"href":"https:\/\/pafak3.wiwi.uni-siegen.de\/info\/wp-json\/wp\/v2\/media?parent=632"}],"curies":[{"name":"wp","href":"https:\/\/api.w.org\/{rel}","templated":true}]}}