{"id":647,"date":"2018-11-08T10:22:21","date_gmt":"2018-11-08T09:22:21","guid":{"rendered":"https:\/\/dekanatfakultaet3.wiwi.uni-siegen.de\/faq\/?page_id=647"},"modified":"2023-12-21T08:45:52","modified_gmt":"2023-12-21T07:45:52","slug":"crm","status":"publish","type":"page","link":"https:\/\/pafak3.wiwi.uni-siegen.de\/info\/studiengaenge\/master\/crm\/","title":{"rendered":"CRM"},"content":{"rendered":"<h1 class=\"title\">Master-Studiengang Controlling und Risikomanagement<\/h1>\n<p>Hier finden Sie<\/p>\n<ul>\n<li>Pr\u00fcfungsordnungen, Modulhandb\u00fccher,\u00a0 Studiengangs\u00fcbersichten etc.<\/li>\n<li>Formulare (Anmeldung zur Abschlussarbeit, Anmeldungen und Abmeldungen von Pr\u00fcfungen, etc.)<\/li>\n<li>Informationen und Antr\u00e4ge zur Anrechnung von Pr\u00fcfungsleistungen.<\/li>\n<li>Besondere Regularien und Informationen zu einzelnen Modulen.<\/li>\n<\/ul>\n<p>Weitere inhaltliche Informationen \u00fcber die Studieng\u00e4nge finden Sie auf den Seiten der Fakult\u00e4t (<a href=\"https:\/\/www.wiwi.uni-siegen.de\/dekanat\/studium\">hier<\/a>).<\/p>\n<div class=\"su-spoiler su-spoiler-style-fancy su-spoiler-icon-folder-1 su-spoiler-closed\" data-scroll-offset=\"0\" data-anchor-in-url=\"no\"><div class=\"su-spoiler-title\" tabindex=\"0\" role=\"button\"><span class=\"su-spoiler-icon\"><\/span>Studienganginformationen (Ordnungen, Modulhandb\u00fccher, \u00dcbersichten)<\/div><div class=\"su-spoiler-content su-u-clearfix su-u-trim\">\n<h2>Version 2019<\/h2>\n<table>\n<tbody>\n<tr>\n<th>Pr\u00fcfungsordnungen<\/th>\n<th>Studiengang\u00fcbersichten<\/th>\n<\/tr>\n<tr>\n<td><a href=\"https:\/\/pafak3.wiwi.uni-siegen.de\/info\/wp-content\/uploads\/Studiengang\/MH_und_PO\/crm-msc-2019_po.pdf\" class=\"mtli_attachment mtli_pdf\" target=\"_blank\" rel=\"noopener noreferrer\">Fachpr\u00fcfungsordnung<\/a><\/td>\n<td><a href=\"https:\/\/pafak3.wiwi.uni-siegen.de\/info\/wp-content\/uploads\/Studiengang\/Studiengangsuebersichten\/crm-msc-2019.pdf\" class=\"mtli_attachment mtli_pdf\" target=\"_blank\" rel=\"noopener noreferrer\">Studiengang\u00fcbersicht 2019<\/a><\/td>\n<\/tr>\n<tr>\n<td><a href=\"https:\/\/pafak3.wiwi.uni-siegen.de\/info\/wp-content\/uploads\/Studiengang\/MH_und_PO\/crm-msc-2019_aeo1.pdf\" class=\"mtli_attachment mtli_pdf\" target=\"_blank\" rel=\"noopener noreferrer\">1. \u00c4nderungsordnung<\/a><\/td>\n<td><\/td>\n<\/tr>\n<tr>\n<td><a href=\"https:\/\/pafak3.wiwi.uni-siegen.de\/info\/wp-content\/uploads\/Studiengang\/MH_und_PO\/crm-msc-2019_aeo2.pdf\" class=\"mtli_attachment mtli_pdf\" target=\"_blank\" rel=\"noopener noreferrer\">2. \u00c4nderungsordnung<\/a><\/td>\n<td><\/td>\n<\/tr>\n<tr>\n<td><a href=\"https:\/\/pafak3.wiwi.uni-siegen.de\/info\/wp-content\/uploads\/Studiengang\/MH_und_PO\/crm-msc-2019_aeo3.pdf\" class=\"mtli_attachment mtli_pdf\" target=\"_blank\" rel=\"noopener noreferrer\">3. \u00c4nderungsordnung<\/a><\/td>\n<td><\/td>\n<\/tr>\n<tr>\n<td><a href=\"https:\/\/pafak3.wiwi.uni-siegen.de\/info\/wp-content\/uploads\/Studiengang\/MH_und_PO\/crm-msc-2019_aeo4.pdf\" class=\"mtli_attachment mtli_pdf\" target=\"_blank\" rel=\"noopener noreferrer\">4. \u00c4nderungsordnung<\/a><\/td>\n<td><\/td>\n<\/tr>\n<tr>\n<td><a href=\"https:\/\/pafak3.wiwi.uni-siegen.de\/info\/wp-content\/uploads\/Studiengang\/MH_und_PO\/crm-msc-2019_aeo5.pdf\" class=\"mtli_attachment mtli_pdf\" target=\"_blank\" rel=\"noopener\">5. \u00c4nderungsordnung<\/a><\/td>\n<td><\/td>\n<\/tr>\n<\/tbody>\n<\/table>\n<p>Weitere Informationen zum Studiengang finden sich auf der <a href=\"https:\/\/www.wiwi.uni-siegen.de\/banken\/crm\/studiengang\/\" target=\"_blank\" rel=\"noopener noreferrer\">Studiengangseite<\/a>.<\/p>\n<\/div><\/div>\n<div class=\"su-spoiler su-spoiler-style-fancy su-spoiler-icon-folder-1 su-spoiler-closed\" data-scroll-offset=\"0\" data-anchor-in-url=\"no\"><div class=\"su-spoiler-title\" tabindex=\"0\" role=\"button\"><span class=\"su-spoiler-icon\"><\/span>Modul Leistungswirtschaftliche Unternehmensf\u00fchrung<\/div><div class=\"su-spoiler-content su-u-clearfix su-u-trim\">\n<p>Das Modul &#8222;Leistungswirtschaftliche Unternehmensf\u00fchrung&#8220; wird momentan nicht angeboten. Im Masterstudiengang <em>Controlling und Risikomanagement<\/em> kann im <em>Spezialisierungsbereich Controlling<\/em> das Modul &#8222;Entscheidungsmanagement&#8220; (Veranstaltungen: V\/\u00dc Entscheidungstheorie, V\/\u00dc Entscheidungsunterst\u00fctzungssysteme; Pr\u00fcfung: Klausur Entscheidungsmanagement) gew\u00e4hlt werden.<\/p>\n<p>Eine in der Vergangenheit bestandene Modulpr\u00fcfung &#8222;Leistungswirtschaftliche Unternehmensf\u00fchrung&#8220; z\u00e4hlt weiterhin. Sofern Fehlversuche in der Pr\u00fcfung &#8222;&#8220;Leistungswirtschaftliche Unternehmensf\u00fchrung&#8220; vorliegen und die Modulpr\u00fcfung noch nicht bestanden wurde, werden die Fehlversuche auf Antrag gestrichen; dies wird nicht auf die Wechselm\u00f6glichkeiten f\u00fcr Module (\u00a7 8 Absatz 5 FPO) angerechnet.<\/p>\n<p>&#8222;Entscheidungsmanagement&#8220; kann nicht im <em>Spezialisierungsbereich Controlling<\/em> <strong>und<\/strong> im <em>Wahlpflichtbereichbereich<\/em>, sondern in h\u00f6chstens <strong>einem<\/strong> der beiden Bereiche gew\u00e4hlt werden<\/p>\n<\/div><\/div>\n<div class=\"su-spoiler su-spoiler-style-fancy su-spoiler-icon-folder-1 su-spoiler-closed\" data-scroll-offset=\"0\" data-anchor-in-url=\"no\"><div class=\"su-spoiler-title\" tabindex=\"0\" role=\"button\"><span class=\"su-spoiler-icon\"><\/span>Neue Module 'Nachhaltigkeitsmanagement' und 'Digitale Finanzm\u00e4rkte'<\/div><div class=\"su-spoiler-content su-u-clearfix su-u-trim\">\n<p>Ab dem SoSe 23 werden die beiden Module &#8222;Nachhaltigkeitsmanagement&#8220; (Prof. Dr. Wiedemann) und &#8222;Digitale Finanzm\u00e4rkte&#8220; (Prof. Dr. Koch) angeboten. Beide Module k\u00f6nnen im Wahlpflichtbereich &#8222;Risikomanagement&#8220; oder im Wahlpflichtbereich &#8222;Wirtschaftswissenschaften&#8220; gew\u00e4hlt werden.<\/p>\n<\/div><\/div>\n<div class=\"su-spoiler su-spoiler-style-fancy su-spoiler-icon-folder-1 su-spoiler-closed\" data-scroll-offset=\"0\" data-anchor-in-url=\"no\"><div class=\"su-spoiler-title\" tabindex=\"0\" role=\"button\"><span class=\"su-spoiler-icon\"><\/span>Seminare<\/div><div class=\"su-spoiler-content su-u-clearfix su-u-trim\">\n<p><a href=\"https:\/\/pafak3.wiwi.uni-siegen.de\/info\/pruefungen\/seminare\/\">Informationen zur\u00a0 Seminaranmeldung<\/a><\/p>\n<\/div><\/div>\n<div class=\"su-spoiler su-spoiler-style-fancy su-spoiler-icon-folder-1 su-spoiler-closed\" data-scroll-offset=\"0\" data-anchor-in-url=\"no\"><div class=\"su-spoiler-title\" tabindex=\"0\" role=\"button\"><span class=\"su-spoiler-icon\"><\/span>Formulare Allgemein<\/div><div class=\"su-spoiler-content su-u-clearfix su-u-trim\">\n<div class='jtrt_table_MotherShipContainer'><div class='jtTableContainer jtrespo-scroll  ' ><div class='jtsettingcontainer' style='display:none;position:absolute;left:-9999px;'><textarea data-jtrt-table-id='1513' id='jtrt_table_settings_1513' cols='30' rows='10'>[[[\"Allgemeine Formulare\"],[\"<a href=\\\"https:\\\/\\\/pafak3.wiwi.uni-siegen.de\\\/info\\\/wp-content\\\/uploads\\\/Studiengang\\\/Allgemein\\\/Antrag_auf_eine_Sonderpruefung.pdf\\\" target=\\\"_blank\\\" rel=\\\"noopener\\\">Antrag auf eine Sonderpr\\u00fcfung<\\\/a>\"],[\"<a href=\\\"https:\\\/\\\/pafak3.wiwi.uni-siegen.de\\\/info\\\/wp-content\\\/uploads\\\/Studiengang\\\/Allgemein\\\/Anmeldung_zur_Sonderpruefung.pdf\\\" target=\\\"_blank\\\" rel=\\\"noopener\\\">Anmeldung zur Sonderpr\\u00fcfung<\\\/a>\"],[\"<a href=\\\"https:\\\/\\\/pafak3.wiwi.uni-siegen.de\\\/info\\\/wp-content\\\/uploads\\\/Studiengang\\\/Allgemein\\\/Zusatzleistung.pdf\\\" target=\\\"_blank\\\" rel=\\\"noopener\\\">Anmeldung zur Pr\\u00fcfung als Zusatzleistung<\\\/a>\"],[\"<a href=\\\"https:\\\/\\\/pafak3.wiwi.uni-siegen.de\\\/info\\\/wp-content\\\/uploads\\\/Studiengang\\\/Allgemein\\\/Gleichwertigkeitspruefung_VOR.pdf\\\" target=\\\"_blank\\\" rel=\\\"noopener\\\">Gleichwertigkeitspr\\u00fcfung VOR Erbringung der Pr\\u00fcfungsleistung<\\\/a>\"],[\"<a href=\\\"https:\\\/\\\/pafak3.wiwi.uni-siegen.de\\\/info\\\/wp-content\\\/uploads\\\/Studiengang\\\/Allgemein\\\/Protokoll_muendliche_Pruefung.pdf\\\" target=\\\"_blank\\\" rel=\\\"noopener\\\">Protokoll \\u00fcber die m\\u00fcndliche Pr\\u00fcfung<\\\/a>\"],[\"<a href=\\\"https:\\\/\\\/pafak3.wiwi.uni-siegen.de\\\/info\\\/wp-content\\\/uploads\\\/Studiengang\\\/Allgemein\\\/Anmeldung-zur-Abschlussarbeit_1.pdf\\\">Anmeldung zur Abschlussarbeit<\\\/a>\"],[\"<a href=\\\"https:\\\/\\\/pafak3.wiwi.uni-siegen.de\\\/info\\\/wp-content\\\/uploads\\\/Studiengang\\\/Allgemein\\\/Antrag_Verlaengerung-_BA-MA_Krankheit.pdf\\\" target=\\\"_blank\\\" rel=\\\"noopener\\\">Antrag auf Verl\\u00e4ngerung der Bearbeitungszeit der Bachelor-\\\/Masterarbeit wegen Krankheit<\\\/a>\"],[\"<a href=\\\"https:\\\/\\\/pafak3.wiwi.uni-siegen.de\\\/info\\\/wp-content\\\/uploads\\\/Studiengang\\\/Allgemein\\\/Anmeldung_letzter_-Pruefungsversuch.pdf\\\" target=\\\"_blank\\\" rel=\\\"noopener\\\">Anmeldung letzter Pruefungsversuch<\\\/a>\"],[\"<a href=\\\"https:\\\/\\\/pafak3.wiwi.uni-siegen.de\\\/info\\\/wp-content\\\/uploads\\\/Studiengang\\\/Allgemein\\\/Ruecktritt_wegen_Krankheit.pdf\\\" target=\\\"_blank\\\" rel=\\\"noopener\\\">R\\u00fccktritt wegen Krankheit<\\\/a>        <a href=\\\"https:\\\/\\\/pafak3.wiwi.uni-siegen.de\\\/info\\\/studiengaenge\\\/abschlussarbeiten-krankheitsfall-pruefungen\\\/\\\"><strong>(Wichtige Informationen zur Anerkennung des Attests)<\\\/strong><\\\/a>\"]],[{\"row\":0,\"col\":0,\"visualRow\":0,\"visualCol\":0,\"prop\":0,\"jtcellstyle\":{\"font-weight\":\"bold\"}},{\"row\":1,\"col\":0,\"visualRow\":1,\"visualCol\":0,\"prop\":0},{\"row\":2,\"col\":0,\"visualRow\":2,\"visualCol\":0,\"prop\":0},{\"row\":3,\"col\":0,\"visualRow\":3,\"visualCol\":0,\"prop\":0},{\"row\":4,\"col\":0,\"visualRow\":4,\"visualCol\":0,\"prop\":0},{\"row\":5,\"col\":0,\"visualRow\":5,\"visualCol\":0,\"prop\":0},{\"row\":6,\"col\":0,\"visualRow\":6,\"visualCol\":0,\"prop\":0},{\"row\":7,\"col\":0,\"visualRow\":7,\"visualCol\":0,\"prop\":0},{\"row\":8,\"col\":0,\"visualRow\":8,\"visualCol\":0,\"prop\":0},{\"row\":9,\"col\":0,\"visualRow\":9,\"visualCol\":0,\"prop\":0}],[],[]]<\/textarea><textarea data-jtrt-table-id='1513' id='jtrt_table_bps_1513' cols='30' rows='10'>[]<\/textarea><\/div><table id='jtrt_table_1513' data-sorting='false' data-paging='false' data-paging-size='10' data-paging-menu='10,20,50,100' data-filtering='false' data-jtrt-table-id='1513' class='jtrt-table  ' ><thead><tr><th>Allgemeine Formulare<\/th><\/tr><\/thead><tbody><tr><td><a href=\"https:\/\/pafak3.wiwi.uni-siegen.de\/info\/wp-content\/uploads\/Studiengang\/Allgemein\/Antrag_auf_eine_Sonderpruefung.pdf\" class=\"mtli_attachment mtli_pdf\" target=\"_blank\" rel=\"noopener\">Antrag auf eine Sonderpr\u00fcfung<\/a><\/td><\/tr><tr><td><a href=\"https:\/\/pafak3.wiwi.uni-siegen.de\/info\/wp-content\/uploads\/Studiengang\/Allgemein\/Anmeldung_zur_Sonderpruefung.pdf\" class=\"mtli_attachment mtli_pdf\" target=\"_blank\" rel=\"noopener\">Anmeldung zur Sonderpr\u00fcfung<\/a><\/td><\/tr><tr><td><a href=\"https:\/\/pafak3.wiwi.uni-siegen.de\/info\/wp-content\/uploads\/Studiengang\/Allgemein\/Zusatzleistung.pdf\" class=\"mtli_attachment mtli_pdf\" target=\"_blank\" rel=\"noopener\">Anmeldung zur Pr\u00fcfung als Zusatzleistung<\/a><\/td><\/tr><tr><td><a href=\"https:\/\/pafak3.wiwi.uni-siegen.de\/info\/wp-content\/uploads\/Studiengang\/Allgemein\/Gleichwertigkeitspruefung_VOR.pdf\" class=\"mtli_attachment mtli_pdf\" target=\"_blank\" rel=\"noopener\">Gleichwertigkeitspr\u00fcfung VOR Erbringung der Pr\u00fcfungsleistung<\/a><\/td><\/tr><tr><td><a href=\"https:\/\/pafak3.wiwi.uni-siegen.de\/info\/wp-content\/uploads\/Studiengang\/Allgemein\/Protokoll_muendliche_Pruefung.pdf\" class=\"mtli_attachment mtli_pdf\" target=\"_blank\" rel=\"noopener\">Protokoll \u00fcber die m\u00fcndliche Pr\u00fcfung<\/a><\/td><\/tr><tr><td><a href=\"https:\/\/pafak3.wiwi.uni-siegen.de\/info\/wp-content\/uploads\/Studiengang\/Allgemein\/Anmeldung-zur-Abschlussarbeit_1.pdf\" class=\"mtli_attachment mtli_pdf\">Anmeldung zur Abschlussarbeit<\/a><\/td><\/tr><tr><td><a href=\"https:\/\/pafak3.wiwi.uni-siegen.de\/info\/wp-content\/uploads\/Studiengang\/Allgemein\/Antrag_Verlaengerung-_BA-MA_Krankheit.pdf\" class=\"mtli_attachment mtli_pdf\" target=\"_blank\" rel=\"noopener\">Antrag auf Verl\u00e4ngerung der Bearbeitungszeit der Bachelor-\/Masterarbeit wegen Krankheit<\/a><\/td><\/tr><tr><td><a href=\"https:\/\/pafak3.wiwi.uni-siegen.de\/info\/wp-content\/uploads\/Studiengang\/Allgemein\/Anmeldung_letzter_-Pruefungsversuch.pdf\" class=\"mtli_attachment mtli_pdf\" target=\"_blank\" rel=\"noopener\">Anmeldung letzter Pruefungsversuch<\/a><\/td><\/tr><tr><td><a href=\"https:\/\/pafak3.wiwi.uni-siegen.de\/info\/wp-content\/uploads\/Studiengang\/Allgemein\/Ruecktritt_wegen_Krankheit.pdf\" class=\"mtli_attachment mtli_pdf\" target=\"_blank\" rel=\"noopener\">R\u00fccktritt wegen Krankheit<\/a>        <a href=\"https:\/\/pafak3.wiwi.uni-siegen.de\/info\/studiengaenge\/abschlussarbeiten-krankheitsfall-pruefungen\/\"><strong>(Wichtige Informationen zur Anerkennung des Attests)<\/strong><\/a><\/td><\/tr><\/tbody><\/table><\/div><\/div>\n<\/div><\/div>\n<div class=\"su-spoiler su-spoiler-style-fancy su-spoiler-icon-folder-1 su-spoiler-closed\" data-scroll-offset=\"0\" data-anchor-in-url=\"no\"><div class=\"su-spoiler-title\" tabindex=\"0\" role=\"button\"><span class=\"su-spoiler-icon\"><\/span>Formulare CRM<\/div><div class=\"su-spoiler-content su-u-clearfix su-u-trim\">\n<ul>\n<li><a href=\"https:\/\/pafak3.wiwi.uni-siegen.de\/info\/wp-content\/uploads\/Studiengang\/AAT_CRM_SME_MM_VWL\/MA_Forschungsprojekt.pdf\" class=\"mtli_attachment mtli_pdf\" target=\"_blank\" rel=\"noopener noreferrer\">Anerkennung eines Forschungsprojektes als Wahlpflichtmodul<\/a><\/li>\n<\/ul>\n<\/div><\/div>\n<div class=\"su-spoiler su-spoiler-style-fancy su-spoiler-icon-folder-1 su-spoiler-closed\" data-scroll-offset=\"0\" data-anchor-in-url=\"no\"><div class=\"su-spoiler-title\" tabindex=\"0\" role=\"button\"><span class=\"su-spoiler-icon\"><\/span>Anrechnungen<\/div><div class=\"su-spoiler-content su-u-clearfix su-u-trim\">\n<ul>\n<li><a href=\"https:\/\/pafak3.wiwi.uni-siegen.de\/info\/anrechnungen\/\">Beschreibung des Verfahrens zur Anrechnungen der Pr\u00fcfungsleistungen.<\/a><\/li>\n<li><a href=\"https:\/\/pafak3.wiwi.uni-siegen.de\/info\/anrechnungen\/anerkennungsformulare\/\">Formulare zur Anrechnung von Pr\u00fcfungsleistung.<\/a><\/li>\n<\/ul>\n<\/div><\/div>\n<p>&nbsp;<\/p>\n","protected":false},"excerpt":{"rendered":"<p>Master-Studiengang Controlling und Risikomanagement Hier finden Sie Pr\u00fcfungsordnungen, Modulhandb\u00fccher,\u00a0 Studiengangs\u00fcbersichten etc. Formulare (Anmeldung zur Abschlussarbeit, Anmeldungen und Abmeldungen von Pr\u00fcfungen, etc.) Informationen und Antr\u00e4ge zur Anrechnung von Pr\u00fcfungsleistungen. Besondere Regularien und Informationen zu einzelnen Modulen. Weitere inhaltliche Informationen \u00fcber die Studieng\u00e4nge finden Sie auf den Seiten der Fakult\u00e4t (hier). &nbsp;<\/p>\n","protected":false},"author":2,"featured_media":0,"parent":124,"menu_order":3,"comment_status":"closed","ping_status":"closed","template":"","meta":{"footnotes":""},"class_list":["post-647","page","type-page","status-publish","hentry"],"_links":{"self":[{"href":"https:\/\/pafak3.wiwi.uni-siegen.de\/info\/wp-json\/wp\/v2\/pages\/647","targetHints":{"allow":["GET"]}}],"collection":[{"href":"https:\/\/pafak3.wiwi.uni-siegen.de\/info\/wp-json\/wp\/v2\/pages"}],"about":[{"href":"https:\/\/pafak3.wiwi.uni-siegen.de\/info\/wp-json\/wp\/v2\/types\/page"}],"author":[{"embeddable":true,"href":"https:\/\/pafak3.wiwi.uni-siegen.de\/info\/wp-json\/wp\/v2\/users\/2"}],"replies":[{"embeddable":true,"href":"https:\/\/pafak3.wiwi.uni-siegen.de\/info\/wp-json\/wp\/v2\/comments?post=647"}],"version-history":[{"count":48,"href":"https:\/\/pafak3.wiwi.uni-siegen.de\/info\/wp-json\/wp\/v2\/pages\/647\/revisions"}],"predecessor-version":[{"id":4994,"href":"https:\/\/pafak3.wiwi.uni-siegen.de\/info\/wp-json\/wp\/v2\/pages\/647\/revisions\/4994"}],"up":[{"embeddable":true,"href":"https:\/\/pafak3.wiwi.uni-siegen.de\/info\/wp-json\/wp\/v2\/pages\/124"}],"wp:attachment":[{"href":"https:\/\/pafak3.wiwi.uni-siegen.de\/info\/wp-json\/wp\/v2\/media?parent=647"}],"curies":[{"name":"wp","href":"https:\/\/api.w.org\/{rel}","templated":true}]}}