{"id":686,"date":"2018-11-08T11:06:46","date_gmt":"2018-11-08T10:06:46","guid":{"rendered":"https:\/\/dekanatfakultaet3.wiwi.uni-siegen.de\/faq\/?page_id=686"},"modified":"2024-07-26T10:07:55","modified_gmt":"2024-07-26T08:07:55","slug":"hci","status":"publish","type":"page","link":"https:\/\/pafak3.wiwi.uni-siegen.de\/info\/studiengaenge\/master\/hci\/","title":{"rendered":"HCI"},"content":{"rendered":"<h1 class=\"title\">Master-Studiengang Human Computer Interaction<\/h1>\n<p>In diesem Bereich stehen Informationen zum Studienaufbau und zur Studienplanung des Masterstudienganges Human Computer Interaction (HCI). Sie finden<\/p>\n<ul>\n<li>Modulhandb\u00fccher und Pr\u00fcfungsordnungen zum Studiengang.<\/li>\n<li>Studiengangs\u00fcbersichten und weitere Informationen.<\/li>\n<li>Wichtige Formulare f\u00fcr Anmeldung zur Abschlussarbeit, Anmeldungen und Abmeldungen von Pr\u00fcfungen, etc.<\/li>\n<li>Formulare speziell f\u00fcr den Studiengang Volkswirtschaftslehre.<\/li>\n<li>Antrag auf Anrechnung von Pr\u00fcfungsleistungen.<\/li>\n<li>Spezielle Regularien und Informationen zu einzelnen Modulen.<\/li>\n<\/ul>\n<p>&nbsp;<\/p>\n<p>Weitere inhaltliche Informationen \u00fcber die Studieng\u00e4nge finden Sie auf den Seiten der Fakult\u00e4t (<a href=\"https:\/\/www.wiwi.uni-siegen.de\/dekanat\/studium\">hier<\/a>).<\/p>\n<p><a href=\"http:\/\/hci-siegen.de\/1199-2\/\" target=\"_blank\" rel=\"noopener\">Information in the English Language<\/a><\/p>\n<div class=\"su-spoiler su-spoiler-style-fancy su-spoiler-icon-folder-1 su-spoiler-closed\" data-scroll-offset=\"0\" data-anchor-in-url=\"no\"><div class=\"su-spoiler-title\" tabindex=\"0\" role=\"button\"><span class=\"su-spoiler-icon\"><\/span>Studienganginformationen (Ordnungen, Modulhandb\u00fccher, \u00dcbersichten)<\/div><div class=\"su-spoiler-content su-u-clearfix su-u-trim\">\n<p>&nbsp;<\/p>\n<h2>Version 2019<\/h2>\n<table>\n<tbody>\n<tr>\n<th>Pr\u00fcfungsordnungen<\/th>\n<th>Studiengang\u00fcbersichten<\/th>\n<th>Praktikumsordnungen<\/th>\n<\/tr>\n<tr>\n<td><a href=\"https:\/\/pafak3.wiwi.uni-siegen.de\/info\/wp-content\/uploads\/Studiengang\/MH_und_PO\/hci-msc-2019_po.pdf\" class=\"mtli_attachment mtli_pdf\" target=\"_blank\" rel=\"noopener noreferrer\">Pr\u00fcfungsordnung<\/a><\/td>\n<td><a href=\"https:\/\/pafak3.wiwi.uni-siegen.de\/info\/wp-content\/uploads\/Studiengang\/Studiengangsuebersichten\/hci-msc-2019.pdf\" class=\"mtli_attachment mtli_pdf\" target=\"_blank\" rel=\"noopener noreferrer\">Studiengang\u00fcbersicht<\/a><\/td>\n<td><a href=\"https:\/\/pafak3.wiwi.uni-siegen.de\/info\/wp-content\/uploads\/Studiengang\/MH_und_PO\/winf-2019_pro.pdf\" class=\"mtli_attachment mtli_pdf\" target=\"_blank\" rel=\"noopener noreferrer\">Praktikumsordnung<\/a><\/td>\n<\/tr>\n<tr>\n<td><a href=\"https:\/\/pafak3.wiwi.uni-siegen.de\/info\/wp-content\/uploads\/Studiengang\/MH_und_PO\/hci-msc-2019_aeo1.pdf\" class=\"mtli_attachment mtli_pdf\" target=\"_blank\" rel=\"noopener noreferrer\">1. \u00c4nderungsordnung<\/a><\/td>\n<td><\/td>\n<td><\/td>\n<\/tr>\n<tr>\n<td><a href=\"https:\/\/pafak3.wiwi.uni-siegen.de\/info\/wp-content\/uploads\/Studiengang\/MH_und_PO\/hci-msc-2019_po_e.pdf\" class=\"mtli_attachment mtli_pdf\" target=\"_blank\" rel=\"noopener noreferrer\">unofficial translation of the<br \/>\nexamination regulations<\/a><\/td>\n<td><\/td>\n<td><\/td>\n<\/tr>\n<\/tbody>\n<\/table>\n<p>&nbsp;<\/p>\n<p><a href=\"https:\/\/pafak3.wiwi.uni-siegen.de\/info\/wp-content\/uploads\/Studiengang\/Wechselformulare\/hci-msc-2014.pdf\" class=\"mtli_attachment mtli_pdf\" target=\"_blank\" rel=\"noopener noreferrer\">Antragformular zum Wechsel in die Pr\u00fcfungsordnungsversion 2019\/Application form to change into the version 2019<\/a><\/p>\n<\/div><\/div>\n<div class=\"su-spoiler su-spoiler-style-fancy su-spoiler-icon-folder-1 su-spoiler-closed\" data-scroll-offset=\"0\" data-anchor-in-url=\"no\"><div class=\"su-spoiler-title\" tabindex=\"0\" role=\"button\"><span class=\"su-spoiler-icon\"><\/span>Seminare<\/div><div class=\"su-spoiler-content su-u-clearfix su-u-trim\">\n<p><a href=\"https:\/\/dekanatfakultaet3.wiwi.uni-siegen.de\/faq\/pruefungen\/seminare\/\">Informationen zu Seminaren<\/a><\/p>\n<\/div><\/div>\n<div class=\"su-spoiler su-spoiler-style-fancy su-spoiler-icon-folder-1 su-spoiler-closed\" data-scroll-offset=\"0\" data-anchor-in-url=\"no\"><div class=\"su-spoiler-title\" tabindex=\"0\" role=\"button\"><span class=\"su-spoiler-icon\"><\/span>Formulare Allgemein<\/div><div class=\"su-spoiler-content su-u-clearfix su-u-trim\">\n<div class='jtrt_table_MotherShipContainer'><div class='jtTableContainer jtrespo-scroll  ' ><div class='jtsettingcontainer' style='display:none;position:absolute;left:-9999px;'><textarea data-jtrt-table-id='1513' id='jtrt_table_settings_1513' cols='30' rows='10'>[[[\"Allgemeine Formulare\"],[\"<a href=\\\"https:\\\/\\\/pafak3.wiwi.uni-siegen.de\\\/info\\\/wp-content\\\/uploads\\\/Studiengang\\\/Allgemein\\\/Antrag_auf_eine_Sonderpruefung.pdf\\\" target=\\\"_blank\\\" rel=\\\"noopener\\\">Antrag auf eine Sonderpr\\u00fcfung<\\\/a>\"],[\"<a href=\\\"https:\\\/\\\/pafak3.wiwi.uni-siegen.de\\\/info\\\/wp-content\\\/uploads\\\/Studiengang\\\/Allgemein\\\/Anmeldung_zur_Sonderpruefung.pdf\\\" target=\\\"_blank\\\" rel=\\\"noopener\\\">Anmeldung zur Sonderpr\\u00fcfung<\\\/a>\"],[\"<a href=\\\"https:\\\/\\\/pafak3.wiwi.uni-siegen.de\\\/info\\\/wp-content\\\/uploads\\\/Studiengang\\\/Allgemein\\\/Zusatzleistung.pdf\\\" target=\\\"_blank\\\" rel=\\\"noopener\\\">Anmeldung zur Pr\\u00fcfung als Zusatzleistung<\\\/a>\"],[\"<a href=\\\"https:\\\/\\\/pafak3.wiwi.uni-siegen.de\\\/info\\\/wp-content\\\/uploads\\\/Studiengang\\\/Allgemein\\\/Gleichwertigkeitspruefung_VOR.pdf\\\" target=\\\"_blank\\\" rel=\\\"noopener\\\">Gleichwertigkeitspr\\u00fcfung VOR Erbringung der Pr\\u00fcfungsleistung<\\\/a>\"],[\"<a href=\\\"https:\\\/\\\/pafak3.wiwi.uni-siegen.de\\\/info\\\/wp-content\\\/uploads\\\/Studiengang\\\/Allgemein\\\/Protokoll_muendliche_Pruefung.pdf\\\" target=\\\"_blank\\\" rel=\\\"noopener\\\">Protokoll \\u00fcber die m\\u00fcndliche Pr\\u00fcfung<\\\/a>\"],[\"<a href=\\\"https:\\\/\\\/pafak3.wiwi.uni-siegen.de\\\/info\\\/wp-content\\\/uploads\\\/Studiengang\\\/Allgemein\\\/Anmeldung-zur-Abschlussarbeit_1.pdf\\\">Anmeldung zur Abschlussarbeit<\\\/a>\"],[\"<a href=\\\"https:\\\/\\\/pafak3.wiwi.uni-siegen.de\\\/info\\\/wp-content\\\/uploads\\\/Studiengang\\\/Allgemein\\\/Antrag_Verlaengerung-_BA-MA_Krankheit.pdf\\\" target=\\\"_blank\\\" rel=\\\"noopener\\\">Antrag auf Verl\\u00e4ngerung der Bearbeitungszeit der Bachelor-\\\/Masterarbeit wegen Krankheit<\\\/a>\"],[\"<a href=\\\"https:\\\/\\\/pafak3.wiwi.uni-siegen.de\\\/info\\\/wp-content\\\/uploads\\\/Studiengang\\\/Allgemein\\\/Anmeldung_letzter_-Pruefungsversuch.pdf\\\" target=\\\"_blank\\\" rel=\\\"noopener\\\">Anmeldung letzter Pruefungsversuch<\\\/a>\"],[\"<a href=\\\"https:\\\/\\\/pafak3.wiwi.uni-siegen.de\\\/info\\\/wp-content\\\/uploads\\\/Studiengang\\\/Allgemein\\\/Ruecktritt_wegen_Krankheit.pdf\\\" target=\\\"_blank\\\" rel=\\\"noopener\\\">R\\u00fccktritt wegen Krankheit<\\\/a>        <a href=\\\"https:\\\/\\\/pafak3.wiwi.uni-siegen.de\\\/info\\\/studiengaenge\\\/abschlussarbeiten-krankheitsfall-pruefungen\\\/\\\"><strong>(Wichtige Informationen zur Anerkennung des Attests)<\\\/strong><\\\/a>\"]],[{\"row\":0,\"col\":0,\"visualRow\":0,\"visualCol\":0,\"prop\":0,\"jtcellstyle\":{\"font-weight\":\"bold\"}},{\"row\":1,\"col\":0,\"visualRow\":1,\"visualCol\":0,\"prop\":0},{\"row\":2,\"col\":0,\"visualRow\":2,\"visualCol\":0,\"prop\":0},{\"row\":3,\"col\":0,\"visualRow\":3,\"visualCol\":0,\"prop\":0},{\"row\":4,\"col\":0,\"visualRow\":4,\"visualCol\":0,\"prop\":0},{\"row\":5,\"col\":0,\"visualRow\":5,\"visualCol\":0,\"prop\":0},{\"row\":6,\"col\":0,\"visualRow\":6,\"visualCol\":0,\"prop\":0},{\"row\":7,\"col\":0,\"visualRow\":7,\"visualCol\":0,\"prop\":0},{\"row\":8,\"col\":0,\"visualRow\":8,\"visualCol\":0,\"prop\":0},{\"row\":9,\"col\":0,\"visualRow\":9,\"visualCol\":0,\"prop\":0}],[],[]]<\/textarea><textarea data-jtrt-table-id='1513' id='jtrt_table_bps_1513' cols='30' rows='10'>[]<\/textarea><\/div><table id='jtrt_table_1513' data-sorting='false' data-paging='false' data-paging-size='10' data-paging-menu='10,20,50,100' data-filtering='false' data-jtrt-table-id='1513' class='jtrt-table  ' ><thead><tr><th>Allgemeine Formulare<\/th><\/tr><\/thead><tbody><tr><td><a href=\"https:\/\/pafak3.wiwi.uni-siegen.de\/info\/wp-content\/uploads\/Studiengang\/Allgemein\/Antrag_auf_eine_Sonderpruefung.pdf\" class=\"mtli_attachment mtli_pdf\" target=\"_blank\" rel=\"noopener\">Antrag auf eine Sonderpr\u00fcfung<\/a><\/td><\/tr><tr><td><a href=\"https:\/\/pafak3.wiwi.uni-siegen.de\/info\/wp-content\/uploads\/Studiengang\/Allgemein\/Anmeldung_zur_Sonderpruefung.pdf\" class=\"mtli_attachment mtli_pdf\" target=\"_blank\" rel=\"noopener\">Anmeldung zur Sonderpr\u00fcfung<\/a><\/td><\/tr><tr><td><a href=\"https:\/\/pafak3.wiwi.uni-siegen.de\/info\/wp-content\/uploads\/Studiengang\/Allgemein\/Zusatzleistung.pdf\" class=\"mtli_attachment mtli_pdf\" target=\"_blank\" rel=\"noopener\">Anmeldung zur Pr\u00fcfung als Zusatzleistung<\/a><\/td><\/tr><tr><td><a href=\"https:\/\/pafak3.wiwi.uni-siegen.de\/info\/wp-content\/uploads\/Studiengang\/Allgemein\/Gleichwertigkeitspruefung_VOR.pdf\" class=\"mtli_attachment mtli_pdf\" target=\"_blank\" rel=\"noopener\">Gleichwertigkeitspr\u00fcfung VOR Erbringung der Pr\u00fcfungsleistung<\/a><\/td><\/tr><tr><td><a href=\"https:\/\/pafak3.wiwi.uni-siegen.de\/info\/wp-content\/uploads\/Studiengang\/Allgemein\/Protokoll_muendliche_Pruefung.pdf\" class=\"mtli_attachment mtli_pdf\" target=\"_blank\" rel=\"noopener\">Protokoll \u00fcber die m\u00fcndliche Pr\u00fcfung<\/a><\/td><\/tr><tr><td><a href=\"https:\/\/pafak3.wiwi.uni-siegen.de\/info\/wp-content\/uploads\/Studiengang\/Allgemein\/Anmeldung-zur-Abschlussarbeit_1.pdf\" class=\"mtli_attachment mtli_pdf\">Anmeldung zur Abschlussarbeit<\/a><\/td><\/tr><tr><td><a href=\"https:\/\/pafak3.wiwi.uni-siegen.de\/info\/wp-content\/uploads\/Studiengang\/Allgemein\/Antrag_Verlaengerung-_BA-MA_Krankheit.pdf\" class=\"mtli_attachment mtli_pdf\" target=\"_blank\" rel=\"noopener\">Antrag auf Verl\u00e4ngerung der Bearbeitungszeit der Bachelor-\/Masterarbeit wegen Krankheit<\/a><\/td><\/tr><tr><td><a href=\"https:\/\/pafak3.wiwi.uni-siegen.de\/info\/wp-content\/uploads\/Studiengang\/Allgemein\/Anmeldung_letzter_-Pruefungsversuch.pdf\" class=\"mtli_attachment mtli_pdf\" target=\"_blank\" rel=\"noopener\">Anmeldung letzter Pruefungsversuch<\/a><\/td><\/tr><tr><td><a href=\"https:\/\/pafak3.wiwi.uni-siegen.de\/info\/wp-content\/uploads\/Studiengang\/Allgemein\/Ruecktritt_wegen_Krankheit.pdf\" class=\"mtli_attachment mtli_pdf\" target=\"_blank\" rel=\"noopener\">R\u00fccktritt wegen Krankheit<\/a>        <a href=\"https:\/\/pafak3.wiwi.uni-siegen.de\/info\/studiengaenge\/abschlussarbeiten-krankheitsfall-pruefungen\/\"><strong>(Wichtige Informationen zur Anerkennung des Attests)<\/strong><\/a><\/td><\/tr><\/tbody><\/table><\/div><\/div>\n<\/div><\/div>\n<div class=\"su-spoiler su-spoiler-style-fancy su-spoiler-icon-folder-1 su-spoiler-closed\" data-scroll-offset=\"0\" data-anchor-in-url=\"no\"><div class=\"su-spoiler-title\" tabindex=\"0\" role=\"button\"><span class=\"su-spoiler-icon\"><\/span>Formulare HCI<\/div><div class=\"su-spoiler-content su-u-clearfix su-u-trim\">\n<ul>\n<li><a href=\"https:\/\/pafak3.wiwi.uni-siegen.de\/info\/wp-content\/uploads\/2020\/05\/WINF-HCI_Praktikum.pdf\" class=\"mtli_attachment mtli_pdf\" target=\"_blank\" rel=\"noopener noreferrer\">Anerkennung des Praktikums<\/a><\/li>\n<li><a href=\"https:\/\/pafak3.wiwi.uni-siegen.de\/info\/wp-content\/uploads\/2023\/11\/Registration-of-Final-Thesis.pdf\" class=\"mtli_attachment mtli_pdf\">Registration of Final Thesis<\/a><\/li>\n<li><a href=\"https:\/\/hci-siegen.de\/wp-content\/uploads\/2021\/01\/Exam_registration_form_HCI_EN.pdf\" class=\"mtli_attachment mtli_pdf\">Exam_registration_form<\/a><\/li>\n<\/ul>\n<\/div><\/div>\n<div class=\"su-spoiler su-spoiler-style-fancy su-spoiler-icon-folder-1 su-spoiler-closed\" data-scroll-offset=\"0\" data-anchor-in-url=\"no\"><div class=\"su-spoiler-title\" tabindex=\"0\" role=\"button\"><span class=\"su-spoiler-icon\"><\/span>Anrechnungen<\/div><div class=\"su-spoiler-content su-u-clearfix su-u-trim\">\n<ul>\n<li><a href=\"https:\/\/pafak3.wiwi.uni-siegen.de\/info\/anrechnungen\/\">Die vollst\u00e4ndige Beschreibung zur Anrechnungen der Pr\u00fcfungsleistungen.<\/a><\/li>\n<li><a href=\"https:\/\/pafak3.wiwi.uni-siegen.de\/info\/anrechnungen\/anerkennungsformulare\/\">Die Formulare zur Anrechnung von Pr\u00fcfungsleistung.<\/a><\/li>\n<\/ul>\n<\/div><\/div>\n<p>&nbsp;<\/p>\n","protected":false},"excerpt":{"rendered":"<p>Master-Studiengang Human Computer Interaction In diesem Bereich stehen Informationen zum Studienaufbau und zur Studienplanung des Masterstudienganges Human Computer Interaction (HCI). Sie finden Modulhandb\u00fccher und Pr\u00fcfungsordnungen zum Studiengang. Studiengangs\u00fcbersichten und weitere Informationen. Wichtige Formulare f\u00fcr Anmeldung zur Abschlussarbeit, Anmeldungen und Abmeldungen von Pr\u00fcfungen, etc. Formulare speziell f\u00fcr den Studiengang Volkswirtschaftslehre. Antrag auf Anrechnung von Pr\u00fcfungsleistungen. Spezielle [&hellip;]<\/p>\n","protected":false},"author":2,"featured_media":0,"parent":124,"menu_order":6,"comment_status":"closed","ping_status":"closed","template":"","meta":{"footnotes":""},"class_list":["post-686","page","type-page","status-publish","hentry"],"_links":{"self":[{"href":"https:\/\/pafak3.wiwi.uni-siegen.de\/info\/wp-json\/wp\/v2\/pages\/686","targetHints":{"allow":["GET"]}}],"collection":[{"href":"https:\/\/pafak3.wiwi.uni-siegen.de\/info\/wp-json\/wp\/v2\/pages"}],"about":[{"href":"https:\/\/pafak3.wiwi.uni-siegen.de\/info\/wp-json\/wp\/v2\/types\/page"}],"author":[{"embeddable":true,"href":"https:\/\/pafak3.wiwi.uni-siegen.de\/info\/wp-json\/wp\/v2\/users\/2"}],"replies":[{"embeddable":true,"href":"https:\/\/pafak3.wiwi.uni-siegen.de\/info\/wp-json\/wp\/v2\/comments?post=686"}],"version-history":[{"count":49,"href":"https:\/\/pafak3.wiwi.uni-siegen.de\/info\/wp-json\/wp\/v2\/pages\/686\/revisions"}],"predecessor-version":[{"id":5289,"href":"https:\/\/pafak3.wiwi.uni-siegen.de\/info\/wp-json\/wp\/v2\/pages\/686\/revisions\/5289"}],"up":[{"embeddable":true,"href":"https:\/\/pafak3.wiwi.uni-siegen.de\/info\/wp-json\/wp\/v2\/pages\/124"}],"wp:attachment":[{"href":"https:\/\/pafak3.wiwi.uni-siegen.de\/info\/wp-json\/wp\/v2\/media?parent=686"}],"curies":[{"name":"wp","href":"https:\/\/api.w.org\/{rel}","templated":true}]}}