{"id":69,"date":"2018-10-29T16:21:07","date_gmt":"2018-10-29T15:21:07","guid":{"rendered":"https:\/\/dekanatfakultaet3.wiwi.uni-siegen.de\/faq\/?page_id=69"},"modified":"2022-08-02T11:28:17","modified_gmt":"2022-08-02T09:28:17","slug":"69-2","status":"publish","type":"page","link":"https:\/\/pafak3.wiwi.uni-siegen.de\/info\/kontakt\/69-2\/","title":{"rendered":"MitarbeiterInnen"},"content":{"rendered":"<h1 class=\"title\">MitarbeiterInnen<\/h1>\n<h3>Gesch\u00e4ftsf\u00fchrung des Pr\u00fcfungsamtes<\/h3>\n<table>\n<tbody>\n<tr>\n<td>\n<h4 style=\"text-align: left;\">Gesch\u00e4ftsf\u00fchrer<\/h4>\n<\/td>\n<\/tr>\n<tr>\n<td><strong>PD Dr. J\u00fcrgen Ehlgen\u00a0 \u00a0\u00a0<\/strong><\/td>\n<\/tr>\n<tr>\n<td>Dienstzimmer:<\/td>\n<td>US-F 0109, Eingang \u00fcber Raum US-F 0150 und US-F 0112<\/td>\n<\/tr>\n<tr>\n<td>Telefon:<\/td>\n<td>+49 (0) 271 \/ 740-3149<\/td>\n<\/tr>\n<tr>\n<td>E-Mail:<\/td>\n<td>juergen.ehlgen@uni-siegen.de<\/td>\n<\/tr>\n<\/tbody>\n<\/table>\n<table>\n<tbody>\n<tr>\n<td>\n<h4 style=\"text-align: left;\">stellvertretender<\/h4>\n<h4 style=\"text-align: left;\">Gesch\u00e4ftsf\u00fchrer<\/h4>\n<\/td>\n<\/tr>\n<tr>\n<td><strong>Michael Daub\u00a0 \u00a0 \u00a0 \u00a0 \u00a0 \u00a0 \u00a0 \u00a0\u00a0<\/strong><\/td>\n<\/tr>\n<tr>\n<td>Dienstzimmer:<\/td>\n<td>Dienstzimmer: US-F 0108, Eingang \u00fcber Raum US-F 0150 und US-F 0112<\/td>\n<\/tr>\n<tr>\n<td>Telefon:<\/td>\n<td>+49 (0) 271 \/ 740-3417<\/td>\n<\/tr>\n<tr>\n<td>E-Mail:<\/td>\n<td>michael.daub@uni-siegen.de<\/td>\n<\/tr>\n<\/tbody>\n<\/table>\n<h3>Mitarbeiterinnen<\/h3>\n<table style=\"height: 479px;\" width=\"718\">\n<tbody>\n<tr>\n<td><strong>Petra Weber\u00a0 \u00a0 \u00a0 \u00a0 \u00a0 \u00a0 \u00a0 \u00a0 \u00a0 \u00a0<\/strong><\/td>\n<\/tr>\n<tr>\n<td>Dienstzimmer:<\/td>\n<td>US-F 0111, Eingang \u00fcber Raum US-F 0150 und US-F 0112<\/td>\n<\/tr>\n<tr>\n<td>Telefon:<\/td>\n<td>+49 (0) 271 \/ 740-3145<\/td>\n<\/tr>\n<tr>\n<td>E-Mail:<\/td>\n<td>petra.weber@uni-siegen.de<\/td>\n<\/tr>\n<tr>\n<td><strong>Andrea Prinz<\/strong><\/td>\n<\/tr>\n<tr>\n<td>Dienstzimmer:<\/td>\n<td>Dienstzimmer: US-F 0110, Eingang \u00fcber Raum US-F 0150 und US-F 0112<\/td>\n<\/tr>\n<tr>\n<td>Telefon:<\/td>\n<td>+49 (0) 271\/740-3472<\/td>\n<\/tr>\n<tr>\n<td>E-Mail:<\/td>\n<td>andrea.prinz@uni-siegen.de<\/td>\n<\/tr>\n<tr>\n<td><strong>Joana Heftrich<\/strong><\/td>\n<\/tr>\n<tr>\n<td>Dienstzimmer:<\/td>\n<td>US-F 0111, Eingang \u00fcber Raum US-F 0150 und US-F 0112<\/td>\n<\/tr>\n<tr>\n<td>Telefon:<\/td>\n<td>+49 (0) 271 \/ 740-3661<\/td>\n<\/tr>\n<tr>\n<td>E-Mail:<\/td>\n<td>joana.heftrich@uni-siegen.de<\/td>\n<\/tr>\n<\/tbody>\n<\/table>\n","protected":false},"excerpt":{"rendered":"<p>MitarbeiterInnen Gesch\u00e4ftsf\u00fchrung des Pr\u00fcfungsamtes Gesch\u00e4ftsf\u00fchrer PD Dr. J\u00fcrgen Ehlgen\u00a0 \u00a0\u00a0 Dienstzimmer: US-F 0109, Eingang \u00fcber Raum US-F 0150 und US-F 0112 Telefon: +49 (0) 271 \/ 740-3149 E-Mail: juergen.ehlgen@uni-siegen.de stellvertretender Gesch\u00e4ftsf\u00fchrer Michael Daub\u00a0 \u00a0 \u00a0 \u00a0 \u00a0 \u00a0 \u00a0 \u00a0\u00a0 Dienstzimmer: Dienstzimmer: US-F 0108, Eingang \u00fcber Raum US-F 0150 und US-F 0112 Telefon: +49 (0) [&hellip;]<\/p>\n","protected":false},"author":2,"featured_media":0,"parent":32,"menu_order":2,"comment_status":"closed","ping_status":"closed","template":"","meta":{"footnotes":""},"class_list":["post-69","page","type-page","status-publish","hentry"],"_links":{"self":[{"href":"https:\/\/pafak3.wiwi.uni-siegen.de\/info\/wp-json\/wp\/v2\/pages\/69","targetHints":{"allow":["GET"]}}],"collection":[{"href":"https:\/\/pafak3.wiwi.uni-siegen.de\/info\/wp-json\/wp\/v2\/pages"}],"about":[{"href":"https:\/\/pafak3.wiwi.uni-siegen.de\/info\/wp-json\/wp\/v2\/types\/page"}],"author":[{"embeddable":true,"href":"https:\/\/pafak3.wiwi.uni-siegen.de\/info\/wp-json\/wp\/v2\/users\/2"}],"replies":[{"embeddable":true,"href":"https:\/\/pafak3.wiwi.uni-siegen.de\/info\/wp-json\/wp\/v2\/comments?post=69"}],"version-history":[{"count":31,"href":"https:\/\/pafak3.wiwi.uni-siegen.de\/info\/wp-json\/wp\/v2\/pages\/69\/revisions"}],"predecessor-version":[{"id":4271,"href":"https:\/\/pafak3.wiwi.uni-siegen.de\/info\/wp-json\/wp\/v2\/pages\/69\/revisions\/4271"}],"up":[{"embeddable":true,"href":"https:\/\/pafak3.wiwi.uni-siegen.de\/info\/wp-json\/wp\/v2\/pages\/32"}],"wp:attachment":[{"href":"https:\/\/pafak3.wiwi.uni-siegen.de\/info\/wp-json\/wp\/v2\/media?parent=69"}],"curies":[{"name":"wp","href":"https:\/\/api.w.org\/{rel}","templated":true}]}}