{"id":782,"date":"2018-11-08T13:23:56","date_gmt":"2018-11-08T12:23:56","guid":{"rendered":"https:\/\/dekanatfakultaet3.wiwi.uni-siegen.de\/faq\/?page_id=782"},"modified":"2026-03-25T08:12:05","modified_gmt":"2026-03-25T07:12:05","slug":"pruefungstermine","status":"publish","type":"page","link":"https:\/\/pafak3.wiwi.uni-siegen.de\/info\/pruefungen\/pruefungstermine\/","title":{"rendered":"Aktuelles Semester"},"content":{"rendered":"<h1 class=\"title\">Pr\u00fcfungen im Wintersemester 2025\/26<\/h1>\n<p>Die \u00dcbersicht\u00a0 <a href=\"https:\/\/pafak3.wiwi.uni-siegen.de\/info\/wp-content\/uploads\/Pruefungstermine\/PruefungenUndVeranstaltungen.pdf\" class=\"mtli_attachment mtli_pdf\" target=\"_blank\" rel=\"noopener noreferrer\">Pr\u00fcfungen im WiSe 2025\/26<\/a> gibt einen \u00dcberblick \u00fcber die Pr\u00fcfungen im laufenden Semester und die zugeh\u00f6rigen Veranstaltungen. Achtung: Die angegebenen Nummern (in der 1. Spalte der \u00dcbersicht) sind nicht in allen F\u00e4llen die unisono-Pr\u00fcfungsnummern. In der \u00dcbersicht <a href=\"https:\/\/pafak3.wiwi.uni-siegen.de\/info\/wp-content\/uploads\/Pruefungstermine\/PruefungenUndAnerkennungen.pdf\" class=\"mtli_attachment mtli_pdf\" target=\"_blank\" rel=\"noopener noreferrer\">Pr\u00fcfungen im WiSe 2025\/26: Anerkennungen<\/a> k\u00f6nnen Sie \u00fcberpr\u00fcfen, in welchen Studieng\u00e4ngen und in welchen Modulen die einzelnen Pr\u00fcfungen anerkannt werden (es sind nur diejenigen Studieng\u00e4nge aufgef\u00fchrt, f\u00fcr die das Pr\u00fcfungsamt Fakult\u00e4t III direkt zust\u00e4ndig ist).<\/p>\n<div class=\"su-spoiler su-spoiler-style-fancy su-spoiler-icon-plus su-spoiler-closed\" data-scroll-offset=\"0\" data-anchor-in-url=\"no\"><div class=\"su-spoiler-title\" tabindex=\"0\" role=\"button\"><span class=\"su-spoiler-icon\"><\/span>Erl\u00e4uterungen zur Pr\u00fcfungs\u00fcbersicht<\/div><div class=\"su-spoiler-content su-u-clearfix su-u-trim\">\n<p>In der \u00dcbersicht stehen die Pr\u00fcfungen des laufenden Semesters mit der Angabe, ob eine Pr\u00fcfung zur zweiten Pr\u00fcfungsperiode stattfindet. Unter den Pr\u00fcfungen stehen die jeweils zugeh\u00f6rigen Veranstaltungen mit der Angabe des Semesters, wann die Veranstaltung stattgefunden hat. Die \u00dcbersicht enth\u00e4lt auch die Angabe der Klausurdauer (in Minuten); sofern eine Pr\u00fcfung m\u00fcndlich oder in semesterbegleitender Form stattfindet, dann gilt eine eventuell angegebene Klausurdauer nicht.<\/p>\n<p>F\u00fcr die Studieng\u00e4nge der Betriebswirtschaftslehre (Bachelor BWL; Master AAT, BuA, CRM, MM, SME), Volkswirtschaftslehre (Bachelor VWL, Master EP) und Wirtschaftsinformatik (Bachelor WInf; Master HCI, WInf) gilt grunds\u00e4tzlich die nachfolgende Regelung:<\/p>\n<ol>\n<li>Falls die Veranstaltungen eines Moduls sich \u00fcber Winter- und Sommersemester erstrecken und gemeinsam in Form <em>einer<\/em> Modulabschlussklausur abgepr\u00fcft werden, dann wird die Modulpr\u00fcfung <strong>in jedem Semester<\/strong>, dann aber <strong>nur zur ersten Pr\u00fcfungsperiode<\/strong> angeboten (Ausnahme: Die Modulpr\u00fcfungen &#8222;Privatrecht&#8220; (3BWLBA030-P,\u00a0 3BWLBAEX003-P, 95603) und \u00d6ffentliches Recht (3VWLBA021-P) werden nur im SoSe, dann aber zur 1. und 2. Pr\u00fcfungsperiode angeboten.).<\/li>\n<li>Falls die Veranstaltungen eines Moduls in EINEM Semester liegen und gemeinsam abgepr\u00fcft werden oder wenn Veranstaltungen einzeln abgepr\u00fcft werden (z.B. unbenotete Studienleistungen), dann wird grunds\u00e4tzlich die Pr\u00fcfung <strong>nur in demjenigen Semester<\/strong>, in dem die Veranstaltungen liegen, aber <strong>zur ersten und zur zweiten Pr\u00fcfungsperiode<\/strong> angeboten.<\/li>\n<li>Wenn allerdings das komplette Modul oder die einzeln abgepr\u00fcfte Veranstaltung in <em>jedem<\/em> Semester angeboten wird, dann findet (Ausnahme zu Punkt 2) die Pr\u00fcfung grunds\u00e4tzlich nur <strong>einmal pro Semester zur ersten Pr\u00fcfungsperiode<\/strong> statt.<\/li>\n<\/ol>\n<\/div><\/div>\n<div class=\"su-spoiler su-spoiler-style-fancy su-spoiler-icon-plus su-spoiler-closed\" data-scroll-offset=\"0\" data-anchor-in-url=\"no\"><div class=\"su-spoiler-title\" tabindex=\"0\" role=\"button\"><span class=\"su-spoiler-icon\"><\/span>\u00c4nderungen gegen\u00fcber vorherigen Ver\u00f6ffentlichungen<\/div><div class=\"su-spoiler-content su-u-clearfix su-u-trim\">\n<table border=\"0\" width=\"1237\">\n<tbody>\n<tr>\n<td><strong>Datum des Eintrags<\/strong><\/td>\n<td><strong>Nummer<\/strong><\/td>\n<td><strong>Pr\u00fcfung<\/strong><\/td>\n<td><strong>Pr\u00fcfer<\/strong><\/td>\n<td><strong>\u00c4nderung<\/strong><\/td>\n<\/tr>\n<tr>\n<td>17.12.2025<\/td>\n<td>3BWLBA027-P,<br \/>\n3VWLBA012-P<\/td>\n<td>Induktive Statistik<br \/>\n(f\u00fcr Volkswirte)<\/td>\n<td>Soost<\/td>\n<td>Klausur nur zur 1. Pr\u00fcfungsperiode<br \/>\n(die Wiederholungsklausur wird im SoSe 2026 angeboten)<\/td>\n<\/tr>\n<tr>\n<td>17.12.2025<\/td>\n<td>3BWLBA011-P<\/td>\n<td>Finanzwirtschaft<\/td>\n<td>Wiedemann<\/td>\n<td>Klausur zur 1. und zur 2. Pr\u00fcfungsperiode<br \/>\n(im SoSe 2026 wird keine Klausur angeboten)<\/td>\n<\/tr>\n<tr>\n<td><\/td>\n<td><\/td>\n<td><\/td>\n<td><\/td>\n<td><\/td>\n<\/tr>\n<tr>\n<td><\/td>\n<td><\/td>\n<td><\/td>\n<td><\/td>\n<td><\/td>\n<\/tr>\n<tr>\n<td><\/td>\n<td><\/td>\n<td><\/td>\n<td><\/td>\n<td><\/td>\n<\/tr>\n<tr>\n<td><\/td>\n<td><\/td>\n<td><\/td>\n<td><\/td>\n<td><\/td>\n<\/tr>\n<tr>\n<td><\/td>\n<td><\/td>\n<td><\/td>\n<td><\/td>\n<td><\/td>\n<\/tr>\n<tr>\n<td><\/td>\n<td><\/td>\n<td><\/td>\n<td><\/td>\n<td><\/td>\n<\/tr>\n<\/tbody>\n<\/table>\n<\/div><\/div>\n<div class=\"su-spoiler su-spoiler-style-fancy su-spoiler-icon-plus su-spoiler-closed\" data-scroll-offset=\"0\" data-anchor-in-url=\"no\"><div class=\"su-spoiler-title\" tabindex=\"0\" role=\"button\"><span class=\"su-spoiler-icon\"><\/span>Pr\u00fcferlisten<\/div><div class=\"su-spoiler-content su-u-clearfix su-u-trim\">\n<p><a href=\"https:\/\/pafak3.wiwi.uni-siegen.de\/info\/wp-content\/uploads\/Pruefungstermine\/prueferbestellung_poe.pdf\" class=\"mtli_attachment mtli_pdf\" target=\"_blank\" rel=\"noopener\">Pr\u00fcfer Plurale \u00d6konomik<\/a><\/p>\n<p><a href=\"https:\/\/pafak3.wiwi.uni-siegen.de\/info\/wp-content\/uploads\/Pruefungstermine\/prueferbestellung_wiwi.pdf\" class=\"mtli_attachment mtli_pdf\" target=\"_blank\" rel=\"noopener\">Pr\u00fcfer Wirtschaftswissenschaften<\/a><\/p>\n<\/div><\/div>\n<h3>Pr\u00fcfungstermine Wintersemester 2025\/26<\/h3>\n<ul>\n<li>Der allgemeine Klausurzeitraum der 1. Pr\u00fcfungsperiode beginnt am 09.02.2026 und endet am 06.03.2026; der allgemeine Klausurzeitraum der 2. Pr\u00fcfungsperiode beginnt am 16.03.2026 und endet am 31.03.2026. Einzelne Klausuren, insbesondere solche, die nicht vom Pr\u00fcfungsamt Fakult\u00e4t III organisiert werden, k\u00f6nnen auch fr\u00fcher oder sp\u00e4ter stattfinden.<\/li>\n<li>Die Nachschreibeklausuren in den rechtswissenschaftlichen \u00dcbungen liegen in der Woche vom 09.03.2026 bis zum 13.03.2026.<\/li>\n<li>Die Online-Pr\u00fcfungsanmeldung in unisono f\u00fcr die Pr\u00fcfungen der 1. Pr\u00fcfungsperiode ist ab 05.01.2026 m\u00f6glich, f\u00fcr die 2. Pr\u00fcfungsperiode ab dem 28.02.2026 (im Falle einer Klausurteilnahme zur 1. Pr\u00fcfungsperiode ist eine Anmeldung zur 2. Pr\u00fcfungsperiode aber erst dann m\u00f6glich, wenn das Ergebnis der 1. Pr\u00fcfungsperiode in unisono eingetragen worden ist).<\/li>\n<li>Die Anmeldung zu einer Klausur kann i.d.R. bis 1 Woche vor dem jeweiligen Klausurtermin erfolgen, die Anmeldung zu m\u00fcndlichen Pr\u00fcfungen und zu semesterbegleitenden Pr\u00fcfungen i.d.R. bis zum letzten Tag der Vorlesungszeit. Sofern die Pr\u00fcferin bzw. der Pr\u00fcfer m\u00fcndliche Pr\u00fcfungen f\u00fcr die letzte Woche der Vorlesungszeit oder die erste Woche der vorlesungsfreien Zeit angesetzt hatte, kann das Ende der Anmeldefrist auch fr\u00fcher liegen.<\/li>\n<li>Bitte beachten Sie die unten folgenden &#8222;Wichtige Hinweise zur Pr\u00fcfungsanmeldung und Pr\u00fcfungsabmeldung&#8220;.<\/li>\n<li>Bitte beachten Sie, dass f\u00fcr Klausuren, die nicht von unserem Pr\u00fcfungsamt organisiert werden (z.B. Z\u00f6BiS-Klausuren, Klausuren aus der Informatik, Klausuren aus den Medienwissenschaften), die dortigen Regelungen, Fristen und Termine gelten.<\/li>\n<li>Die Termine f\u00fcr die Klausuren\u00a0 werden in den nachfolgenden Tabellen &#8222;1. Pr\u00fcfungsperiode WiSe 2025\/26&#8220; und &#8222;2. Pr\u00fcfungsperiode WiSe 2025\/26&#8220; jeweils unter dem Link &#8222;Pr\u00fcfungstermine&#8220; ver\u00f6ffentlicht. Die Klausurtermine werden auch in unisono eingetragen und finden sich u.a. in der Pr\u00fcfungsanmeldung.<\/li>\n<li>Die einzelnen Klausurr\u00e4ume werden am 1. Werktag nach Ende der R\u00fccktrittsfrist, also 4 bis 6 Tage vor der jeweiligen Klausur, bekanntgegeben (Link &#8222;Klausurr\u00e4ume&#8220; in den nachfolgenden Tabelle &#8222;1. Pr\u00fcfungsperiode WiSe 2025\/26&#8220; bzw. &#8222;2. Pr\u00fcfungsperiode WiSe 2025\/26&#8220;). Die Klausuren finden \u00fcberwigend in den R\u00e4umen auf dem Campus US statt; einzelne Klausuren, insbesondere solche mit einer gr\u00f6\u00dferen Anzahl an Teilnehmern, k\u00f6nnen auch auch auf dem Campus AR stattfinden; <a href=\"https:\/\/pafak3.wiwi.uni-siegen.de\/info\/pruefungen\/klausurraeume\/\" target=\"_blank\" rel=\"noopener noreferrer\">hier<\/a> eine allgemeine \u00dcbersicht zu den Klausurr\u00e4umen.<\/li>\n<\/ul>\n<p>&nbsp;<\/p>\n<table>\n<tbody>\n<tr>\n<th>1. Pr\u00fcfungsperiode<\/th>\n<th>WiSe 2025\/26<\/th>\n<\/tr>\n<tr>\n<td><a href=\"https:\/\/pafak3.wiwi.uni-siegen.de\/info\/wp-content\/uploads\/Pruefungstermine\/pruefungstermine_pt1.pdf\" class=\"mtli_attachment mtli_pdf\" target=\"_blank\" rel=\"noopener\">Pr\u00fcfungstermine<\/a><\/td>\n<td style=\"text-align: left;\">Stand 02.01.2026<\/td>\n<\/tr>\n<tr>\n<td>Klausurr\u00e4ume<\/td>\n<td style=\"text-align: left;\"><\/td>\n<\/tr>\n<\/tbody>\n<\/table>\n<div class=\"su-spoiler su-spoiler-style-fancy su-spoiler-icon-plus su-spoiler-closed\" data-scroll-offset=\"0\" data-anchor-in-url=\"no\"><div class=\"su-spoiler-title\" tabindex=\"0\" role=\"button\"><span class=\"su-spoiler-icon\"><\/span>\u00c4nderungen Pr\u00fcfungstermine (gegen\u00fcber vorherigen Ank\u00fcndigungen)<\/div><div class=\"su-spoiler-content su-u-clearfix su-u-trim\">\n<table border=\"0\" width=\"1237\">\n<tbody>\n<tr>\n<td><strong>Datum des Eintrags<\/strong><\/td>\n<td><strong>Pr\u00fcf.-Nr.<\/strong><\/td>\n<td><strong>Pr\u00fcfung<\/strong><\/td>\n<td><strong>Pr\u00fcfer<\/strong><\/td>\n<td><strong>\u00c4nderung<\/strong><\/td>\n<\/tr>\n<tr>\n<td>08.12.2025<\/td>\n<td>3DEWRMA004-P<\/td>\n<td>Transnational Business Law<\/td>\n<td>R\u00f6sler<\/td>\n<td>Klausur am 20.02.2026, 12:30-14:30<br \/>\n(statt am 12.02.2026)<\/td>\n<\/tr>\n<tr>\n<td>17.12.2025<\/td>\n<td>3BWLBA027-P,<br \/>\n3VWLBA012-P<\/td>\n<td>Induktive Statistik<br \/>\n(f\u00fcr Volkswirte)<\/td>\n<td>Soost<\/td>\n<td>Klausur am 04.03.2026, 10:15-11:45<br \/>\n(statt am 09.02.2026)<\/td>\n<\/tr>\n<tr>\n<td>17.12.2025<\/td>\n<td>3BWLBA011-P<\/td>\n<td>Finanzwirtschaft<\/td>\n<td>Wiedemann<\/td>\n<td>Klausur am 09.02.2026, 12:15-13:45<br \/>\n(statt am 04.03.2026)<\/td>\n<\/tr>\n<tr>\n<td>02.01.2026<\/td>\n<td>3VWLBA010-P<\/td>\n<td>Grundlagen der Mathematik f\u00fcr Wirtschaftswissenschaftler<\/td>\n<td>Soost<\/td>\n<td>Klausur am 18.02.2026, 09:30-10:30<br \/>\n(statt von 14:30-15:30)<\/td>\n<\/tr>\n<\/tbody>\n<\/table>\n<\/div><\/div>\n<p>&nbsp;<\/p>\n<table>\n<tbody>\n<tr>\n<th>2. Pr\u00fcfungsperiode<\/th>\n<th>WiSe 2025\/26<\/th>\n<\/tr>\n<tr>\n<td><a href=\"https:\/\/pafak3.wiwi.uni-siegen.de\/info\/wp-content\/uploads\/Pruefungstermine\/pruefungstermine_pt2.pdf\" class=\"mtli_attachment mtli_pdf\" target=\"_blank\" rel=\"noopener\">Pr\u00fcfungstermine<\/a><\/td>\n<td>Stand 27.02.2026<\/td>\n<\/tr>\n<tr>\n<td><a href=\"https:\/\/pafak3.wiwi.uni-siegen.de\/info\/wp-content\/uploads\/Pruefungstermine\/klausurraeume.pdf\" class=\"mtli_attachment mtli_pdf\" target=\"_blank\" rel=\"noopener\">Klausurr\u00e4ume<\/a><\/td>\n<td>25.03.2026 &#8211; 31.03.2026<\/td>\n<\/tr>\n<\/tbody>\n<\/table>\n<div class=\"su-spoiler su-spoiler-style-fancy su-spoiler-icon-plus su-spoiler-closed\" data-scroll-offset=\"0\" data-anchor-in-url=\"no\"><div class=\"su-spoiler-title\" tabindex=\"0\" role=\"button\"><span class=\"su-spoiler-icon\"><\/span>\u00c4nderungen Pr\u00fcfungstermine (gegen\u00fcber vorherigen Ank\u00fcndigungen)<\/div><div class=\"su-spoiler-content su-u-clearfix su-u-trim\">\n<table border=\"0\" width=\"1237\">\n<tbody>\n<tr>\n<td><strong>Datum des Eintrags<\/strong><\/td>\n<td><strong>Pr\u00fcf.-Nr.<\/strong><\/td>\n<td><strong>Pr\u00fcfung<\/strong><\/td>\n<td><strong>Pr\u00fcfer<\/strong><\/td>\n<td><strong>\u00c4nderung<\/strong><\/td>\n<\/tr>\n<tr>\n<td>27.02.2026<\/td>\n<td>3DEWRMA014-P<\/td>\n<td>Europ\u00e4isches Beihilfe- und Vergaberecht<\/td>\n<td>Griebel<\/td>\n<td>Erg\u00e4nzung: m\u00fcndliche Pr\u00fcfung am 25.03.2026<\/td>\n<\/tr>\n<tr>\n<td><\/td>\n<td><\/td>\n<td><\/td>\n<td><\/td>\n<td><\/td>\n<\/tr>\n<tr>\n<td><\/td>\n<td><\/td>\n<td><\/td>\n<td><\/td>\n<td><\/td>\n<\/tr>\n<tr>\n<td><\/td>\n<td><\/td>\n<td><\/td>\n<td><\/td>\n<td><\/td>\n<\/tr>\n<tr>\n<td><\/td>\n<td><\/td>\n<td><\/td>\n<td><\/td>\n<td><\/td>\n<\/tr>\n<tr>\n<td><\/td>\n<td><\/td>\n<td><\/td>\n<td><\/td>\n<td><\/td>\n<\/tr>\n<tr>\n<td><\/td>\n<td><\/td>\n<td><\/td>\n<td><\/td>\n<td><\/td>\n<\/tr>\n<tr>\n<td><\/td>\n<td><\/td>\n<td><\/td>\n<td><\/td>\n<td><\/td>\n<\/tr>\n<tr>\n<td><\/td>\n<td><\/td>\n<td><\/td>\n<td><\/td>\n<td><\/td>\n<\/tr>\n<tr>\n<td><\/td>\n<td><\/td>\n<td><\/td>\n<td><\/td>\n<td><\/td>\n<\/tr>\n<tr>\n<td><\/td>\n<td><\/td>\n<td><\/td>\n<td><\/td>\n<td><\/td>\n<\/tr>\n<tr>\n<td><\/td>\n<td><\/td>\n<td><\/td>\n<td><\/td>\n<td><\/td>\n<\/tr>\n<tr>\n<td><\/td>\n<td><\/td>\n<td><\/td>\n<td><\/td>\n<td><\/td>\n<\/tr>\n<tr>\n<td><\/td>\n<td><\/td>\n<td><\/td>\n<td><\/td>\n<td><\/td>\n<\/tr>\n<\/tbody>\n<\/table>\n<\/div><\/div>\n<div class=\"su-spoiler su-spoiler-style-fancy su-spoiler-icon-plus su-spoiler-closed\" data-scroll-offset=\"0\" data-anchor-in-url=\"no\"><div class=\"su-spoiler-title\" tabindex=\"0\" role=\"button\"><span class=\"su-spoiler-icon\"><\/span>\u00c4nderungen R\u00e4ume (gegen\u00fcber vorherigen Ank\u00fcndigungen)<\/div><div class=\"su-spoiler-content su-u-clearfix su-u-trim\">\n<table border=\"0\" width=\"1237\">\n<tbody>\n<tr>\n<td><strong>Datum des Eintrags<\/strong><\/td>\n<td><strong>Pr\u00fcf.-Nr.<\/strong><\/td>\n<td><strong>Pr\u00fcfung<\/strong><\/td>\n<td><strong>Pr\u00fcfer<\/strong><\/td>\n<td><strong>Termin<\/strong><\/td>\n<td><strong>\u00c4nderung<\/strong><\/td>\n<\/tr>\n<tr>\n<td>19.03.2026<\/td>\n<td>3EPMA001-P<\/td>\n<td>Advanced Macroeconomics<\/td>\n<td>Beck<\/td>\n<td>20.03.2026<br \/>\n10:15-11:45<\/td>\n<td>US-F 103<br \/>\n(instead of US- F 308)<\/td>\n<\/tr>\n<tr>\n<td>19.03.2026<\/td>\n<td>3BWLBA023-P<\/td>\n<td>Wirtschaftspr\u00fcfung<\/td>\n<td>Dutzi<\/td>\n<td>20.03.2026<br \/>\n10:15-11:45<\/td>\n<td>US-F 103<br \/>\n(anstatt US- F 308)<\/td>\n<\/tr>\n<tr>\n<td>19.03.2026<\/td>\n<td>3BWLBA035-P<\/td>\n<td>Konzernrechnungslegung<\/td>\n<td>Dutzi<\/td>\n<td>20.03.206<br \/>\n10:30-11:30<\/td>\n<td>US-C 115, 10:30-11:30<br \/>\n(anstatt US-F 304, 103; 10:15-11:15)<\/td>\n<\/tr>\n<tr>\n<td><\/td>\n<td><\/td>\n<td><\/td>\n<td><\/td>\n<td><\/td>\n<\/tr>\n<tr>\n<td><\/td>\n<td><\/td>\n<td><\/td>\n<td><\/td>\n<td><\/td>\n<\/tr>\n<tr>\n<td><\/td>\n<td><\/td>\n<td><\/td>\n<td><\/td>\n<td><\/td>\n<\/tr>\n<\/tbody>\n<\/table>\n<\/div><\/div>\n<div class=\"su-box su-box-style-default\" id=\"\" style=\"border-color:#000000;border-radius:3px\"><div class=\"su-box-title\" style=\"background-color:#333333;color:#FFFFFF;border-top-left-radius:1px;border-top-right-radius:1px\">Wichtige Hinweise zur Pr\u00fcfungsanmeldung und Pr\u00fcfungsabmeldung<\/div><div class=\"su-box-content su-u-clearfix su-u-trim\" style=\"border-bottom-left-radius:1px;border-bottom-right-radius:1px\">\n<ul>\n<li>Beachten Sie den Unterschied zwischen der Belegung der <span class=\"su-highlight\" style=\"background:#f4110b;color:#f9f2f2\">&nbsp;Veranstaltung&nbsp;<\/span> und der Anmeldung zur <span class=\"su-highlight\" style=\"background:#f4110b;color:#f9f2f2\">&nbsp;Pr\u00fcfung&nbsp;<\/span>. Dies sind zwei unterschiedliche Punkte: Weder bedeutet die Belegung einer Veranstaltung eine automatische Anmeldung zur zugeh\u00f6rigen Pr\u00fcfung; noch ist (zumindest in unserem Bereich) die Belegung einer Veranstaltung eine Voraussetzung, um die zugeh\u00f6rige Pr\u00fcfung anmelden zu k\u00f6nnen.<\/li>\n<li>Eine Teilnahme an einer Klausur ohne vorherige Pr\u00fcfungsanmeldung ist nicht gestattet; wird eine Klausur mitgeschrieben, ohne dass eine vorherige Anmeldung erfolgte, dann wird die Klausur nicht gewertet.<\/li>\n<li>Nach einer erfolgreichen An- oder Abmeldung (wie auch nach einer Notenverbuchung) verschickt das unisono-System eine <span class=\"su-highlight\" style=\"background:#f4110b;color:#f9f2f2\">&nbsp;automatische E-Mail&nbsp;<\/span> an Ihre studentische E-Mail-Adresse. L\u00f6schen Sie diese E-Mail nicht aus Ihren E-Mail-Konto, sodass Sie sp\u00e4ter im Zweifelsfall nachweisen k\u00f6nnen, dass die Anmeldung erfolgreich war.<\/li>\n<li>Sollten Sie dagegen nach einer (versuchten) An- bzw. Abmeldung <span class=\"su-highlight\" style=\"background:#f4110b;color:#f9f2f2\">&nbsp;keine E-Mail erhalten&nbsp;<\/span>, dann ist es m\u00f6glich, dass unisono \u2013 aus welchen Gr\u00fcnden auch immer \u2013 die Anmeldung nicht akzeptiert hat. Dann m\u00fcssen Sie auf jeden Fall \u2013 z.B. durch die Generierung einer aktuellen Anmelde\u00fcbersicht (siehe n\u00e4chsten Punkt) oder indem Sie in Ihrem Kontobaum den Status der betreffenden Pr\u00fcfung(en) feststellen \u2013 \u00fcberpr\u00fcfen, ob der Anmeldeversuch erfolgreich war oder nicht.<\/li>\n<li>Erstellen Sie (in Ihrem eigenen Interesse!) nach jeder An- und Abmeldung einen <span class=\"su-highlight\" style=\"background:#f4110b;color:#f9f2f2\">&nbsp;Nachweis \u00fcber Ihren Anmeldestatus&nbsp;<\/span>. (Gehen Sie dazu auf &#8222;Belegungen und Anmeldungen&#8220; unter &#8222;Mein Studium&#8220;. Klicken Sie dann (links oben) auf PDF-Dokument erstellen. \u00dcberpr\u00fcfen Sie, dass die an- bzw. abgemeldete Pr\u00fcfung tats\u00e4chlich in der \u00dcbersicht steht und speichern die \u00dcbersicht ab.)<\/li>\n<li>Die Pr\u00fcfungsanmeldung zu einer Klausur ist in der Regel bis 1 Woche vor der jeweiligen Klausur m\u00f6glich, die Anmeldung zu m\u00fcndlichen Pr\u00fcfungen in der Regel bis zum Ende der Vorlesungszeit; die Anmeldung zu semesterbegleitenden Pr\u00fcfungen erfolgt im Laufe der Vorlesungszeit des Semesters oder ebenfalls am Ende der Vorlesungszeit. Die Anmeldung zu Pr\u00fcfungen der 2. Pr\u00fcfungsperiode ist aus technischen Gr\u00fcnden erst nach Abschluss der Klausuren der 1. Pr\u00fcfungsperiode m\u00f6glich.<\/li>\n<li>Beachten Sie aber, dass f\u00fcr Pr\u00fcfungen, die Sie an anderer Stelle ablegen, die dortigen Fristen und Termine gelten. Dies betrifft z.B. die &#8222;Z\u00f6BiS-Klausuren&#8220;, die Informatik-Klausuren der Studierenden der Wirtschaftsinformatik und die Klausuren aus dem Masterstudiengang Medienkultur der HCI-Studierenden.<\/li>\n<li>Die Abmeldung von Pr\u00fcfungen ist in der Regel bis 1 Woche vor der jeweiligen Pr\u00fcfung m\u00f6glich.<\/li>\n<\/ul>\n<\/div><\/div>\n<p>&nbsp;<\/p>\n","protected":false},"excerpt":{"rendered":"<p>Pr\u00fcfungen im Wintersemester 2025\/26 Die \u00dcbersicht\u00a0 Pr\u00fcfungen im WiSe 2025\/26 gibt einen \u00dcberblick \u00fcber die Pr\u00fcfungen im laufenden Semester und die zugeh\u00f6rigen Veranstaltungen. Achtung: Die angegebenen Nummern (in der 1. Spalte der \u00dcbersicht) sind nicht in allen F\u00e4llen die unisono-Pr\u00fcfungsnummern. In der \u00dcbersicht Pr\u00fcfungen im WiSe 2025\/26: Anerkennungen k\u00f6nnen Sie \u00fcberpr\u00fcfen, in welchen Studieng\u00e4ngen und [&hellip;]<\/p>\n","protected":false},"author":2,"featured_media":0,"parent":91,"menu_order":2,"comment_status":"closed","ping_status":"closed","template":"","meta":{"footnotes":""},"class_list":["post-782","page","type-page","status-publish","hentry"],"_links":{"self":[{"href":"https:\/\/pafak3.wiwi.uni-siegen.de\/info\/wp-json\/wp\/v2\/pages\/782","targetHints":{"allow":["GET"]}}],"collection":[{"href":"https:\/\/pafak3.wiwi.uni-siegen.de\/info\/wp-json\/wp\/v2\/pages"}],"about":[{"href":"https:\/\/pafak3.wiwi.uni-siegen.de\/info\/wp-json\/wp\/v2\/types\/page"}],"author":[{"embeddable":true,"href":"https:\/\/pafak3.wiwi.uni-siegen.de\/info\/wp-json\/wp\/v2\/users\/2"}],"replies":[{"embeddable":true,"href":"https:\/\/pafak3.wiwi.uni-siegen.de\/info\/wp-json\/wp\/v2\/comments?post=782"}],"version-history":[{"count":853,"href":"https:\/\/pafak3.wiwi.uni-siegen.de\/info\/wp-json\/wp\/v2\/pages\/782\/revisions"}],"predecessor-version":[{"id":6096,"href":"https:\/\/pafak3.wiwi.uni-siegen.de\/info\/wp-json\/wp\/v2\/pages\/782\/revisions\/6096"}],"up":[{"embeddable":true,"href":"https:\/\/pafak3.wiwi.uni-siegen.de\/info\/wp-json\/wp\/v2\/pages\/91"}],"wp:attachment":[{"href":"https:\/\/pafak3.wiwi.uni-siegen.de\/info\/wp-json\/wp\/v2\/media?parent=782"}],"curies":[{"name":"wp","href":"https:\/\/api.w.org\/{rel}","templated":true}]}}