{"id":810,"date":"2018-11-09T10:22:54","date_gmt":"2018-11-09T09:22:54","guid":{"rendered":"https:\/\/dekanatfakultaet3.wiwi.uni-siegen.de\/faq\/?page_id=810"},"modified":"2024-03-05T09:31:28","modified_gmt":"2024-03-05T08:31:28","slug":"klausurraeume","status":"publish","type":"page","link":"https:\/\/pafak3.wiwi.uni-siegen.de\/info\/pruefungen\/klausurraeume\/","title":{"rendered":"Wo finde ich welche Klausurr\u00e4ume"},"content":{"rendered":"<h1 class=\"title\">Hinweise zu Klausurr\u00e4umen<\/h1>\n<h4><strong>Geb\u00e4ude\/Geb\u00e4udekomplexe<\/strong><\/h4>\n<table border=\"0\">\n<tbody>\n<tr>\n<td><strong>Abk\u00fcrzung<\/strong><\/td>\n<td><strong>Ausf\u00fchrlich<\/strong><\/td>\n<td><strong>Bemerkung<\/strong><\/td>\n<\/tr>\n<tr>\n<td>AR<\/td>\n<td><a class=\" cd_intlink\" href=\"http:\/\/www.uni-siegen.de\/start\/kontakt\/anfahrt_und_lageplaene\/reichwein.html\">Adolf-Reichwein-Stra\u00dfe<\/a><\/td>\n<td><\/td>\n<\/tr>\n<tr>\n<td>AH<\/td>\n<td><a class=\" cd_intlink\" href=\"http:\/\/www.uni-siegen.de\/start\/kontakt\/anfahrt_und_lageplaene\/herrengarten.html\">Herrengarten<\/a><\/td>\n<td>Herrengarten 3; 57072 Siegen. N\u00e4he Busbahnhof ZOB<\/td>\n<\/tr>\n<tr>\n<td>H<\/td>\n<td><a class=\" cd_intlink\" href=\"http:\/\/www.uni-siegen.de\/start\/kontakt\/anfahrt_und_lageplaene\/hoelderlin.html\">H\u00f6lderlinstra\u00dfe<\/a><\/td>\n<td><\/td>\n<\/tr>\n<tr>\n<td>PB<\/td>\n<td><a class=\" cd_intlink\" href=\"http:\/\/www.uni-siegen.de\/start\/kontakt\/anfahrt_und_lageplaene\/paul_bonatz.html\">Paul-Bonartz-Stra\u00dfe<\/a><\/td>\n<td><\/td>\n<\/tr>\n<tr>\n<td>US<\/td>\n<td><a class=\" cd_intlink\" href=\"http:\/\/www.uni-siegen.de\/start\/kontakt\/anfahrt_und_lageplaene\/campus_siegen_mitte.html\">Unteres Schloss<\/a><\/td>\n<td><\/td>\n<\/tr>\n<tr>\n<td>WS<\/td>\n<td><a class=\" cd_intlink\" href=\"http:\/\/www.uni-siegen.de\/start\/kontakt\/anfahrt_und_lageplaene\/seminargebaeude.html\">Weidenauer Sra\u00dfe<\/a><\/td>\n<td>Weidenauer Stra\u00dfe 118; 57076 Siegen. An der Kreuzung Weidenauer Stra\u00dfe &#8211; Gl\u00fcckauf Stra\u00dfe. N\u00e4he Kreisklinikum<\/td>\n<\/tr>\n<\/tbody>\n<\/table>\n<p>&nbsp;<\/p>\n<h4><strong>R\u00e4ume und Geb\u00e4udeteile<\/strong><\/h4>\n<table border=\"0\">\n<tbody>\n<tr>\n<td><strong>Raum <\/strong><\/td>\n<td><strong>Bemerkung<\/strong><\/td>\n<\/tr>\n<tr>\n<td>AudiMax<\/td>\n<td>AR-E 8101<\/td>\n<\/tr>\n<tr>\n<td>Turnhalle<\/td>\n<td>AR-E 9202<br \/>\n(kleine Turnhalle unmittelbar neben\/hinter dem AudiMax. Es handelt sich NICHT um die gro\u00dfe Sporthalle gegen\u00fcber dem Parkhaus an der Adolf-Reichwein-Stra\u00dfe.)<\/td>\n<\/tr>\n<tr>\n<td>Blauer H\u00f6rsaal<\/td>\n<td>AR-D 5102<\/td>\n<\/tr>\n<tr>\n<td>Roter H\u00f6rsaal<\/td>\n<td>AR-D 5103<\/td>\n<\/tr>\n<tr>\n<td>Gr\u00fcner H\u00f6rssal<\/td>\n<td>AR-D5104<\/td>\n<\/tr>\n<tr>\n<td>Aula<\/td>\n<td>PB-C 101<\/td>\n<\/tr>\n<tr>\n<td>US-A<\/td>\n<td>Campus Unteres Schloss; Geb\u00e4ude Unteres Schloss; 57072 Siegen, Unteres Schloss 3<\/td>\n<\/tr>\n<tr>\n<td>US-D, US-F<\/td>\n<td>Campus Unteres Schloss; Ludwig-Wittgenstein-Haus; 57072 Siegen, Kohlbettstra\u00dfe 15<\/td>\n<\/tr>\n<tr>\n<td>AR-HB<\/td>\n<td>Das Geb\u00e4ude HB (Haardter-Berg Schule) befindet sich in der N\u00e4he der Bushaltestelle <em>Uni Adolf-Reichwein-Stra\u00dfe<\/em> direkt neben der (derzeitigen) Mensa<\/td>\n<\/tr>\n<tr>\n<td>AH-B<\/td>\n<td>Der Eingang zum Geb\u00e4ude B befindet sich an der\u00a0 Stra\u00dfe &#8222;Herrengarten&#8220;<\/td>\n<\/tr>\n<\/tbody>\n<\/table>\n<h4><\/h4>\n<h3><strong>R\u00e4ume au\u00dferhalb der Universit\u00e4t Siegen <\/strong><\/h3>\n<p><strong>Gro\u00dfer Saal<\/strong>: Siegerlandhalle, 57072 Siegen, Koblenzer Stra\u00dfe 151 (zu Erl\u00e4uterungen auf Pfeil klicken)<\/p>\n<div class=\"su-spoiler su-spoiler-style-fancy su-spoiler-icon-arrow su-spoiler-closed\" data-scroll-offset=\"0\" data-anchor-in-url=\"no\"><div class=\"su-spoiler-title\" tabindex=\"0\" role=\"button\"><span class=\"su-spoiler-icon\"><\/span>Wegbeschreibung<\/div><div class=\"su-spoiler-content su-u-clearfix su-u-trim\">Die Siegerlandhalle, Koblenzer Stra\u00dfe 151, befindet sich in Siegen-Mitte direkt an Hauptdurchgangsstra\u00dfe durch Siegen und ist vom Hauptbahnhof Siegen\/Zentralen Omnibusbahnhof (ZOB) oder vom K\u00f6lner Tor ca. 12 Minuten Fu\u00dfweg (Richtung Eiserfeld\/S\u00fcdwesten) entfernt. Zur Anreise mit dem Bus (ab ZOB) bieten sich die Linien C100 und C101 an (Haltestelle Hammerstra\u00dfe). Bei Anreise mit dem eigenen Wagen steht auf dem Gel\u00e4nde der Siegerlandhalle auch ein (bei l\u00e4ngerer Parkzeit kostenpflichtiger) Parkplatz zur Verf\u00fcgung. Eine Anreiseskizze findet sich auf den Internetseiten der Siegerlandhalle.<\/p>\n<p>F\u00fcr die Klausuren genutzt werden:<\/p>\n<ul>\n<li>Gro\u00dfer Saal<\/li>\n<li>und Leonhard-Gl\u00e4ser-Saal (einschlie\u00dflich angrenzendem der Foyersaal und Spandauer Saal )<\/li>\n<\/ul>\n<\/div><\/div>\n<p><strong>Gl\u00e4sersaal<\/strong>: Siegerlandhalle, 57072 Siegen, Koblenzer Stra\u00dfe 151 (zu Erl\u00e4uterungen\u00a0auf Pfeil klicken klicken)<\/p>\n<div class=\"su-spoiler su-spoiler-style-fancy su-spoiler-icon-arrow su-spoiler-closed\" data-scroll-offset=\"0\" data-anchor-in-url=\"no\"><div class=\"su-spoiler-title\" tabindex=\"0\" role=\"button\"><span class=\"su-spoiler-icon\"><\/span>Wegbeschreibung<\/div><div class=\"su-spoiler-content su-u-clearfix su-u-trim\">Die Siegerlandhalle, Koblenzer Stra\u00dfe 151, befindet sich in Siegen-Mitte direkt an Hauptdurchgangsstra\u00dfe durch Siegen und ist vom Hauptbahnhof Siegen\/Zentralen Omnibusbahnhof (ZOB) oder vom K\u00f6lner Tor ca. 12 Minuten Fu\u00dfweg (Richtung Eiserfeld\/S\u00fcdwesten) entfernt. Zur Anreise mit dem Bus (ab ZOB) bieten sich die Linien C100 und C101 an (Haltestelle Hammerstra\u00dfe). Bei Anreise mit dem eigenen Wagen steht auf dem Gel\u00e4nde der Siegerlandhalle auch ein (bei l\u00e4ngerer Parkzeit kostenpflichtiger) Parkplatz zur Verf\u00fcgung. Eine Anreiseskizze findet sich auf den Internetseiten der Siegerlandhalle.<\/p>\n<p>F\u00fcr die Klausuren genutzt werden:<\/p>\n<ul>\n<li>Gro\u00dfer Saal<\/li>\n<li>und Leonhard-Gl\u00e4ser-Saal (einschlie\u00dflich angrenzendem der Foyersaal und Spandauer Saal )<\/li>\n<\/ul>\n<\/div><\/div>\n<p><strong>Bismarkhalle:\u00a0<\/strong><span class=\"LrzXr\"> 57076 Siegen<\/span><strong>,<\/strong><span class=\"LrzXr\">Bismarckstra\u00dfe 47 (zu Erl\u00e4uterungen\u00a0auf Pfeil klicken klicken)<\/span><strong><br \/>\n<\/strong><\/p>\n<div class=\"su-spoiler su-spoiler-style-fancy su-spoiler-icon-arrow su-spoiler-closed\" data-scroll-offset=\"0\" data-anchor-in-url=\"no\"><div class=\"su-spoiler-title\" tabindex=\"0\" role=\"button\"><span class=\"su-spoiler-icon\"><\/span>Wegbeschreibung<\/div><div class=\"su-spoiler-content su-u-clearfix su-u-trim\">\n<p><b>Von K\u00f6lner Tor mit der\u00a0 Bus-Linie R10, R51, R16, C130 oder mit dem Zug von Bahnhof Siegen. <\/b>Am Bahnhof Siegen-Weidenau aussteigen, vor dem Bahnhof nach links in Richtung Finanzamt (Hochhaus links), Weidenauer Stra\u00dfe an der Ampelanlage \u00fcberqueren, geradeaus in die Poststra\u00dfe (Sieg \u00fcberqueren), nach zirka 200 Meter links abbiegen zum Bismarckplatz (Parkplatz). Die Bismarckhalle liegt vor Kopf am anderen Ende des Bismarckplatzes.Eine Anreiseskizze findet sich auf den Internetseiten der Bismarkhalle.<\/p>\n<\/div><\/div>\n","protected":false},"excerpt":{"rendered":"<p>Hinweise zu Klausurr\u00e4umen Geb\u00e4ude\/Geb\u00e4udekomplexe Abk\u00fcrzung Ausf\u00fchrlich Bemerkung AR Adolf-Reichwein-Stra\u00dfe AH Herrengarten Herrengarten 3; 57072 Siegen. N\u00e4he Busbahnhof ZOB H H\u00f6lderlinstra\u00dfe PB Paul-Bonartz-Stra\u00dfe US Unteres Schloss WS Weidenauer Sra\u00dfe Weidenauer Stra\u00dfe 118; 57076 Siegen. An der Kreuzung Weidenauer Stra\u00dfe &#8211; Gl\u00fcckauf Stra\u00dfe. N\u00e4he Kreisklinikum &nbsp; R\u00e4ume und Geb\u00e4udeteile Raum Bemerkung AudiMax AR-E 8101 Turnhalle AR-E 9202 [&hellip;]<\/p>\n","protected":false},"author":2,"featured_media":0,"parent":91,"menu_order":4,"comment_status":"closed","ping_status":"closed","template":"","meta":{"footnotes":""},"class_list":["post-810","page","type-page","status-publish","hentry"],"_links":{"self":[{"href":"https:\/\/pafak3.wiwi.uni-siegen.de\/info\/wp-json\/wp\/v2\/pages\/810","targetHints":{"allow":["GET"]}}],"collection":[{"href":"https:\/\/pafak3.wiwi.uni-siegen.de\/info\/wp-json\/wp\/v2\/pages"}],"about":[{"href":"https:\/\/pafak3.wiwi.uni-siegen.de\/info\/wp-json\/wp\/v2\/types\/page"}],"author":[{"embeddable":true,"href":"https:\/\/pafak3.wiwi.uni-siegen.de\/info\/wp-json\/wp\/v2\/users\/2"}],"replies":[{"embeddable":true,"href":"https:\/\/pafak3.wiwi.uni-siegen.de\/info\/wp-json\/wp\/v2\/comments?post=810"}],"version-history":[{"count":12,"href":"https:\/\/pafak3.wiwi.uni-siegen.de\/info\/wp-json\/wp\/v2\/pages\/810\/revisions"}],"predecessor-version":[{"id":5126,"href":"https:\/\/pafak3.wiwi.uni-siegen.de\/info\/wp-json\/wp\/v2\/pages\/810\/revisions\/5126"}],"up":[{"embeddable":true,"href":"https:\/\/pafak3.wiwi.uni-siegen.de\/info\/wp-json\/wp\/v2\/pages\/91"}],"wp:attachment":[{"href":"https:\/\/pafak3.wiwi.uni-siegen.de\/info\/wp-json\/wp\/v2\/media?parent=810"}],"curies":[{"name":"wp","href":"https:\/\/api.w.org\/{rel}","templated":true}]}}