{"id":85,"date":"2018-10-29T17:03:30","date_gmt":"2018-10-29T16:03:30","guid":{"rendered":"https:\/\/dekanatfakultaet3.wiwi.uni-siegen.de\/faq\/?page_id=85"},"modified":"2023-05-02T17:48:51","modified_gmt":"2023-05-02T15:48:51","slug":"pruefungsausschuesse","status":"publish","type":"page","link":"https:\/\/pafak3.wiwi.uni-siegen.de\/info\/kontakt\/pruefungsausschuesse\/","title":{"rendered":"Pr\u00fcfungsaussch\u00fcsse"},"content":{"rendered":"<h1 class=\"title\">Pr\u00fcfungsaussch\u00fcsse<\/h1>\n<p>F\u00fcr die einzelnen Studieng\u00e4nge bildet die Fakult\u00e4t zum Zwecke der Organisation der Pr\u00fcfungen und der durch die jeweiligen Pr\u00fcfungsordnungen (Rahmenpr\u00fcfungsordnung und Fachpr\u00fcfungsordnung) zugewiesenen Aufgaben zust\u00e4ndige Pr\u00fcfungsaussch\u00fcsse. Ein Pr\u00fcfungsausschuss besteht aus der oder dem Vorsitzenden und der Stellvertreterin oder dem Stellvertreter, die beide aus der Gruppe der Hochschullehrerinnen und Hochschullehrer stammen, sowie weiteren stimmberechtigten Mitgliedern aus der Gruppe der Hochschullehrerinnen und Hochschullehrer, aus der Gruppe der akademischen Mitarbeiterinnen und Mitarbeiter und aus der Gruppe der Studierenden; die genaue Anzahl der Mitglieder kann von Pr\u00fcfungsausschuss zu Pr\u00fcfungsausschuss unterschiedlich sein und ist in der jeweiligen Pr\u00fcfungsordnung festgelegt. Die Mitglieder werden vom Fakult\u00e4tsrat auf Vorschlag seiner jeweiligen Mitgliedergruppen gew\u00e4hlt.<\/p>\n<p>Der Pr\u00fcfungsaussch\u00fcsse sind Beh\u00f6rden im Sinne des Verwaltungsverfahrens und des Prozessrechts.<\/p>\n<p>Die Pr\u00fcfungsaussch\u00fcsse sorgen f\u00fcr die Organisation der Pr\u00fcfungen in ihrem Zust\u00e4ndigkeitsbereich und achten darauf, dass die Bestimmungen der Pr\u00fcfungsordnungen eingehalten werden. Sie sind insbesondere zust\u00e4ndig f\u00fcr die Bescheidung \u00fcber Widerspr\u00fcche gegen in Pr\u00fcfungsverfahren getroffene Entscheidungen. Weiterhin entscheiden die Pr\u00fcfungsaussch\u00fcsse \u00fcber die Anrechnung von Studien- und Pr\u00fcfungsleistungen. Die Pr\u00fcfungsaussch\u00fcsse geben Anregungen zu Reformen der Studieng\u00e4nge und der Pr\u00fcfungsordnungen.<\/p>\n<p>Die Sitzungen des Pr\u00fcfungsausschusses sind nicht\u00f6ffentlich. Die Mitglieder des Pr\u00fcfungsausschusses, ihre Stellvertreterinnen oder Stellvertreter, die Pr\u00fcferinnen und Pr\u00fcfer sowie die Beisitzerinnen und Beisitzer unterliegen der Amtsverschwiegenheit.<\/p>\n<h2>Pr\u00fcfungsaussch\u00fcsse an der Fakult\u00e4t III<\/h2>\n<p><strong>Pr\u00fcfungsausschuss Wirtschaftswissenschaften<\/strong><\/p>\n<ul>\n<li>Bachelor-Studieng\u00e4nge Betriebswirtschaftslehre und Volkswirtschaftslehre<\/li>\n<li>Master-Studieng\u00e4nge Accounting, Auditing and Taxation; Business Analytics; Controlling und Risikomanagement; Economic Policy; Entrepreneurship und SME Management; Management und M\u00e4rkte<\/li>\n<\/ul>\n<p><strong>Pr\u00fcfungsausschuss Wirtschaftsrecht<br \/>\n<\/strong><\/p>\n<ul>\n<li>Bachelor- Studiengang Deutsches und Europ\u00e4isches Wirtschaftsrecht<\/li>\n<li>Master-Studiengang Deutsches und Europ\u00e4isches Wirtschaftsrecht<\/li>\n<\/ul>\n<p><strong>Pr\u00fcfungsausschuss Wirtschaftsinformatik<\/strong><\/p>\n<ul>\n<li>Bachelor-Studiengang Wirtschaftsinformatik<\/li>\n<li>Master-Studiengang Wirtschaftsinformatik<\/li>\n<\/ul>\n<p><strong>Pr\u00fcfungsaussuss Human-Computer Interaction<\/strong><\/p>\n<ul>\n<li>Master-Studiengang Human-Computer Intreraction<\/li>\n<\/ul>\n<p><strong>Pr\u00fcfungsausschuss Plurale \u00d6konomik<\/strong><\/p>\n<ul>\n<li>Master-Studiengang Plurale \u00d6konomik<\/li>\n<\/ul>\n<p>Die Vorsitzenden der Pr\u00fcfungsaussch\u00fcsse und deren Stellvertreter\/innen finden Sie <a href=\"https:\/\/pafak3.wiwi.uni-siegen.de\/info\/kontakt\/pruefungsausschuesse\/vorsitzende\/\" target=\"_blank\" rel=\"noopener\">hier<\/a>.<\/p>\n","protected":false},"excerpt":{"rendered":"<p>Pr\u00fcfungsaussch\u00fcsse F\u00fcr die einzelnen Studieng\u00e4nge bildet die Fakult\u00e4t zum Zwecke der Organisation der Pr\u00fcfungen und der durch die jeweiligen Pr\u00fcfungsordnungen (Rahmenpr\u00fcfungsordnung und Fachpr\u00fcfungsordnung) zugewiesenen Aufgaben zust\u00e4ndige Pr\u00fcfungsaussch\u00fcsse. Ein Pr\u00fcfungsausschuss besteht aus der oder dem Vorsitzenden und der Stellvertreterin oder dem Stellvertreter, die beide aus der Gruppe der Hochschullehrerinnen und Hochschullehrer stammen, sowie weiteren stimmberechtigten Mitgliedern [&hellip;]<\/p>\n","protected":false},"author":2,"featured_media":0,"parent":32,"menu_order":3,"comment_status":"closed","ping_status":"closed","template":"","meta":{"footnotes":""},"class_list":["post-85","page","type-page","status-publish","hentry"],"_links":{"self":[{"href":"https:\/\/pafak3.wiwi.uni-siegen.de\/info\/wp-json\/wp\/v2\/pages\/85","targetHints":{"allow":["GET"]}}],"collection":[{"href":"https:\/\/pafak3.wiwi.uni-siegen.de\/info\/wp-json\/wp\/v2\/pages"}],"about":[{"href":"https:\/\/pafak3.wiwi.uni-siegen.de\/info\/wp-json\/wp\/v2\/types\/page"}],"author":[{"embeddable":true,"href":"https:\/\/pafak3.wiwi.uni-siegen.de\/info\/wp-json\/wp\/v2\/users\/2"}],"replies":[{"embeddable":true,"href":"https:\/\/pafak3.wiwi.uni-siegen.de\/info\/wp-json\/wp\/v2\/comments?post=85"}],"version-history":[{"count":12,"href":"https:\/\/pafak3.wiwi.uni-siegen.de\/info\/wp-json\/wp\/v2\/pages\/85\/revisions"}],"predecessor-version":[{"id":4680,"href":"https:\/\/pafak3.wiwi.uni-siegen.de\/info\/wp-json\/wp\/v2\/pages\/85\/revisions\/4680"}],"up":[{"embeddable":true,"href":"https:\/\/pafak3.wiwi.uni-siegen.de\/info\/wp-json\/wp\/v2\/pages\/32"}],"wp:attachment":[{"href":"https:\/\/pafak3.wiwi.uni-siegen.de\/info\/wp-json\/wp\/v2\/media?parent=85"}],"curies":[{"name":"wp","href":"https:\/\/api.w.org\/{rel}","templated":true}]}}